{"id":5303,"date":"2024-07-11T07:36:41","date_gmt":"2024-07-11T09:36:41","guid":{"rendered":"https:\/\/www.minandovoy.com\/?post_type=product&#038;p=5303"},"modified":"2026-02-23T13:17:41","modified_gmt":"2026-02-23T12:17:41","slug":"nerdaxe-ultra-microminero-asic-de-bitcoin","status":"publish","type":"product","link":"https:\/\/pruebas.michollo.to\/it\/prodotto\/nerdaxe-ultra-bitcoin-asic-microminero\/","title":{"rendered":"NerdAxe Ultra 550 GH\/s - Bitcoin ASIC Microminer"},"content":{"rendered":"<h3>Portate il vostro mining a un livello superiore: l'evoluzione definitiva per appassionati e professionisti<\/h3>\n<p>Preparatevi a trasformare la vostra esperienza di mining! Questo dispositivo ASIC all'avanguardia, dotato dell'innovativo chip BM1366 sviluppato da Bitmaker, ridefinisce gli standard di prestazioni ed efficienza nel mining di Bitcoin. \u00c8 la soluzione ideale per chi vuole ottimizzare il proprio sistema e raggiungere nuovi livelli di redditivit\u00e0.<\/p>\n<h4><strong>Potenza ed efficienza ineguagliabili<\/strong><\/h4>\n<p>Se si dispone gi\u00e0 di un'attrezzatura per il mining, questo kit di aggiornamento aumenta la velocit\u00e0 di elaborazione da 75 KH\/s a ben 75 KH\/s. <strong>550 GH\/s<\/strong>moltiplicando la capacit\u00e0 di estrazione di quasi 9 milioni di volte. \u00c8 disponibile anche come soluzione completa, che include una nuova scheda e un nuovo display, in modo da poter configurare un sistema ad alte prestazioni fin da subito.<\/p>\n<p>Questa macchina \u00e8 perfetta per i minatori indipendenti che desiderano competere per la ricompensa del blocco Bitcoin di 3.125 BTC. Grazie al suo design efficiente e compatto, \u00e8 l'alleato ideale per massimizzare il vostro potenziale di mining di criptovalute.<\/p>\n<h4><strong>Caratteristiche principali<\/strong><\/h4>\n<ul>\n<li><strong>Consumo energetico ottimizzato<\/strong>Con un consumo di energia di soli 12 watt, questa macchina offre un rendimento fino a 550 GH\/s. Il suo design efficiente \u00e8 perfetto per i minatori domestici che cercano risultati senza spendere troppo in energia.<\/li>\n<li><strong>Personalizzazione avanzata<\/strong>AXE OS: funziona su AXE OS, un sistema operativo open source che offre il pieno controllo delle operazioni. Regolate le impostazioni, ottimizzate le prestazioni e condividete le conoscenze con la comunit\u00e0 di utenti su Bitaxe.org e il suo server Discord.<\/li>\n<\/ul>\n<h4><strong>Contenuto della confezione<\/strong><\/h4>\n<ul>\n<li>Attrezzatura completamente assemblata<\/li>\n<li>Alimentazione 5V\/5A (compatibile con 110-230V)<\/li>\n<li>Nota: potrebbe essere necessario un cavo di alimentazione adatto alla propria regione.<\/li>\n<\/ul>\n<h4><strong>Un passo avanti per un'estrazione efficiente<\/strong><\/h4>\n<p>Compatta, silenziosa e altamente efficiente, questa macchina \u00e8 stata progettata per coloro che desiderano prestazioni eccezionali senza problemi. \u00c8 il futuro del micro-mining di criptovalute, che combina facilit\u00e0 d'uso e tecnologia avanzata.<\/p>\n<p><strong>Prendete il vostro e portate la vostra attivit\u00e0 mineraria a nuovi livelli oggi stesso!<\/strong><\/p>","protected":false},"excerpt":{"rendered":"<p>Lleva tu miner\u00eda al siguiente nivel: la evoluci\u00f3n definitiva para entusiastas y profesionales \u00a1Prep\u00e1rate para transformar tu experiencia de miner\u00eda! Este dispositivo ASIC de \u00faltima generaci\u00f3n, equipado con el innovador chip BM1366 desarrollado por Bitmaker, redefine el est\u00e1ndar de rendimiento y eficiencia en la miner\u00eda de Bitcoin. Es la soluci\u00f3n ideal para quienes buscan optimizar [&hellip;]<\/p>\n","protected":false},"featured_media":5304,"comment_status":"open","ping_status":"closed","template":"","meta":[],"product_brand":[],"product_cat":[15,19],"product_tag":[52,244,137],"class_list":{"0":"post-5303","1":"product","2":"type-product","3":"status-publish","4":"has-post-thumbnail","6":"product_cat-sin-categorizar","7":"product_cat-mineros","8":"product_tag-asic","9":"product_tag-gme","10":"product_tag-mineros-para-principiantes","12":"first","13":"instock","14":"taxable","15":"shipping-taxable","16":"purchasable","17":"product-type-simple"},"_links":{"self":[{"href":"https:\/\/pruebas.michollo.to\/it\/wp-json\/wp\/v2\/product\/5303","targetHints":{"allow":["GET"]}}],"collection":[{"href":"https:\/\/pruebas.michollo.to\/it\/wp-json\/wp\/v2\/product"}],"about":[{"href":"https:\/\/pruebas.michollo.to\/it\/wp-json\/wp\/v2\/types\/product"}],"replies":[{"embeddable":true,"href":"https:\/\/pruebas.michollo.to\/it\/wp-json\/wp\/v2\/comments?post=5303"}],"wp:featuredmedia":[{"embeddable":true,"href":"https:\/\/pruebas.michollo.to\/it\/wp-json\/wp\/v2\/media\/5304"}],"wp:attachment":[{"href":"https:\/\/pruebas.michollo.to\/it\/wp-json\/wp\/v2\/media?parent=5303"}],"wp:term":[{"taxonomy":"product_brand","embeddable":true,"href":"https:\/\/pruebas.michollo.to\/it\/wp-json\/wp\/v2\/product_brand?post=5303"},{"taxonomy":"product_cat","embeddable":true,"href":"https:\/\/pruebas.michollo.to\/it\/wp-json\/wp\/v2\/product_cat?post=5303"},{"taxonomy":"product_tag","embeddable":true,"href":"https:\/\/pruebas.michollo.to\/it\/wp-json\/wp\/v2\/product_tag?post=5303"}],"curies":[{"name":"wp","href":"https:\/\/api.w.org\/{rel}","templated":true}]}}