{"id":6064,"date":"2024-09-09T12:31:57","date_gmt":"2024-09-09T10:31:57","guid":{"rendered":"https:\/\/www.minandovoy.com\/?post_type=product&#038;p=6064"},"modified":"2025-05-09T14:46:59","modified_gmt":"2025-05-09T12:46:59","slug":"dragonball-miner-a40","status":"publish","type":"product","link":"https:\/\/pruebas.michollo.to\/it\/prodotto\/dragonball-miner-a40\/","title":{"rendered":"Minatore Dragonball A40"},"content":{"rendered":"<p>Il modello <strong>A40<\/strong>\u00a0si presenta come una formidabile centrale mineraria, che utilizza l'algoritmo Blake 3 per estrarre\u00a0<strong>Alephium<\/strong>. Il suo tasso di hash \u00e8 <strong>3,3 TH\/s,<\/strong> assicurando efficienza e prestazioni nel campo del mining di criptovalute. Il suo design robusto garantisce stabilit\u00e0 e affidabilit\u00e0, rendendolo la scelta preferita dai minatori che cercano un rendimento ottimale. Dotato di un avanzato sistema di gestione dell'alimentazione, l'A40 consuma <strong>1600<\/strong> W di potenza a 40\u00b0C. Questo modello stabilisce un nuovo standard nell'industria mineraria attenta ai consumi energetici, trovando un equilibrio tra prestazioni elevate e funzionamento sostenibile.<\/p>\n<p>Mettete le mani sull'a40 e portate il vostro mining al livello successivo! \ud83d\udcb0\ud83d\udcbb<\/p>","protected":false},"excerpt":{"rendered":"<p>El modelo A40\u00a0se erige como una formidable potencia minera, que trabaja el algoritmo Blake 3 para minar\u00a0Alephium. Su tasa de hash es de 3.3 TH\/s, asegurando eficiencia y rendimiento en el \u00e1mbito de la miner\u00eda de criptomonedas. Su dise\u00f1o robusto garantiza estabilidad y confiabilidad, convirti\u00e9ndolo en la opci\u00f3n preferida para mineros que buscan una producci\u00f3n [&hellip;]<\/p>\n","protected":false},"featured_media":4856,"comment_status":"open","ping_status":"closed","template":"","meta":[],"product_brand":[],"product_cat":[19],"product_tag":[52,244,138,139],"class_list":{"0":"post-6064","1":"product","2":"type-product","3":"status-publish","4":"has-post-thumbnail","6":"product_cat-mineros","7":"product_tag-asic","8":"product_tag-gme","9":"product_tag-mineros-para-avanzados","10":"product_tag-mineros-para-expertos","12":"first","13":"outofstock","14":"taxable","15":"shipping-taxable","16":"purchasable","17":"product-type-simple"},"_links":{"self":[{"href":"https:\/\/pruebas.michollo.to\/it\/wp-json\/wp\/v2\/product\/6064","targetHints":{"allow":["GET"]}}],"collection":[{"href":"https:\/\/pruebas.michollo.to\/it\/wp-json\/wp\/v2\/product"}],"about":[{"href":"https:\/\/pruebas.michollo.to\/it\/wp-json\/wp\/v2\/types\/product"}],"replies":[{"embeddable":true,"href":"https:\/\/pruebas.michollo.to\/it\/wp-json\/wp\/v2\/comments?post=6064"}],"wp:featuredmedia":[{"embeddable":true,"href":"https:\/\/pruebas.michollo.to\/it\/wp-json\/wp\/v2\/media\/4856"}],"wp:attachment":[{"href":"https:\/\/pruebas.michollo.to\/it\/wp-json\/wp\/v2\/media?parent=6064"}],"wp:term":[{"taxonomy":"product_brand","embeddable":true,"href":"https:\/\/pruebas.michollo.to\/it\/wp-json\/wp\/v2\/product_brand?post=6064"},{"taxonomy":"product_cat","embeddable":true,"href":"https:\/\/pruebas.michollo.to\/it\/wp-json\/wp\/v2\/product_cat?post=6064"},{"taxonomy":"product_tag","embeddable":true,"href":"https:\/\/pruebas.michollo.to\/it\/wp-json\/wp\/v2\/product_tag?post=6064"}],"curies":[{"name":"wp","href":"https:\/\/api.w.org\/{rel}","templated":true}]}}