{"id":938,"date":"2022-11-15T09:32:09","date_gmt":"2022-11-15T11:32:09","guid":{"rendered":"https:\/\/www.minandovoy.com\/?post_type=product&#038;p=938"},"modified":"2025-05-09T14:47:21","modified_gmt":"2025-05-09T12:47:21","slug":"blackminer-l1","status":"publish","type":"product","link":"https:\/\/pruebas.michollo.to\/it\/prodotto\/blackminer-l1\/","title":{"rendered":"Bluestar Blackminer L1"},"content":{"rendered":"<p>Questa macchina si trova all'interno del <a href=\"https:\/\/www.asicminervalue.com\/\">TOP 10<\/a> di macchine pi\u00f9 efficienti dal punto di vista dei costi, che occupano<br \/>\nIl 9\u00b0 posto \u00e8 occupato dal Blackminer L1 da 4,3 Gh. Sopra di esso si trova l'Antminer S19 Pro Hyd 177Th Bitcoin, quindi possiamo dire che<br \/>\nQuesta macchina \u00e8 nella TOP 10.<br \/>\nParliamo in generale delle caratteristiche del Blackminer L1.<br \/>\nPer il momento, si tratta di uno dei pi\u00f9 potenti ASIC per il mining combinato presenti sul mercato, stiamo parlando di<br \/>\nLITECOIN + DOGECOIN.<\/p>\n<h4><em><strong>Conosciamo tutti Bitcoin, vero? Beh, questo potrebbe interessarvi.<\/strong><\/em><\/h4>\n<p>LiteCoin era originariamente un fork di Bitcoin ed \u00e8 uno dei fork di Bitcoin pi\u00f9 utilizzati.<br \/>\ncriptovalute che, attraverso il mining con gli ASIC, possono garantire la redditivit\u00e0 al<br \/>\noperatore.<\/p>\n<h3><strong>MINIERA DI SCRIPT:<\/strong><\/h3>\n<p><a href=\"https:\/\/www.minandovoy.com\/categoria\/mineros\/?algoritmos=scrypt\">Scrypt<\/a> esegue un hash utilizzando una chiave e una serie di punti contrassegnati nell'algoritmo,<br \/>\naggiungendo molto rumore. Il rumore \u00e8 costituito da numeri casuali generati dal<br \/>\nalgoritmo e memorizzato.<br \/>\nLo scopo di questi numeri \u00e8 quello di camuffare i dati chiave per rendere pi\u00f9 difficile la scomposizione dei dati.<br \/>\nblocchi di hash. In definitiva, si tratta di una misura di protezione che impedisce agli individui di<br \/>\nmalintenzionati possono accedere ai dati protetti con Scrypt.<\/p>\n<h3><strong>LITECOIN:<\/strong><\/h3>\n<p>LiteCoin \u00e8 una criptovaluta creata per fornire pagamenti sicuri, economici e veloci,<br \/>\ngrazie alla tecnologia blockchain.<br \/>\nQuando diciamo che \u00e8 un fork di Bitcoin, \u00e8 letteralmente inteso come tale, come questo<br \/>\ncome una piccola versione \"lite\" della grande criptovaluta.<br \/>\nQuesta rete \u00e8 stata lanciata il 13 ottobre 2011.<br \/>\nCon 11 anni di esperienza, \u00e8 riuscita a farsi accettare dai commercianti e dai<br \/>\n\u00e8 stata inserita tra le prime dieci criptovalute per capitalizzazione di mercato<br \/>\nper la maggior parte della sua esistenza.<\/p>\n<h3><strong>DOGECOIN:<\/strong><\/h3>\n<p>Questa criptovaluta \u00e8 nata sul mercato come parte di un meme nel 2013, ma pi\u00f9<br \/>\nin seguito la sua comunit\u00e0 ha preso la decisione di cambiare la rete in AUXPOW, fondendo cos\u00ec la rete AUXPOW con la rete AUXPOW.<br \/>\ncon la rete LTC nel settembre 2014. Questa mossa ha fatto s\u00ec che il valore di Dogecoin<br \/>\nIl numero di nuovi posti di lavoro aumenter\u00e0 di oltre 180% in poche settimane.<br \/>\nLiteCoin \u00e8 la settima criptovaluta pi\u00f9 utilizzata per capitalizzazione di mercato,<br \/>\nQuesto ha permesso a Doge di migliorare significativamente la sua sicurezza, in quanto ha un<br \/>\npotenza di calcolo molto pi\u00f9 elevata.<\/p>\n<p>BLACKMINER L1 4.3GH:<br \/>\nIl modello 4.3GH utilizza l'algoritmo Scrypt, con un consumo energetico di 3.450 W\/ora.<br \/>\nInoltre, \u00e8 considerato di categoria industriale a causa del suo livello di rumore superiore a 70 db.<br \/>\n18\/10\/22 Attualmente genera al giorno: 0,06443292 LTC + 112,6541 DOGE<\/p>\n<p><iframe loading=\"lazy\" title=\"Lettore video di YouTube\" src=\"https:\/\/www.youtube.com\/embed\/RbVABNdXT1c\" width=\"560\" height=\"315\" frameborder=\"0\" allowfullscreen=\"allowfullscreen\"><\/iframe><\/p>","protected":false},"excerpt":{"rendered":"<p>Esta m\u00e1quina, se encuentra dentro del TOP 10 de m\u00e1quinas m\u00e1s rentables, ocupando de el puesto n\u00famero 9 siendo este puesto correspondiente a la Blackminer L1\u00a0 de 4.3 Gh Por encima est\u00e1 la Antminer S19 Pro Hyd\u00a0 177Th de Bitcoin, por lo que podemos decir que dentro del TOP 10 se encuentra esta m\u00e1quina. Vamos [&hellip;]<\/p>\n","protected":false},"featured_media":939,"comment_status":"open","ping_status":"closed","template":"","meta":[],"product_brand":[],"product_cat":[19],"product_tag":[138],"class_list":{"0":"post-938","1":"product","2":"type-product","3":"status-publish","4":"has-post-thumbnail","6":"product_cat-mineros","7":"product_tag-mineros-para-avanzados","9":"first","10":"outofstock","11":"sold-individually","12":"taxable","13":"shipping-taxable","14":"purchasable","15":"product-type-simple"},"_links":{"self":[{"href":"https:\/\/pruebas.michollo.to\/it\/wp-json\/wp\/v2\/product\/938","targetHints":{"allow":["GET"]}}],"collection":[{"href":"https:\/\/pruebas.michollo.to\/it\/wp-json\/wp\/v2\/product"}],"about":[{"href":"https:\/\/pruebas.michollo.to\/it\/wp-json\/wp\/v2\/types\/product"}],"replies":[{"embeddable":true,"href":"https:\/\/pruebas.michollo.to\/it\/wp-json\/wp\/v2\/comments?post=938"}],"wp:featuredmedia":[{"embeddable":true,"href":"https:\/\/pruebas.michollo.to\/it\/wp-json\/wp\/v2\/media\/939"}],"wp:attachment":[{"href":"https:\/\/pruebas.michollo.to\/it\/wp-json\/wp\/v2\/media?parent=938"}],"wp:term":[{"taxonomy":"product_brand","embeddable":true,"href":"https:\/\/pruebas.michollo.to\/it\/wp-json\/wp\/v2\/product_brand?post=938"},{"taxonomy":"product_cat","embeddable":true,"href":"https:\/\/pruebas.michollo.to\/it\/wp-json\/wp\/v2\/product_cat?post=938"},{"taxonomy":"product_tag","embeddable":true,"href":"https:\/\/pruebas.michollo.to\/it\/wp-json\/wp\/v2\/product_tag?post=938"}],"curies":[{"name":"wp","href":"https:\/\/api.w.org\/{rel}","templated":true}]}}