{"id":994,"date":"2022-11-21T14:06:51","date_gmt":"2022-11-21T16:06:51","guid":{"rendered":"https:\/\/www.minandovoy.com\/?post_type=product&#038;p=994"},"modified":"2026-02-23T13:21:53","modified_gmt":"2026-02-23T12:21:53","slug":"antminer-k7-63-5t","status":"publish","type":"product","link":"https:\/\/pruebas.michollo.to\/it\/prodotto\/antminer-k7-63-5t\/","title":{"rendered":"Bitmain Antminer K7 63,5T"},"content":{"rendered":"<h2 id=\"h-consecuencias-del-merge-de-ethereum\">Scommessa sicura per Bitmain, Antminer K7.<\/h2>\n<p>Pensate che non possiamo sorprendervi? Aspettate, restate a leggere tutto!<br \/>\nnuova macchina per <a href=\"https:\/\/www.minandovoy.com\/antminer-k7-nuevo-lanzamiento-de-bitmain\/\">Bitmain ANTMINER K7<\/a>!<\/p>\n<p>Si tratta dell'Antminer K7, che ha una potenza di estrazione di 63,5T e un consumo energetico di 3.080w\/h. Questa macchina estrae l'algoritmo EAGLESONG, la cui unica valuta \u00e8 Nervos.<\/p>\n<p>Hanno un consumo di energia di 3080W all'ora, generano <strong>40$<\/strong> al giorno.<br \/>\nQuesto ASIC estrae l'algoritmo EAGLESONG, la cui unica valuta \u00e8 il noto Nervos.<\/p>\n<div class=\"asicminer-widget-container\" style=\"width: 100%; min-height: 300px;\">\n            <iframe id=\"asicminer-widget-6172\" \n                    src=\"https:\/\/pruebas.michollo.to\/wp-content\/themes\/minandovoy\/proxy-widget.php?miner=bitmain\/antminer-k7-63-5th&#038;type=profit&#038;theme=dark\" \n                    width=\"100%\" \n                    height=\"300\" \n                    frameborder=\"0\"\n                    loading=\"lazy\"\n                    style=\"border: none; overflow: hidden;\"\n                    title=\"ASIC Miner Widget\">\n            <\/iframe>\n        <\/div>\n<p>Vi raccontiamo qualcosa in pi\u00f9:<\/p>\n<p><b>Nervos e la sua rete mineraria:<\/b><\/p>\n<p>Il mining di Nervos (CKB) si riferisce al processo di convalida delle transazioni e alla sicurezza della rete della piattaforma blockchain Nervos, che utilizza l'algoritmo di consenso Proof-of-Work (PoW).<\/p>\n<ol>\n<li><strong>Algoritmo di consenso<\/strong>Nervos utilizza l'algoritmo di consenso Proof-of-Work (PoW) per garantire la sicurezza e l'integrit\u00e0 della rete. PoW prevede che i minatori risolvano complessi problemi crittografici utilizzando la loro potenza di elaborazione e competendo per trovare la soluzione corretta.<\/li>\n<li><strong>Algoritmo di hashing:<\/strong> L'algoritmo di hashing utilizzato nel mining di Nervos \u00e8 Eaglesong. Eaglesong \u00e8 un algoritmo di hashing crittografico progettato appositamente per Nervos e viene utilizzato per calcolare i blocchi della blockchain e garantire l'integrit\u00e0 delle transazioni.<\/li>\n<li><strong>Ricompense minerarie<\/strong>I minatori di Nervos ricevono ricompense per la loro partecipazione al processo di mining. Le ricompense comprendono sia le monete CKB create di recente che le commissioni di transazione pagate dagli utenti. Le ricompense sono distribuite tra i minatori in base alla loro potenza di hashing e al loro contributo al processo di mining.<\/li>\n<li><strong>Attrezzature per l'estrazione mineraria<\/strong>Il mining di Nervos pu\u00f2 essere effettuato utilizzando hardware ASIC, come la nuova macchina rilasciata da Bitmain, l'Antminer K7 63.5T.<\/li>\n<li><strong>Pool di estrazione mineraria<\/strong>Come per altre criptovalute, i minatori di Nervos hanno la possibilit\u00e0 di unirsi a pool di mining. I pool di mining consentono ai minatori di combinare la loro potenza di hashing e di aumentare le possibilit\u00e0 di risolvere i blocchi e di ricevere ricompense con maggiore regolarit\u00e0. Le ricompense sono distribuite tra i membri del pool in base al loro contributo relativo alla potenza di hashing totale del pool.<\/li>\n<li><strong>Redditivit\u00e0 e fattori da considerare<\/strong>La redditivit\u00e0 del mining di Nervos dipende da diversi fattori, come il costo dell'elettricit\u00e0, il prezzo delle criptovalute, la difficolt\u00e0 della rete e l'efficienza dell'hardware utilizzato. \u00c8 importante considerare questi fattori ed eseguire calcoli di redditivit\u00e0 prima di intraprendere l'attivit\u00e0 di mining.<\/li>\n<\/ol>\n<p><strong>Gettone CKB<\/strong><\/p>\n<p>Il token CKB \u00e8 la criptovaluta nativa della piattaforma blockchain di Nervos Network.<\/p>\n<ol>\n<li>F<strong>unzione e utilit\u00e0<\/strong>CKB, abbreviazione di \"Common Knowledge Base\", \u00e8 utilizzato come valuta nativa nella rete Nervos. Ha diverse funzioni e utilit\u00e0 all'interno dell'ecosistema Nervos:\n<ul>\n<li>Pagamento delle commissioni: Gli utenti della rete Nervos devono pagare una piccola quantit\u00e0 di CKB come commissione per l'invio di transazioni o l'esecuzione di contratti intelligenti sulla rete.<\/li>\n<li>Incentivi per i minatori: i minatori che proteggono la rete e convalidano le transazioni ricevono anche ricompense sotto forma di nuove monete CKB. Queste ricompense sono una combinazione di blocchi appena generati e di commissioni di transazione raccolte.<\/li>\n<li>Partecipazione alla governance: i titolari di CKB possono partecipare alla governance della rete, ad esempio votando sulle proposte di miglioramento e partecipando al processo decisionale relativo all'evoluzione e allo sviluppo della rete Nervos.<\/li>\n<\/ul>\n<\/li>\n<li><strong>Fornitura ed emissione<\/strong>L'offerta totale di CKB \u00e8 di circa 33,6 miliardi di token. A differenza di alcune criptovalute con offerta fissa, Nervos ha un modello di emissione inflazionistico, progettato per incentivare la partecipazione dei minatori e garantire la sicurezza a lungo termine della rete. L'emissione di CKB \u00e8 destinata a diminuire gradualmente nel tempo.<\/li>\n<li><strong>Interoperabilit\u00e0<\/strong>Il token CKB supporta gli standard di interoperabilit\u00e0, il che significa che pu\u00f2 essere utilizzato in applicazioni e servizi sia all'interno che all'esterno dell'ecosistema Nervos. Ci\u00f2 consente il trasferimento di valore tra diverse blockchain e promuove l'integrazione di Nervos con altri progetti e piattaforme.<\/li>\n<li><strong>Conservazione del valore<\/strong>Oltre alla sua utilit\u00e0 all'interno dell'ecosistema Nervos, il token CKB pu\u00f2 essere utilizzato anche come forma di riserva di valore. Gli utenti possono detenere CKB come investimento a lungo termine, approfittando della crescente adozione di Nervos e della domanda di criptovaluta.<\/li>\n<li><strong>Mercati e scambi<\/strong>Gettone CKB: Il gettone CKB \u00e8 quotato su diverse borse di criptovalute, consentendo agli utenti di acquistarlo, venderlo e scambiarlo. Come altre criptovalute, il prezzo di CKB \u00e8 soggetto alla domanda e all'offerta del mercato, nonch\u00e9 ad altri fattori esterni che possono influenzarne il valore.<\/li>\n<\/ol>\n<p>&nbsp;<\/p>\n<p>&nbsp;<\/p>","protected":false},"excerpt":{"rendered":"<p>Apuesta segura para Bitmain, Antminer K7. \u00bfCrees que no podemos sorprenderte? \u00a1Espera, qu\u00e9date a leer todo sobre esta nueva m\u00e1quina de Bitmain ANTMINER K7! Se trata de la Antminer K7, que cuenta con una potencia de minado de 63.5T y un consumo el\u00e9ctrico de 3.080w\/h. Esta m\u00e1quina mina el algoritmo EAGLESONG, cuya \u00fanica moneda es [&hellip;]<\/p>\n","protected":false},"featured_media":995,"comment_status":"open","ping_status":"closed","template":"","meta":[],"product_brand":[],"product_cat":[19],"product_tag":[138],"class_list":{"0":"post-994","1":"product","2":"type-product","3":"status-publish","4":"has-post-thumbnail","6":"product_cat-mineros","7":"product_tag-mineros-para-avanzados","9":"first","10":"instock","11":"taxable","12":"shipping-taxable","13":"purchasable","14":"product-type-simple"},"_links":{"self":[{"href":"https:\/\/pruebas.michollo.to\/it\/wp-json\/wp\/v2\/product\/994","targetHints":{"allow":["GET"]}}],"collection":[{"href":"https:\/\/pruebas.michollo.to\/it\/wp-json\/wp\/v2\/product"}],"about":[{"href":"https:\/\/pruebas.michollo.to\/it\/wp-json\/wp\/v2\/types\/product"}],"replies":[{"embeddable":true,"href":"https:\/\/pruebas.michollo.to\/it\/wp-json\/wp\/v2\/comments?post=994"}],"wp:featuredmedia":[{"embeddable":true,"href":"https:\/\/pruebas.michollo.to\/it\/wp-json\/wp\/v2\/media\/995"}],"wp:attachment":[{"href":"https:\/\/pruebas.michollo.to\/it\/wp-json\/wp\/v2\/media?parent=994"}],"wp:term":[{"taxonomy":"product_brand","embeddable":true,"href":"https:\/\/pruebas.michollo.to\/it\/wp-json\/wp\/v2\/product_brand?post=994"},{"taxonomy":"product_cat","embeddable":true,"href":"https:\/\/pruebas.michollo.to\/it\/wp-json\/wp\/v2\/product_cat?post=994"},{"taxonomy":"product_tag","embeddable":true,"href":"https:\/\/pruebas.michollo.to\/it\/wp-json\/wp\/v2\/product_tag?post=994"}],"curies":[{"name":"wp","href":"https:\/\/api.w.org\/{rel}","templated":true}]}}