{"id":3,"date":"2022-08-03T04:44:45","date_gmt":"2022-08-03T08:44:45","guid":{"rendered":"http:\/\/localhost\/?page_id=3"},"modified":"2026-01-22T13:32:32","modified_gmt":"2026-01-22T12:32:32","slug":"politica-de-privacidad","status":"publish","type":"page","link":"https:\/\/pruebas.michollo.to\/pt\/politica-de-privacidade\/","title":{"rendered":"Pol\u00edtica de privacidade"},"content":{"rendered":"<p>A atualidade&nbsp;<strong>Pol\u00edtica de privacidade<\/strong>&nbsp;estabelece os termos em que a Minando Voy utiliza e protege as informa\u00e7\u00f5es que o utilizador nos fornece quando utiliza este s\u00edtio Web. Esta empresa est\u00e1 empenhada na seguran\u00e7a dos dados dos seus utilizadores. Quando pedimos ao utilizador que preencha informa\u00e7\u00f5es pessoais atrav\u00e9s das quais possa ser identificado, fazemo-lo com a garantia de que as mesmas apenas ser\u00e3o utilizadas de acordo com os termos do presente documento. No entanto, esta Pol\u00edtica de Privacidade pode mudar com o tempo ou ser actualizada e encorajamo-lo a rever continuamente esta p\u00e1gina para garantir que est\u00e1 satisfeito com quaisquer altera\u00e7\u00f5es.<\/p>\n\n\n\n<h2 class=\"wp-block-heading\"><strong>Informa\u00e7\u00f5es recolhidas<\/strong><\/h2>\n\n\n\n<p>O nosso s\u00edtio Web pode recolher informa\u00e7\u00f5es pessoais, como o nome, informa\u00e7\u00f5es de contacto, como o seu endere\u00e7o de correio eletr\u00f3nico e informa\u00e7\u00f5es demogr\u00e1ficas. Al\u00e9m disso, quando necess\u00e1rio, podem ser solicitadas informa\u00e7\u00f5es espec\u00edficas para processar uma encomenda ou efetuar uma entrega ou fatura\u00e7\u00e3o.<\/p>\n\n\n\n<h2 class=\"wp-block-heading\"><strong>Utiliza\u00e7\u00e3o das informa\u00e7\u00f5es recolhidas<\/strong><\/h2>\n\n\n\n<p>O nosso s\u00edtio Web utiliza as informa\u00e7\u00f5es para lhe prestar o melhor servi\u00e7o poss\u00edvel, em especial para acompanhar os utilizadores, para acompanhar as encomendas, quando aplic\u00e1vel, e para melhorar os nossos produtos e servi\u00e7os.  Podemos enviar periodicamente mensagens de correio eletr\u00f3nico atrav\u00e9s do nosso s\u00edtio com ofertas especiais, novos produtos e outras informa\u00e7\u00f5es de marketing que pensamos serem relevantes para o utilizador ou que possam ser ben\u00e9ficas para o mesmo. Estas mensagens de correio eletr\u00f3nico ser\u00e3o enviadas para o endere\u00e7o fornecido pelo utilizador e podem ser anuladas a qualquer momento.<\/p>\n\n\n\n<p>A Minando Voy est\u00e1 altamente empenhada em cumprir o nosso compromisso de manter as suas informa\u00e7\u00f5es seguras. Utilizamos os sistemas mais avan\u00e7ados e actualizamo-los constantemente para garantir que n\u00e3o haja acesso n\u00e3o autorizado.<\/p>\n\n\n\n<h2 class=\"wp-block-heading\"><strong>Biscoitos<\/strong><\/h2>\n\n\n\n<p>Um cookie refere-se a um ficheiro que \u00e9 enviado com o objetivo de pedir permiss\u00e3o para ser armazenado no seu computador, ao aceitar este ficheiro \u00e9 criado e o cookie serve ent\u00e3o para ter informa\u00e7\u00e3o relativa ao tr\u00e1fego da web, e tamb\u00e9m facilita futuras recorr\u00eancias. Outra fun\u00e7\u00e3o que os cookies t\u00eam \u00e9 que com eles a web pode reconhec\u00ea-lo individualmente e, portanto, fornecer-lhe o melhor servi\u00e7o personalizado no seu s\u00edtio web.<\/p>\n\n\n\n<p>O nosso s\u00edtio Web utiliza cookies para poder identificar as p\u00e1ginas que s\u00e3o visitadas e a sua frequ\u00eancia. Esta informa\u00e7\u00e3o \u00e9 utilizada apenas para an\u00e1lise estat\u00edstica e depois \u00e9 apagada permanentemente. Pode apagar os cookies em qualquer altura do seu computador. No entanto, os cookies ajudam a fornecer um melhor servi\u00e7o dos s\u00edtios Web, n\u00e3o d\u00e3o acesso a informa\u00e7\u00f5es sobre o seu computador ou sobre si, a menos que opte por fornec\u00ea-las diretamente. Pode aceitar ou recusar a utiliza\u00e7\u00e3o de cookies, mas a maioria dos programas de navega\u00e7\u00e3o aceita automaticamente os cookies para fornecer um melhor servi\u00e7o Web. Tamb\u00e9m pode alterar as defini\u00e7\u00f5es do seu computador para recusar os cookies. Se recusar os cookies, poder\u00e1 n\u00e3o conseguir utilizar alguns dos nossos servi\u00e7os.<\/p>\n\n\n\n<h2 class=\"wp-block-heading\"><strong>Liga\u00e7\u00f5es a terceiros<\/strong><\/h2>\n\n\n\n<p>Este s\u00edtio Web pode conter liga\u00e7\u00f5es a outros s\u00edtios Web que podem ser do seu interesse. Quando clicar nessas liga\u00e7\u00f5es e sair do nosso s\u00edtio, deixamos de ter controlo sobre o s\u00edtio para o qual foi redireccionado e, por conseguinte, n\u00e3o somos respons\u00e1veis pelos termos ou pr\u00e1ticas de privacidade ou de prote\u00e7\u00e3o de dados desses outros s\u00edtios. Estes s\u00edtios est\u00e3o sujeitos \u00e0s suas pr\u00f3prias pol\u00edticas de privacidade e o utilizador deve verific\u00e1-las para se certificar de que est\u00e1 satisfeito com elas.<\/p>\n\n\n\n<h2 class=\"wp-block-heading\"><strong>Controlo das suas informa\u00e7\u00f5es pessoais<\/strong><\/h2>\n\n\n\n<p>O utilizador pode, a qualquer momento, restringir a recolha ou a utiliza\u00e7\u00e3o das informa\u00e7\u00f5es pessoais que fornece ao nosso s\u00edtio Web.  Sempre que lhe for solicitado o preenchimento de um formul\u00e1rio, como um formul\u00e1rio de registo, pode marcar ou desmarcar a op\u00e7\u00e3o de receber informa\u00e7\u00f5es por correio eletr\u00f3nico.  Caso tenha assinalado a op\u00e7\u00e3o de receber a nossa newsletter ou publicidade, pode cancel\u00e1-la em qualquer altura.<\/p>\n\n\n\n<p>A Minando Voy n\u00e3o vender\u00e1, ceder\u00e1 ou distribuir\u00e1 as informa\u00e7\u00f5es pessoais recolhidas sem o seu consentimento, exceto se tal for exigido por um juiz atrav\u00e9s de uma ordem judicial.<\/p>\n\n\n\n<p>&nbsp;Reservamo-nos o direito de alterar os termos da presente Pol\u00edtica de Privacidade em qualquer altura.<\/p>\n\n\n\n<h2 class=\"wp-block-heading\"><\/h2>","protected":false},"excerpt":{"rendered":"<p>El presente&nbsp;Pol\u00edtica de Privacidad&nbsp;establece los t\u00e9rminos en que Minando Voy usa y protege la informaci\u00f3n que es proporcionada por sus usuarios al momento de utilizar su sitio web. Esta compa\u00f1\u00eda est\u00e1 comprometida con la seguridad de los datos de sus usuarios. Cuando le pedimos llenar los campos de informaci\u00f3n personal con la cual usted pueda [&hellip;]<\/p>\n","protected":false},"author":1,"featured_media":0,"parent":0,"menu_order":0,"comment_status":"closed","ping_status":"closed","template":"page-privacidad.php","meta":{"footnotes":""},"class_list":["post-3","page","type-page","status-publish","hentry"],"_links":{"self":[{"href":"https:\/\/pruebas.michollo.to\/pt\/wp-json\/wp\/v2\/pages\/3","targetHints":{"allow":["GET"]}}],"collection":[{"href":"https:\/\/pruebas.michollo.to\/pt\/wp-json\/wp\/v2\/pages"}],"about":[{"href":"https:\/\/pruebas.michollo.to\/pt\/wp-json\/wp\/v2\/types\/page"}],"author":[{"embeddable":true,"href":"https:\/\/pruebas.michollo.to\/pt\/wp-json\/wp\/v2\/users\/1"}],"replies":[{"embeddable":true,"href":"https:\/\/pruebas.michollo.to\/pt\/wp-json\/wp\/v2\/comments?post=3"}],"version-history":[{"count":3,"href":"https:\/\/pruebas.michollo.to\/pt\/wp-json\/wp\/v2\/pages\/3\/revisions"}],"predecessor-version":[{"id":20328,"href":"https:\/\/pruebas.michollo.to\/pt\/wp-json\/wp\/v2\/pages\/3\/revisions\/20328"}],"wp:attachment":[{"href":"https:\/\/pruebas.michollo.to\/pt\/wp-json\/wp\/v2\/media?parent=3"}],"curies":[{"name":"wp","href":"https:\/\/api.w.org\/{rel}","templated":true}]}}