{"id":1032,"date":"2022-11-28T09:57:07","date_gmt":"2022-11-28T11:57:07","guid":{"rendered":"https:\/\/www.minandovoy.com\/?post_type=product&#038;p=1032"},"modified":"2025-09-04T10:35:51","modified_gmt":"2025-09-04T08:35:51","slug":"fuente-de-alimentacion-2-000w","status":"publish","type":"product","link":"https:\/\/pruebas.michollo.to\/pt\/produto\/fonte-de-alimentacao-2-000w\/","title":{"rendered":"Fonte de alimenta\u00e7\u00e3o 2.000W"},"content":{"rendered":"<p><span class=\"a-list-item\">Esta fonte de alimenta\u00e7\u00e3o \u00e9 adequada para m\u00e1quinas de minera\u00e7\u00e3o BTC ETH ETC ZEC ZEC ZCASH DGB XMR compat\u00edveis com Antminers S9, L3 + e outras m\u00e1quinas de minera\u00e7\u00e3o de marca.<\/span><\/p>\n<ul>\n<li><span class=\"a-list-item\">Fonte de alimenta\u00e7\u00e3o para m\u00e1quinas de 2000W: 10 * 6PIN <\/span><\/li>\n<li><span class=\"a-list-item\">Tamanho de uma unidade: 240 mm * 110 m * 60 mm<\/span><\/li>\n<\/ul>\n<p><span class=\"a-list-item\">\u00a0A fonte de alimenta\u00e7\u00e3o para m\u00e1quinas mineiras tem uma pot\u00eancia de sa\u00edda nominal de 2000 W, uma tens\u00e3o de 110-240 V e uma efici\u00eancia de convers\u00e3o de at\u00e9 95 %. A velocidade do ventilador \u00e9 de at\u00e9 1500 RPM, compat\u00edvel com o equil\u00edbrio de qualidade, efici\u00eancia e estabilidade para alcan\u00e7ar uma sa\u00edda de energia ativa cont\u00ednua e poupar custos.<\/span><\/p>\n<p><span class=\"a-list-item\">Esta fonte de alimenta\u00e7\u00e3o mineira tem 18 tipos de linhas de sa\u00edda de cobre s\u00f3lido e est\u00e1 equipada com m\u00faltiplas protec\u00e7\u00f5es de fonte de alimenta\u00e7\u00e3o. Quando o circuito de alimenta\u00e7\u00e3o falha ou a temperatura interna da fonte de alimenta\u00e7\u00e3o \u00e9 alta, ela desliga-se automaticamente para proteger o mineiro.<\/span><\/p>","protected":false},"excerpt":{"rendered":"<p>Esta fuente alimentaci\u00f3n a es adecuada para m\u00e1quinas mineras BTC ETH ETC ZEC ZEC ZCASH DGB XMR compatibles con Antminers S9, L3+ y otras m\u00e1quinas mineras de marca. La fuente de alimentaci\u00f3n de las m\u00e1quinas 2000W: 10 * 6PIN Tama\u00f1o de unidad \u00fanica: 240 mm * 110 m * 60 mm \u00a0La fuente de alimentaci\u00f3n [&hellip;]<\/p>\n","protected":false},"featured_media":1033,"comment_status":"open","ping_status":"closed","template":"","meta":[],"product_brand":[],"product_cat":[20],"product_tag":[52,244,138],"class_list":{"0":"post-1032","1":"product","2":"type-product","3":"status-publish","4":"has-post-thumbnail","6":"product_cat-componentes","7":"product_tag-asic","8":"product_tag-gme","9":"product_tag-mineros-para-avanzados","11":"first","12":"instock","13":"taxable","14":"shipping-taxable","15":"purchasable","16":"product-type-simple"},"_links":{"self":[{"href":"https:\/\/pruebas.michollo.to\/pt\/wp-json\/wp\/v2\/product\/1032","targetHints":{"allow":["GET"]}}],"collection":[{"href":"https:\/\/pruebas.michollo.to\/pt\/wp-json\/wp\/v2\/product"}],"about":[{"href":"https:\/\/pruebas.michollo.to\/pt\/wp-json\/wp\/v2\/types\/product"}],"replies":[{"embeddable":true,"href":"https:\/\/pruebas.michollo.to\/pt\/wp-json\/wp\/v2\/comments?post=1032"}],"wp:featuredmedia":[{"embeddable":true,"href":"https:\/\/pruebas.michollo.to\/pt\/wp-json\/wp\/v2\/media\/1033"}],"wp:attachment":[{"href":"https:\/\/pruebas.michollo.to\/pt\/wp-json\/wp\/v2\/media?parent=1032"}],"wp:term":[{"taxonomy":"product_brand","embeddable":true,"href":"https:\/\/pruebas.michollo.to\/pt\/wp-json\/wp\/v2\/product_brand?post=1032"},{"taxonomy":"product_cat","embeddable":true,"href":"https:\/\/pruebas.michollo.to\/pt\/wp-json\/wp\/v2\/product_cat?post=1032"},{"taxonomy":"product_tag","embeddable":true,"href":"https:\/\/pruebas.michollo.to\/pt\/wp-json\/wp\/v2\/product_tag?post=1032"}],"curies":[{"name":"wp","href":"https:\/\/api.w.org\/{rel}","templated":true}]}}