{"id":1103,"date":"2022-11-29T12:30:59","date_gmt":"2022-11-29T14:30:59","guid":{"rendered":"https:\/\/www.minandovoy.com\/?post_type=product&#038;p=1103"},"modified":"2026-02-23T13:35:38","modified_gmt":"2026-02-23T12:35:38","slug":"antminer-s19-hyd","status":"publish","type":"product","link":"https:\/\/pruebas.michollo.to\/pt\/produto\/antminer-s19-hyd\/","title":{"rendered":"Antminer S19 HYD 145\/151\/158T"},"content":{"rendered":"<h5>Antminer S19 HYD<\/h5>\n<p>Antminer S19 HYD a nova m\u00e1quina para a <a href=\"https:\/\/www.minandovoy.com\/categoria\/mineros\/?algoritmos=sha-256\">Minera\u00e7\u00e3o de bitcoin<\/a> (SHA-256) com uma pot\u00eancia computacional de 145\/151\/158T e um consumo de energia de 5451W\/Hora.<\/p>\n<p>Este equipamento est\u00e1 a produzir a partir de hoje (158T) (29\/11\/2022) <span class=\"money-symbol unit\">$<\/span>\u00a0<span class=\"price-val money-val\" data-usd-per=\"0.06931895\" data-usd=\"0.06931895\" data-rule=\"formatPriceWithoutSeparator\">9,11<\/span><span class=\"price-val money-val\" data-usd-per=\"0.06931895\" data-usd=\"0.06931895\" data-rule=\"formatPriceWithoutSeparator\">que seria igual a <span class=\"pl-1 profit-val info-value\" data-profit=\"0.00000341\">0.00053878<\/span>\u00a0<span class=\"pl-1 info-value\">BTC<\/span><\/span><\/p>\n<p>Se recuarmos no tempo para o pico mais alto em que esta criptomoeda esteve, ir\u00edamos para outubro de 2021 quando valia 64,300$, o que significa que o Antminer S19 HYD estaria a render aproximadamente 34,64$ por dia.<\/p>\n<p>\u00c9 arrefecida hidraulicamente, a grande vantagem \u00e9 que evita o sobreaquecimento da m\u00e1quina e o ru\u00eddo que gera \u00e9 quase nulo, uma vez que n\u00e3o monta ventoinhas de grande fluxo.<\/p>\n<h3><b>O que \u00e9 a Bitmain?<\/b><\/h3>\n<p><em>Bitmain<\/em>\u00a0\u00e9 uma empresa sediada em Pequim, na China. \u00c9 considerada uma das empresas mais importantes no sector das criptomoedas por produzir hardware de minera\u00e7\u00e3o de alta qualidade com enormes capacidades de minera\u00e7\u00e3o e pelos seus avan\u00e7os tecnol\u00f3gicos. \u00c9 o maior designer mundial de equipamento de minera\u00e7\u00e3o de criptomoedas.\u00a0<em>ASIC<\/em>\u00a0para a extra\u00e7\u00e3o mineira\u00a0<em>Bitcoin<\/em>.<\/p>\n<p>A Bitmain \u00e9 sobretudo conhecida pelo seu hardware Bitcoin, embora esteja interessada em projectos que tragam solidez ao seu neg\u00f3cio, como o Ethereum\/Ethereum Classic.<\/p>\n<p>Em abril de 2021, o grande fabricante anunciou o lan\u00e7amento de uma m\u00e1quina de minera\u00e7\u00e3o Ethereum, a Antminer E9. Esta verdadeira besta tem o poder equivalente a 25 GPUs Nvidia RTX 3080.<\/p>\n<p>&nbsp;<\/p>\n<h3><strong>UM POUCO SOBRE <a href=\"https:\/\/coinmarketcap.com\/es\/currencies\/bitcoin\/\">BITCOIN<\/a><\/strong><\/h3>\n<p>\u00c9 a primeira criptomoeda desenvolvida e, por conseguinte, a que abriu caminho a todas as outras que surgiram posteriormente, utilizando a sua tecnologia denominada cadeia de blocos.<\/p>\n<p>H\u00e1 uma quantidade de Bitcoins que s\u00e3o emitidos todos os anos e esta quantidade \u00e9 determinada pelo seu algoritmo, a cada 4 anos a sua produ\u00e7\u00e3o \u00e9 reduzida em dois, de modo a que apenas um total de 21 milh\u00f5es de Bitcoins sejam emitidos.<\/p>\n<p>Esta \u00e9 a grande diferen\u00e7a em rela\u00e7\u00e3o \u00e0s moedas convencionais, uma vez que os bancos alteram o valor. Isto significa que a criptomoeda, neste caso o Bitcoin, pode oferecer mais estabilidade enquanto as moedas convencionais se desvalorizam.<\/p>\n<p>Atualmente, as criptomoedas s\u00e3o utilizadas como m\u00e9todo de pagamento em muitas plataformas, sendo a moeda de troca, na maioria dos casos, a Bitcoin, uma vez que s\u00e3o seguras e privadas.<\/p>\n<p>&nbsp;<\/p>\n<h3><strong>PRINCIPAIS VANTAGENS DA BITCOIN<\/strong><\/h3>\n<ol>\n<li>Rapidez: Envie dinheiro para si pr\u00f3prio, independentemente do montante e do destino, numa quest\u00e3o de minutos.<\/li>\n<li>Barato: Ao fazer uma transfer\u00eancia atrav\u00e9s do seu banco pode custar-lhe muito dinheiro, atrav\u00e9s da Bitcoin o custo \u00e9 gratuito ou apenas alguns c\u00eantimos.<\/li>\n<li>Global: Pode enviar para qualquer parte do mundo, n\u00e3o tem fronteiras.<\/li>\n<li>Descentralizado: nenhum governo\/banco pode control\u00e1-lo, nem na sua cria\u00e7\u00e3o nem na sua distribui\u00e7\u00e3o.<\/li>\n<li>Propriedade: O dinheiro pertence-lhe 100%, n\u00e3o pode ser acedido por ningu\u00e9m, \u00e9 o seu pr\u00f3prio banco.<\/li>\n<li>Transparente:  Todas as transac\u00e7\u00f5es s\u00e3o p\u00fablicas, mas sempre sob pseud\u00f3nimos.<\/li>\n<li>Emiss\u00e3o limitada: Ningu\u00e9m pode gerar milhares de Bitcoins s\u00f3 porque lhe apetece, eles aparecem gra\u00e7as \u00e0 extra\u00e7\u00e3o mineira.<\/li>\n<li>Privado: A Bitcoin tenta preservar a privacidade, a um n\u00edvel muito elevado, embora n\u00e3o seja completamente an\u00f3nima e trabalhe para o ser.<\/li>\n<\/ol>","protected":false},"excerpt":{"rendered":"<p>Antminer S19 HYD Antminer S19 HYD\u00a0 la nueva m\u00e1quina para la miner\u00eda de Bitcoin (SHA-256) con un poder computacional de 145\/151\/158T y un consumo el\u00e9ctrico de\u00a0 5451W\/Hora. Este equipo est\u00e1 produciendo a d\u00eda de hoy (158T) (29\/11\/2022) $\u00a09,11, lo que ser\u00eda igual a 0.00053878\u00a0BTC Si nos movemos de fecha, al pico m\u00e1s alto al que [&hellip;]<\/p>\n","protected":false},"featured_media":1107,"comment_status":"open","ping_status":"closed","template":"","meta":[],"product_brand":[],"product_cat":[19],"product_tag":[138],"class_list":{"0":"post-1103","1":"product","2":"type-product","3":"status-publish","4":"has-post-thumbnail","6":"product_cat-mineros","7":"product_tag-mineros-para-avanzados","9":"first","10":"outofstock","11":"taxable","12":"shipping-taxable","13":"purchasable","14":"product-type-variable"},"_links":{"self":[{"href":"https:\/\/pruebas.michollo.to\/pt\/wp-json\/wp\/v2\/product\/1103","targetHints":{"allow":["GET"]}}],"collection":[{"href":"https:\/\/pruebas.michollo.to\/pt\/wp-json\/wp\/v2\/product"}],"about":[{"href":"https:\/\/pruebas.michollo.to\/pt\/wp-json\/wp\/v2\/types\/product"}],"replies":[{"embeddable":true,"href":"https:\/\/pruebas.michollo.to\/pt\/wp-json\/wp\/v2\/comments?post=1103"}],"wp:featuredmedia":[{"embeddable":true,"href":"https:\/\/pruebas.michollo.to\/pt\/wp-json\/wp\/v2\/media\/1107"}],"wp:attachment":[{"href":"https:\/\/pruebas.michollo.to\/pt\/wp-json\/wp\/v2\/media?parent=1103"}],"wp:term":[{"taxonomy":"product_brand","embeddable":true,"href":"https:\/\/pruebas.michollo.to\/pt\/wp-json\/wp\/v2\/product_brand?post=1103"},{"taxonomy":"product_cat","embeddable":true,"href":"https:\/\/pruebas.michollo.to\/pt\/wp-json\/wp\/v2\/product_cat?post=1103"},{"taxonomy":"product_tag","embeddable":true,"href":"https:\/\/pruebas.michollo.to\/pt\/wp-json\/wp\/v2\/product_tag?post=1103"}],"curies":[{"name":"wp","href":"https:\/\/api.w.org\/{rel}","templated":true}]}}