{"id":1111,"date":"2022-11-29T12:58:38","date_gmt":"2022-11-29T14:58:38","guid":{"rendered":"https:\/\/www.minandovoy.com\/?post_type=product&#038;p=1111"},"modified":"2025-05-09T14:47:19","modified_gmt":"2025-05-09T12:47:19","slug":"whatsminer-m36s-130t-refrigeracion-liquida","status":"publish","type":"product","link":"https:\/\/pruebas.michollo.to\/pt\/produto\/whatsminer-m36s-130t-arrefecimento-liquido\/","title":{"rendered":"Whatsminer M36S 130T (refrigera\u00e7\u00e3o l\u00edquida)"},"content":{"rendered":"<p>Whatsminer M36S - a nova m\u00e1quina para a <a href=\"https:\/\/www.minandovoy.com\/es_es\/categoria\/mineros\/?algoritmos=sha-256\">Minera\u00e7\u00e3o de bitcoin<\/a> (SHA-256) com uma pot\u00eancia computacional de 130T e um consumo de energia de 7000W\/hora.<\/p>\n<p>Este equipamento est\u00e1 a produzir a partir de hoje (31\/10\/2022)\u00a0<span class=\"money-symbol unit\">$<\/span>\u00a0<span class=\"price-val money-val\" data-usd-per=\"0.06931895\" data-usd=\"0.06931895\" data-rule=\"formatPriceWithoutSeparator\">7.28<\/span><span class=\"price-val money-val\" data-usd-per=\"0.06931895\" data-usd=\"0.06931895\" data-rule=\"formatPriceWithoutSeparator\">que seria igual a <span class=\"pl-1 profit-val info-value\" data-profit=\"0.00000341\">0.00044330<\/span>\u00a0<span class=\"pl-1 info-value\">BTC.<\/span><\/span><\/p>\n<p>Se recuarmos para o pico mais alto que esta criptomoeda j\u00e1 atingiu, iremos para outubro de 2021, quando valia 64,300$, o que significa que esta<br \/>\nA m\u00e1quina estaria a dar 28.50$ por dia.<\/p>\n<p>\u00c9 arrefecida hidraulicamente, a grande vantagem \u00e9 que evita o sobreaquecimento da m\u00e1quina e o ru\u00eddo que gera \u00e9 quase nulo, uma vez que n\u00e3o monta ventoinhas de grande fluxo.<\/p>\n<div class=\"currency-container d-inline-block\"><\/div>\n<h4><strong>UM POUCO SOBRE <a href=\"https:\/\/coinmarketcap.com\/es\/currencies\/bitcoin\/\">BITCOIN<\/a><\/strong><\/h4>\n<p>\u00c9 a primeira criptomoeda desenvolvida e, por conseguinte, a que abriu caminho a todas as outras que surgiram posteriormente, utilizando a sua tecnologia denominada cadeia de blocos.<\/p>\n<p>H\u00e1 uma quantidade de Bitcoins que s\u00e3o emitidos todos os anos e esta quantidade \u00e9 determinada pelo seu algoritmo, a cada 4 anos a sua produ\u00e7\u00e3o \u00e9 reduzida em dois, de modo a que apenas um total de 21 milh\u00f5es de Bitcoins sejam emitidos.<\/p>\n<p>Esta \u00e9 a grande diferen\u00e7a em rela\u00e7\u00e3o \u00e0s moedas convencionais, uma vez que os bancos alteram o valor. Isto significa que a criptomoeda, neste caso o Bitcoin, pode oferecer mais estabilidade enquanto as moedas convencionais se desvalorizam.<\/p>\n<p>Atualmente, as criptomoedas s\u00e3o utilizadas como m\u00e9todo de pagamento em muitas plataformas, sendo a moeda de troca, na maioria dos casos, a Bitcoin, uma vez que s\u00e3o seguras e privadas.<\/p>\n<p>&nbsp;<\/p>\n<h4><strong>PRINCIPAIS VANTAGENS DA BITCOIN<\/strong><\/h4>\n<ol>\n<li>Rapidez: Envie dinheiro para si pr\u00f3prio, independentemente do montante e do destino, numa quest\u00e3o de minutos.<\/li>\n<li>Barato: Ao fazer uma transfer\u00eancia atrav\u00e9s do seu banco pode custar-lhe muito dinheiro, atrav\u00e9s da Bitcoin o custo \u00e9 gratuito ou apenas alguns c\u00eantimos.<\/li>\n<li>Global: Pode enviar para qualquer parte do mundo, n\u00e3o tem fronteiras.<\/li>\n<li>Descentralizado: nenhum governo\/banco pode control\u00e1-lo, nem na sua cria\u00e7\u00e3o nem na sua distribui\u00e7\u00e3o.<\/li>\n<li>Propriedade: O dinheiro pertence-lhe 100%, n\u00e3o pode ser acedido por ningu\u00e9m, \u00e9 o seu pr\u00f3prio banco.<\/li>\n<li>Transparente:  Todas as transac\u00e7\u00f5es s\u00e3o p\u00fablicas, mas sempre sob pseud\u00f3nimos.<\/li>\n<li>Emiss\u00e3o limitada: Ningu\u00e9m pode gerar milhares de Bitcoins s\u00f3 porque lhe apetece, eles aparecem gra\u00e7as \u00e0 extra\u00e7\u00e3o mineira.<\/li>\n<li>Privado: A Bitcoin tenta preservar a privacidade, a um n\u00edvel muito elevado, embora n\u00e3o seja completamente an\u00f3nima e trabalhe para o ser.<\/li>\n<\/ol>","protected":false},"excerpt":{"rendered":"<p>Whatsminer M36S la nueva m\u00e1quina para la miner\u00eda de Bitcoin (SHA-256) con un poder computacional de 130T y un consumo el\u00e9ctrico de\u00a0 7000W\/Hora. Este equipo est\u00e1 produciendo a d\u00eda de hoy (31\/10\/2022)\u00a0$\u00a07.28, lo que ser\u00eda igual a 0.00044330\u00a0BTC. Si nos movemos de fecha, al pico m\u00e1s alto al que ha estado esta criptomoneda, nos ir\u00edamos [&hellip;]<\/p>\n","protected":false},"featured_media":1112,"comment_status":"open","ping_status":"closed","template":"","meta":[],"product_brand":[],"product_cat":[15,19],"product_tag":[138],"class_list":{"0":"post-1111","1":"product","2":"type-product","3":"status-publish","4":"has-post-thumbnail","6":"product_cat-sin-categorizar","7":"product_cat-mineros","8":"product_tag-mineros-para-avanzados","10":"first","11":"outofstock","12":"taxable","13":"shipping-taxable","14":"purchasable","15":"product-type-simple"},"_links":{"self":[{"href":"https:\/\/pruebas.michollo.to\/pt\/wp-json\/wp\/v2\/product\/1111","targetHints":{"allow":["GET"]}}],"collection":[{"href":"https:\/\/pruebas.michollo.to\/pt\/wp-json\/wp\/v2\/product"}],"about":[{"href":"https:\/\/pruebas.michollo.to\/pt\/wp-json\/wp\/v2\/types\/product"}],"replies":[{"embeddable":true,"href":"https:\/\/pruebas.michollo.to\/pt\/wp-json\/wp\/v2\/comments?post=1111"}],"wp:featuredmedia":[{"embeddable":true,"href":"https:\/\/pruebas.michollo.to\/pt\/wp-json\/wp\/v2\/media\/1112"}],"wp:attachment":[{"href":"https:\/\/pruebas.michollo.to\/pt\/wp-json\/wp\/v2\/media?parent=1111"}],"wp:term":[{"taxonomy":"product_brand","embeddable":true,"href":"https:\/\/pruebas.michollo.to\/pt\/wp-json\/wp\/v2\/product_brand?post=1111"},{"taxonomy":"product_cat","embeddable":true,"href":"https:\/\/pruebas.michollo.to\/pt\/wp-json\/wp\/v2\/product_cat?post=1111"},{"taxonomy":"product_tag","embeddable":true,"href":"https:\/\/pruebas.michollo.to\/pt\/wp-json\/wp\/v2\/product_tag?post=1111"}],"curies":[{"name":"wp","href":"https:\/\/api.w.org\/{rel}","templated":true}]}}