{"id":1263,"date":"2023-02-01T07:56:48","date_gmt":"2023-02-01T09:56:48","guid":{"rendered":"https:\/\/www.minandovoy.com\/?post_type=product&#038;p=1263"},"modified":"2025-07-15T12:05:14","modified_gmt":"2025-07-15T10:05:14","slug":"ibelink-bm-k3","status":"publish","type":"product","link":"https:\/\/pruebas.michollo.to\/pt\/produto\/ibelink-bm-k3\/","title":{"rendered":"Ibelink BM-K3"},"content":{"rendered":"<p>O novo IBELINK BM-K3, o novo ASIC que est\u00e1 posicionado no <a href=\"https:\/\/www.asicminervalue.com\/\">ASIC TOP 10<\/a> com maior rendibilidade.<\/p>\n<p>&nbsp;<\/p>\n<p>A Ibelink anunciou em dezembro \u00faltimo um novo dispositivo de extra\u00e7\u00e3o da moeda criptogr\u00e1fica Kadena com uma pot\u00eancia de extra\u00e7\u00e3o de 70Th e um consumo de 3.300w\/hora.<\/p>\n<p>Foi posicionado no TOP 10 das m\u00e1quinas rent\u00e1veis (IBELINK BM.K3), abaixo do Antminer L7 , K7 e do seu principal concorrente, o <a href=\"https:\/\/www.minandovoy.com\/producto\/antminer-ka3\/\">KA3<\/a>.<\/p>\n<p>&nbsp;<\/p>\n<p>\u00c9 tamb\u00e9m de salientar que o minerador de algoritmos Blake-2s Kadena \u00e9 considerado uma m\u00e1quina industrial, n\u00e3o s\u00f3 devido ao seu consumo de energia, mas tamb\u00e9m devido ao seu elevado n\u00edvel de ru\u00eddo, entre 70-80db, factores que devem ser tidos em conta se quiser adquirir um deles.<\/p>\n<h2><strong> SAIBA MAIS SOBRE O IBELINK BM-K3<\/strong><\/h2>\n<p><strong><br \/>\n<\/strong>O fabricante Ibelink foi fundado em abril de 2018 com o objetivo de se tornar mais profissional do que qualquer um dos seus concorrentes, comercializando hardware e software inform\u00e1tico e outros equipamentos.<br \/>\nA Ibelink tamb\u00e9m se concentra fortemente nos chips ASIC e no desenvolvimento e implanta\u00e7\u00e3o de sistemas especializados em mercados globais.<\/p>\n<h2><strong>O que \u00e9 a KDA?<\/strong><\/h2>\n<p>KDA \u00e9 o token da plataforma Kadena. \u00c9 utilizado para pagar a execu\u00e7\u00e3o de contratos inteligentes e transac\u00e7\u00f5es na cadeia de blocos. Tamb\u00e9m \u00e9 usado para remunerar os mineiros na rede para minerar o pr\u00f3ximo bloco v\u00e1lido.<\/p>\n<p>Este pr\u00e9mio diminui com o tempo. Por outras palavras, segue um procedimento semelhante ao da Bitcoin. O fornecimento total de KDA \u00e9 de mil milh\u00f5es de tokens, que est\u00e3o programados para serem extra\u00eddos num prazo estimado de\u00a0<strong>120 anos.<\/strong><strong>\u00a0<\/strong><\/p>","protected":false},"excerpt":{"rendered":"<p>La nueva IBELINK BM-K3, el nuevo ASIC que se posiciona en el TOP 10 de ASIC con mayor rentabilidad. &nbsp; Ibelink anunci\u00f3 el pasado Diciembre un nuevo dispositivo de miner\u00eda para la criptomoneda Kadena con una potencia de minado de 70Th y con un consumo de 3.300w\/hora. Se ha posicionado en el TOP 10 de [&hellip;]<\/p>\n","protected":false},"featured_media":1264,"comment_status":"open","ping_status":"closed","template":"","meta":[],"product_brand":[],"product_cat":[19],"product_tag":[138],"class_list":{"0":"post-1263","1":"product","2":"type-product","3":"status-publish","4":"has-post-thumbnail","6":"product_cat-mineros","7":"product_tag-mineros-para-avanzados","9":"first","10":"outofstock","11":"taxable","12":"shipping-taxable","13":"purchasable","14":"product-type-simple"},"_links":{"self":[{"href":"https:\/\/pruebas.michollo.to\/pt\/wp-json\/wp\/v2\/product\/1263","targetHints":{"allow":["GET"]}}],"collection":[{"href":"https:\/\/pruebas.michollo.to\/pt\/wp-json\/wp\/v2\/product"}],"about":[{"href":"https:\/\/pruebas.michollo.to\/pt\/wp-json\/wp\/v2\/types\/product"}],"replies":[{"embeddable":true,"href":"https:\/\/pruebas.michollo.to\/pt\/wp-json\/wp\/v2\/comments?post=1263"}],"wp:featuredmedia":[{"embeddable":true,"href":"https:\/\/pruebas.michollo.to\/pt\/wp-json\/wp\/v2\/media\/1264"}],"wp:attachment":[{"href":"https:\/\/pruebas.michollo.to\/pt\/wp-json\/wp\/v2\/media?parent=1263"}],"wp:term":[{"taxonomy":"product_brand","embeddable":true,"href":"https:\/\/pruebas.michollo.to\/pt\/wp-json\/wp\/v2\/product_brand?post=1263"},{"taxonomy":"product_cat","embeddable":true,"href":"https:\/\/pruebas.michollo.to\/pt\/wp-json\/wp\/v2\/product_cat?post=1263"},{"taxonomy":"product_tag","embeddable":true,"href":"https:\/\/pruebas.michollo.to\/pt\/wp-json\/wp\/v2\/product_tag?post=1263"}],"curies":[{"name":"wp","href":"https:\/\/api.w.org\/{rel}","templated":true}]}}