{"id":1406,"date":"2023-02-20T13:41:52","date_gmt":"2023-02-20T15:41:52","guid":{"rendered":"https:\/\/www.minandovoy.com\/?post_type=product&#038;p=1406"},"modified":"2026-02-23T13:21:50","modified_gmt":"2026-02-23T12:21:50","slug":"antminer-k7-58th","status":"publish","type":"product","link":"https:\/\/pruebas.michollo.to\/pt\/produto\/antminer-k7-58th\/","title":{"rendered":"Maximize o seu potencial de explora\u00e7\u00e3o mineira com o Antminer K7 58T da Bitmain"},"content":{"rendered":"<h2 id=\"h-consecuencias-del-merge-de-ethereum\">ANTMINER K7 58T O NOVO LAN\u00c7AMENTO DA BITMAIN<\/h2>\n<p>Acha que n\u00e3o podemos surpreend\u00ea-lo? Espere, fique e leia tudo sobre isso!<br \/>\nnova m\u00e1quina para <a href=\"https:\/\/www.minandovoy.com\/antminer-k7-nuevo-lanzamiento-de-bitmain\/\">Bitmain ANTMINER K7 63.5T<\/a>!<\/p>\n<p>T\u00eam um consumo de 3080W por hora, gerando 35<strong>$<\/strong> por dia.<br \/>\nEste ASIC extrai o algoritmo EAGLESONG, cuja \u00fanica moeda \u00e9 o conhecido Nervos.<br \/>\nContamos-lhe um pouco mais sobre o assunto:<\/p>\n<p><strong>A REDE NERVOS E O SEU TOKEN CKB<\/strong><br \/>\nA Nervos \u00e9 uma plataforma de cadeia de blocos, que cont\u00e9m uma \"cole\u00e7\u00e3o de protocolos\" que<br \/>\nsupera o desempenho de outras cadeias de blocos, como a Bitcoin e a Ethereum.<\/p>\n<p>Os n\u00edveis de rede s\u00e3o divididos em:<\/p>\n<p>Camada 1: Nervos da CKB (Base Comum de Conhecimentos). Funciona como a cadeia de bloqueio<br \/>\ntrabalho de teste no \u00e2mbito do ecossistema.<\/p>\n<p>Camada 2. Existem v\u00e1rios n\u00edveis 2 nesta rede, que fornecem solu\u00e7\u00f5es \u00fateis, tais como<br \/>\ncontratos inteligentes para programadores e utilizadores.<\/p>\n<p>As solu\u00e7\u00f5es da camada 2 permitem que a rede ofere\u00e7a transac\u00e7\u00f5es quase ilimitadas a<br \/>\ncusto m\u00ednimo.<\/p>\n<p><strong>Ficha CKB<\/strong><br \/>\nCKB \u00e9 o token da rede, na altura do seu lan\u00e7amento o seu pre\u00e7o era de 0,01123$.<br \/>\nEst\u00e1 classificada no ranking de capitaliza\u00e7\u00e3o de mercado por <a href=\"https:\/\/coinmarketcap.com\/es\/currencies\/nervos-network\/\">coinmarketcap.com<\/a> o correio<br \/>\n157.<\/p>\n<p>A sua emiss\u00e3o total \u00e9 de 36.680.680.992CKB, dos quais 33,34 mil milh\u00f5es de CKB j\u00e1 se encontram em<br \/>\ncircula\u00e7\u00e3o.<\/p>\n<p><b>O que \u00e9 a Bitmain?<\/b><\/p>\n<p><em>Bitmain<\/em>\u00a0\u00e9 uma empresa sediada em Pequim, na China. \u00c9 considerada uma das empresas mais importantes no sector das criptomoedas por produzir hardware de minera\u00e7\u00e3o de alta qualidade com enormes capacidades de minera\u00e7\u00e3o e pelos seus avan\u00e7os tecnol\u00f3gicos. \u00c9 o maior designer mundial de\u00a0<a href=\"https:\/\/www.minandovoy.com\/categoria\/mineros\/\">equipamento\u00a0<em>ASIC<\/em><\/a>\u00a0para a extra\u00e7\u00e3o mineira\u00a0<em>Bitcoin<\/em>.<\/p>\n<p>A Bitmain \u00e9 sobretudo conhecida pelo seu hardware Bitcoin, embora esteja interessada em projectos que tragam solidez ao seu neg\u00f3cio, como o Ethereum\/Ethereum Classic.<\/p>\n<p>Em abril de 2021, o grande fabricante anunciou o lan\u00e7amento de uma m\u00e1quina de extra\u00e7\u00e3o de et\u00e9reo que ser\u00e1 designada por \"Ethreum\",\u00a0<a href=\"https:\/\/www.asicminervalue.com\/miners\/bitmain\/antminer-e9-2-4gh\" target=\"_blank\" rel=\"noopener\">Antminer E9<\/a>. Esta verdadeira besta tem a pot\u00eancia equivalente a 25 GPUs Nvidia RTX 3080.<\/p>\n<p>&nbsp;<\/p>","protected":false},"excerpt":{"rendered":"<p>ANTMINER K7 58T EL NUEVO LANZAMIENTO DE BITMAIN \u00bfCrees que no podemos sorprenderte? \u00a1Espera, qu\u00e9date a leer todo sobre esta nueva m\u00e1quina de Bitmain ANTMINER K7 63.5T! Cuentan con un consumo de 3080W a la hora,\u00a0 est\u00e1 generando 35$ al d\u00eda. Este ASIC mina el algoritmo EAGLESONG, cuya \u00fanica moneda es la conocida Nervos. Os [&hellip;]<\/p>\n","protected":false},"featured_media":1269,"comment_status":"open","ping_status":"closed","template":"","meta":[],"product_brand":[],"product_cat":[19],"product_tag":[244,138],"class_list":{"0":"post-1406","1":"product","2":"type-product","3":"status-publish","4":"has-post-thumbnail","6":"product_cat-mineros","7":"product_tag-gme","8":"product_tag-mineros-para-avanzados","10":"first","11":"instock","12":"taxable","13":"shipping-taxable","14":"purchasable","15":"product-type-simple"},"_links":{"self":[{"href":"https:\/\/pruebas.michollo.to\/pt\/wp-json\/wp\/v2\/product\/1406","targetHints":{"allow":["GET"]}}],"collection":[{"href":"https:\/\/pruebas.michollo.to\/pt\/wp-json\/wp\/v2\/product"}],"about":[{"href":"https:\/\/pruebas.michollo.to\/pt\/wp-json\/wp\/v2\/types\/product"}],"replies":[{"embeddable":true,"href":"https:\/\/pruebas.michollo.to\/pt\/wp-json\/wp\/v2\/comments?post=1406"}],"wp:featuredmedia":[{"embeddable":true,"href":"https:\/\/pruebas.michollo.to\/pt\/wp-json\/wp\/v2\/media\/1269"}],"wp:attachment":[{"href":"https:\/\/pruebas.michollo.to\/pt\/wp-json\/wp\/v2\/media?parent=1406"}],"wp:term":[{"taxonomy":"product_brand","embeddable":true,"href":"https:\/\/pruebas.michollo.to\/pt\/wp-json\/wp\/v2\/product_brand?post=1406"},{"taxonomy":"product_cat","embeddable":true,"href":"https:\/\/pruebas.michollo.to\/pt\/wp-json\/wp\/v2\/product_cat?post=1406"},{"taxonomy":"product_tag","embeddable":true,"href":"https:\/\/pruebas.michollo.to\/pt\/wp-json\/wp\/v2\/product_tag?post=1406"}],"curies":[{"name":"wp","href":"https:\/\/api.w.org\/{rel}","templated":true}]}}