{"id":1414,"date":"2023-02-22T09:29:01","date_gmt":"2023-02-22T11:29:01","guid":{"rendered":"https:\/\/www.minandovoy.com\/?post_type=product&#038;p=1414"},"modified":"2026-02-23T13:32:21","modified_gmt":"2026-02-23T12:32:21","slug":"antminer-d9","status":"publish","type":"product","link":"https:\/\/pruebas.michollo.to\/pt\/produto\/antminer-d9\/","title":{"rendered":"Bitmain Antminer D9 (1770Gh)"},"content":{"rendered":"<p><em><strong>Conhece um modelo para a extra\u00e7\u00e3o de DASH? Aqui est\u00e1 ele!<\/strong><\/em><br \/>\nO modelo Antminer D9 da Bitmain tem um hashrate m\u00e1ximo de 1.770GH com um<br \/>\nconsumo de 2.839W\/H.<br \/>\nEsta m\u00e1quina extrai o algoritmo X11, cuja moeda principal \u00e9 o DASH, uma moeda<br \/>\nque nasceu em 2014.<\/p>\n<p><strong>DASH<\/strong><br \/>\n\u00c9 uma das moedas mais populares no mercado latino-americano, pois<br \/>\nprojectos de marketing destinados ao mesmo grupo-alvo, conseguiu posicionar-se no mercado<br \/>\nesse territ\u00f3rio.<br \/>\n\u00c9 tamb\u00e9m uma moeda digital que se baseia na ideia da Bitcoin, mas<br \/>\ncontribuindo com os seus pr\u00f3prios elementos, como os Nodos Mestres.<br \/>\nComo mencionado acima, tem uma produ\u00e7\u00e3o semelhante \u00e0 da moeda grande \"BTC\" com um<br \/>\n18.900.000 moedas, que dever\u00e1 ser atingido no ano 2150.<br \/>\nO Dash tamb\u00e9m depende dos mineiros para validar as transac\u00e7\u00f5es, ap\u00f3s o que<br \/>\nreceber o token Blockchain como recompensa.<br \/>\nOs mineiros podem tornar-se Master Nodes depositando um m\u00ednimo de 1.000<br \/>\nDash. Isto confere-lhes um n\u00edvel superior que lhes permite efetuar opera\u00e7\u00f5es cr\u00edticas em<br \/>\na rede.<\/p>\n<p><strong>VAMOS VER COMO FUNCIONA O DASH<\/strong><\/p>\n<p>O Dash torna o dinheiro digital acess\u00edvel e f\u00e1cil de utilizar, mesmo para pessoas com defici\u00eancia.<br \/>\nsem conhecimentos de inform\u00e1tica. Com o Dash, qualquer pessoa pode criar um<br \/>\nBlockchain, adicione uma lista dos seus contactos e transfira dinheiro pelo nome. J\u00e1 est\u00e1<br \/>\n\u00e9 aceite por v\u00e1rios sistemas de pagamento.<br \/>\nPara al\u00e9m da sua descentraliza\u00e7\u00e3o, a Dash garante o anonimato das transac\u00e7\u00f5es.<br \/>\ndevido \u00e0 melhoria das medidas de seguran\u00e7a.<\/p>\n<p><b>O que \u00e9 a Bitmain?<\/b><\/p>\n<p><em>Bitmain<\/em>\u00a0\u00e9 uma empresa sediada em Pequim, na China. \u00c9 considerada uma das empresas mais importantes no sector das criptomoedas por produzir hardware de minera\u00e7\u00e3o de alta qualidade com enormes capacidades de minera\u00e7\u00e3o e pelos seus avan\u00e7os tecnol\u00f3gicos. \u00c9 o maior designer mundial de\u00a0<a href=\"https:\/\/www.minandovoy.com\/categoria\/mineros\/\">equipamento\u00a0<em>ASIC<\/em><\/a>\u00a0para a extra\u00e7\u00e3o mineira\u00a0<em>Bitcoin<\/em>.<\/p>\n<p>A Bitmain \u00e9 sobretudo conhecida pelo seu hardware Bitcoin, embora esteja interessada em projectos que tragam solidez ao seu neg\u00f3cio, como o Ethereum\/Ethereum Classic.<\/p>\n<p>Em abril de 2021, o grande fabricante anunciou o lan\u00e7amento de uma m\u00e1quina de extra\u00e7\u00e3o de et\u00e9reo que ser\u00e1 designada por \"Ethreum\",\u00a0<a href=\"https:\/\/www.asicminervalue.com\/miners\/bitmain\/antminer-e9-2-4gh\" target=\"_blank\" rel=\"noopener\">Antminer E9<\/a>. Esta verdadeira besta tem a pot\u00eancia equivalente a 25 GPUs Nvidia RTX 3080.<\/p>\n<p>&nbsp;<\/p>","protected":false},"excerpt":{"rendered":"<p>\u00bfConoces alg\u00fan modelo para la miner\u00eda de DASH? \u00a1Aqu\u00ed lo tienes! El modelo Antminer D9 de Bitmain cuenta con un hashrate m\u00e1ximo de 1.770GH con un consumo de 2.839W\/H. Esta m\u00e1quina mina el algoritmo X11, cuya moneda que destaca en \u00e9l es DASH, moneda que nace en 2014. DASH Es una de las monedas con [&hellip;]<\/p>\n","protected":false},"featured_media":1415,"comment_status":"open","ping_status":"closed","template":"","meta":[],"product_brand":[],"product_cat":[19],"product_tag":[244,138],"class_list":{"0":"post-1414","1":"product","2":"type-product","3":"status-publish","4":"has-post-thumbnail","6":"product_cat-mineros","7":"product_tag-gme","8":"product_tag-mineros-para-avanzados","10":"first","11":"instock","12":"taxable","13":"shipping-taxable","14":"purchasable","15":"product-type-simple"},"_links":{"self":[{"href":"https:\/\/pruebas.michollo.to\/pt\/wp-json\/wp\/v2\/product\/1414","targetHints":{"allow":["GET"]}}],"collection":[{"href":"https:\/\/pruebas.michollo.to\/pt\/wp-json\/wp\/v2\/product"}],"about":[{"href":"https:\/\/pruebas.michollo.to\/pt\/wp-json\/wp\/v2\/types\/product"}],"replies":[{"embeddable":true,"href":"https:\/\/pruebas.michollo.to\/pt\/wp-json\/wp\/v2\/comments?post=1414"}],"wp:featuredmedia":[{"embeddable":true,"href":"https:\/\/pruebas.michollo.to\/pt\/wp-json\/wp\/v2\/media\/1415"}],"wp:attachment":[{"href":"https:\/\/pruebas.michollo.to\/pt\/wp-json\/wp\/v2\/media?parent=1414"}],"wp:term":[{"taxonomy":"product_brand","embeddable":true,"href":"https:\/\/pruebas.michollo.to\/pt\/wp-json\/wp\/v2\/product_brand?post=1414"},{"taxonomy":"product_cat","embeddable":true,"href":"https:\/\/pruebas.michollo.to\/pt\/wp-json\/wp\/v2\/product_cat?post=1414"},{"taxonomy":"product_tag","embeddable":true,"href":"https:\/\/pruebas.michollo.to\/pt\/wp-json\/wp\/v2\/product_tag?post=1414"}],"curies":[{"name":"wp","href":"https:\/\/api.w.org\/{rel}","templated":true}]}}