{"id":1585,"date":"2023-03-15T09:37:33","date_gmt":"2023-03-15T11:37:33","guid":{"rendered":"https:\/\/www.minandovoy.com\/?post_type=product&#038;p=1585"},"modified":"2024-12-26T17:43:34","modified_gmt":"2024-12-26T16:43:34","slug":"fuente-de-alimentacion-corsair-1600w-reaconcionada","status":"publish","type":"product","link":"https:\/\/pruebas.michollo.to\/pt\/produto\/fonte-de-alimentacao-corsair-1600w-recondicionada\/","title":{"rendered":"Fonte de alimenta\u00e7\u00e3o Corsair 1600w recondicionada"},"content":{"rendered":"<div id=\"product-description-short-11669\" class=\"rte-content product-description\">\n<p>Concebida com os melhores componentes, a fonte de alimenta\u00e7\u00e3o <strong>Corsair AX1600i<\/strong>\u00a0oferece uma efici\u00eancia superior a 94% num formato mais pequeno. Tem certifica\u00e7\u00e3o 80 PLUS Titanium e fornece 1600W de pot\u00eancia, garantindo um funcionamento est\u00e1vel em todos os momentos. Al\u00e9m disso, foi equipada com uma ventoinha de 140 mm com modo de zero RPM, pelo que funciona quase silenciosamente com cargas baixas e m\u00e9dias. A Corsair AX1600i \u00e9 a derradeira fonte de alimenta\u00e7\u00e3o.<\/p>\n<\/div>\n<div class=\"product-description\">\n<div class=\"rte-content\">\n<p><b>Caracter\u00edsticas<\/b><\/p>\n<ul>\n<li>Formato: ATX<\/li>\n<li>Pot\u00eancia 1600 W<\/li>\n<li>Efici\u00eancia 80 PLUS Titanium<\/li>\n<li>Totalmente modular<\/li>\n<li>Calha ajust\u00e1vel simples\/m\u00faltipla de 12V: Sim<\/li>\n<li>Vers\u00e3o ATX12V: v2.4<\/li>\n<li>Temperatura nominal de sa\u00edda cont\u00ednua C 50\u00b0C<\/li>\n<li>Pot\u00eancia cont\u00ednua: 1600 W<\/li>\n<li>Tecnologia da chumaceira da ventoinha: chumaceira din\u00e2mica de fluidos<\/li>\n<li>Tamanho da ventoinha: 140 mm<\/li>\n<li>MTBF: 100.000 horas<\/li>\n<li>Preparado para multi-GPU: Sim<\/li>\n<li>Modo Zero RPM: Sim<\/li>\n<li>Compatibilidade com iCUE: Sim<\/li>\n<li>Tipo de cabo: De baixo perfil, totalmente preto<\/li>\n<li>Vers\u00e3o EPS12V: v2.92<\/li>\n<li>Estado de suspens\u00e3o compat\u00edvel com Intel C6C7<\/li>\n<li>Compat\u00edvel com o modo de espera moderno: N\u00e3o<\/li>\n<li>Tecnologia especial: DSP, GaN Totem Pole PFC<\/li>\n<li>Circuitos de prote\u00e7\u00e3o OVP (Sobretens\u00e3o): UVP (Subtens\u00e3o); SCP (Curto-circuito); OTP (Sobretemperatura); OPP (Sobrealimenta\u00e7\u00e3o)<\/li>\n<li>Dimens\u00f5es 150mm x 86mm x 200mm<\/li>\n<\/ul>\n<\/div>\n<\/div>\n<p>&nbsp;<\/p>\n<p>*Inclui cabos, caixa n\u00e3o inclu\u00edda, cabo de alimenta\u00e7\u00e3o n\u00e3o inclu\u00eddo. Produto recondicionado.<\/p>","protected":false},"excerpt":{"rendered":"<p>Dise\u00f1ada con los mejores componentes, la fuente de alimentaci\u00f3n Corsair AX1600i\u00a0ofrece una eficiencia de m\u00e1s de 94% en un formato m\u00e1s peque\u00f1o. Cuenta con certificaci\u00f3n 80 PLUS Titanium y proporciona una potencia de 1600W, garantizando un funcionamiento estable en todo momento. Adem\u00e1s, ha sido provista de un ventilador de 140 mm con modo cero RPM, [&hellip;]<\/p>\n","protected":false},"featured_media":1586,"comment_status":"open","ping_status":"closed","template":"","meta":[],"product_brand":[],"product_cat":[20],"product_tag":[],"class_list":{"0":"post-1585","1":"product","2":"type-product","3":"status-publish","4":"has-post-thumbnail","6":"product_cat-componentes","8":"first","9":"outofstock","10":"sale","11":"taxable","12":"shipping-taxable","13":"purchasable","14":"product-type-simple"},"_links":{"self":[{"href":"https:\/\/pruebas.michollo.to\/pt\/wp-json\/wp\/v2\/product\/1585","targetHints":{"allow":["GET"]}}],"collection":[{"href":"https:\/\/pruebas.michollo.to\/pt\/wp-json\/wp\/v2\/product"}],"about":[{"href":"https:\/\/pruebas.michollo.to\/pt\/wp-json\/wp\/v2\/types\/product"}],"replies":[{"embeddable":true,"href":"https:\/\/pruebas.michollo.to\/pt\/wp-json\/wp\/v2\/comments?post=1585"}],"wp:featuredmedia":[{"embeddable":true,"href":"https:\/\/pruebas.michollo.to\/pt\/wp-json\/wp\/v2\/media\/1586"}],"wp:attachment":[{"href":"https:\/\/pruebas.michollo.to\/pt\/wp-json\/wp\/v2\/media?parent=1585"}],"wp:term":[{"taxonomy":"product_brand","embeddable":true,"href":"https:\/\/pruebas.michollo.to\/pt\/wp-json\/wp\/v2\/product_brand?post=1585"},{"taxonomy":"product_cat","embeddable":true,"href":"https:\/\/pruebas.michollo.to\/pt\/wp-json\/wp\/v2\/product_cat?post=1585"},{"taxonomy":"product_tag","embeddable":true,"href":"https:\/\/pruebas.michollo.to\/pt\/wp-json\/wp\/v2\/product_tag?post=1585"}],"curies":[{"name":"wp","href":"https:\/\/api.w.org\/{rel}","templated":true}]}}