{"id":15992,"date":"2024-11-09T13:39:06","date_gmt":"2024-11-09T12:39:06","guid":{"rendered":"https:\/\/www.minandovoy.com\/?post_type=product&#038;p=15992"},"modified":"2025-09-04T10:35:33","modified_gmt":"2025-09-04T08:35:33","slug":"volcminer-d1","status":"publish","type":"product","link":"https:\/\/pruebas.michollo.to\/pt\/produto\/volcminer-d1\/","title":{"rendered":"VolcMiner D1"},"content":{"rendered":"<p>O VolcMiner D1 \u00e9 um mineiro ASIC concebido para o algoritmo Scrypt, especificamente para a extra\u00e7\u00e3o de DOGE (Dogecoin) e LTC (Litecoin). Oferece uma taxa de hash m\u00e1xima de 17 Gh\/s e consome 3900 W de energia, resultando numa efici\u00eancia energ\u00e9tica de 0,229 j\/Mh.<\/p>","protected":false},"excerpt":{"rendered":"<p>O VolcMiner D1 \u00e9 um mineiro ASIC concebido para o algoritmo Scrypt, especificamente para a extra\u00e7\u00e3o de DOGE (Dogecoin) e LTC (Litecoin). Oferece uma taxa de hash m\u00e1xima de 17 Gh\/s e consome 3900 W de energia, resultando numa efici\u00eancia energ\u00e9tica de 0,229 j\/Mh.<\/p>","protected":false},"featured_media":16003,"comment_status":"open","ping_status":"closed","template":"","meta":[],"product_brand":[],"product_cat":[19],"product_tag":[244,138,139],"class_list":{"0":"post-15992","1":"product","2":"type-product","3":"status-publish","4":"has-post-thumbnail","6":"product_cat-mineros","7":"product_tag-gme","8":"product_tag-mineros-para-avanzados","9":"product_tag-mineros-para-expertos","10":"product_shipping_class-espana","12":"first","13":"instock","14":"featured","15":"taxable","16":"shipping-taxable","17":"purchasable","18":"product-type-simple"},"_links":{"self":[{"href":"https:\/\/pruebas.michollo.to\/pt\/wp-json\/wp\/v2\/product\/15992","targetHints":{"allow":["GET"]}}],"collection":[{"href":"https:\/\/pruebas.michollo.to\/pt\/wp-json\/wp\/v2\/product"}],"about":[{"href":"https:\/\/pruebas.michollo.to\/pt\/wp-json\/wp\/v2\/types\/product"}],"replies":[{"embeddable":true,"href":"https:\/\/pruebas.michollo.to\/pt\/wp-json\/wp\/v2\/comments?post=15992"}],"wp:featuredmedia":[{"embeddable":true,"href":"https:\/\/pruebas.michollo.to\/pt\/wp-json\/wp\/v2\/media\/16003"}],"wp:attachment":[{"href":"https:\/\/pruebas.michollo.to\/pt\/wp-json\/wp\/v2\/media?parent=15992"}],"wp:term":[{"taxonomy":"product_brand","embeddable":true,"href":"https:\/\/pruebas.michollo.to\/pt\/wp-json\/wp\/v2\/product_brand?post=15992"},{"taxonomy":"product_cat","embeddable":true,"href":"https:\/\/pruebas.michollo.to\/pt\/wp-json\/wp\/v2\/product_cat?post=15992"},{"taxonomy":"product_tag","embeddable":true,"href":"https:\/\/pruebas.michollo.to\/pt\/wp-json\/wp\/v2\/product_tag?post=15992"}],"curies":[{"name":"wp","href":"https:\/\/api.w.org\/{rel}","templated":true}]}}