{"id":16000,"date":"2024-11-09T13:57:14","date_gmt":"2024-11-09T12:57:14","guid":{"rendered":"https:\/\/www.minandovoy.com\/?post_type=product&#038;p=16000"},"modified":"2025-09-05T13:20:58","modified_gmt":"2025-09-05T11:20:58","slug":"jasminer-x44-p-batch-enero-etczil","status":"publish","type":"product","link":"https:\/\/pruebas.michollo.to\/pt\/produto\/jasminer-x44-p-lote-janeiro-etczil\/","title":{"rendered":"Jasminer X44-P - O melhor ASIC para minera\u00e7\u00e3o ETC+ZIL"},"content":{"rendered":"<p>O <strong>Jasminer X44-P<\/strong> \u00e9 uma m\u00e1quina de minera\u00e7\u00e3o de \u00faltima gera\u00e7\u00e3o concebida para proporcionar um desempenho superior com uma impressionante taxa de hash de 23,4 Gh\/s, mantendo um consumo de energia eficiente de apenas 2340W. Este minerador \u00e9 optimizado para criptomoedas. <strong>Ethereum Classic (ETC)<\/strong> y <strong>Zilliqa (ZIL)<\/strong>tornando-a a escolha ideal para os mineiros que procuram maximizar a sua rentabilidade com uma opera\u00e7\u00e3o eficiente.<\/p>\n<div class=\"asicminer-widget-container\" style=\"width: 100%; min-height: 300px;\">\n            <iframe id=\"asicminer-widget-7406\" \n                    src=\"https:\/\/pruebas.michollo.to\/wp-content\/themes\/minandovoy\/proxy-widget.php?miner=jasminer\/x44-p&#038;type=profit&#038;theme=dark\" \n                    width=\"100%\" \n                    height=\"300\" \n                    frameborder=\"0\"\n                    loading=\"lazy\"\n                    style=\"border: none; overflow: hidden;\"\n                    title=\"ASIC Miner Widget\">\n            <\/iframe>\n        <\/div>\n<h3>Principais carater\u00edsticas:<\/h3>\n<p><strong>1. excelente poder de hash<\/strong><br \/>\nCom uma impressionante taxa de hash de <strong>23.400 MH\/s<\/strong>O Jasminer X44-P permite uma extra\u00e7\u00e3o mineira r\u00e1pida e eficiente, assegurando que cada opera\u00e7\u00e3o \u00e9 realizada com o m\u00e1ximo desempenho. Esta pot\u00eancia permite-lhe processar blocos de forma eficiente, optimizando as hip\u00f3teses de gerar recompensas em criptomoedas selecionadas.<\/p>\n<p><strong>2. Melhoria da efici\u00eancia energ\u00e9tica<\/strong><br \/>\nO Jasminer X44-P foi concebido para proporcionar um elevado desempenho, minimizando o consumo de energia. Com um consumo de energia de apenas <strong>2340 W<\/strong>O equipamento atinge um equil\u00edbrio perfeito entre a pot\u00eancia de processamento e a efici\u00eancia energ\u00e9tica. Isto reduz os custos operacionais e aumenta a rentabilidade a longo prazo.<\/p>\n<p><strong>3. minera\u00e7\u00e3o dupla de criptomoedas<\/strong><br \/>\nEste mineiro \u00e9 compat\u00edvel com a minera\u00e7\u00e3o dupla de <strong>Ethereum Classic (ETC)<\/strong> y <strong>Zilliqa (ZIL)<\/strong>Isto permite aos mineiros diversificar os seus fluxos de receitas atrav\u00e9s da extra\u00e7\u00e3o de duas criptomoedas em simult\u00e2neo. Esta flexibilidade de minera\u00e7\u00e3o dupla proporciona uma maior rentabilidade e optimiza o desempenho operacional.<\/p>\n<p><strong>4. Sistema de arrefecimento avan\u00e7ado<\/strong><br \/>\nO Jasminer X44-P est\u00e1 equipado com um <strong>sistema de arrefecimento de \u00faltima gera\u00e7\u00e3o<\/strong>concebido para manter uma temperatura de funcionamento est\u00e1vel, mesmo durante longos per\u00edodos de utiliza\u00e7\u00e3o intensiva. Este sistema n\u00e3o s\u00f3 evita o sobreaquecimento, como tamb\u00e9m prolonga a vida \u00fatil do equipamento, garantindo um desempenho fi\u00e1vel e consistente.<\/p>\n<p><strong>5. Conce\u00e7\u00e3o robusta e fi\u00e1vel<\/strong><br \/>\nO Jasminer X44-P foi concebido para suportar as exig\u00eancias das opera\u00e7\u00f5es mineiras em grande escala, assegurando estabilidade e durabilidade a longo prazo. Gra\u00e7as \u00e0 sua constru\u00e7\u00e3o robusta e sistema de arrefecimento eficiente, este mineiro \u00e9 ideal para quem procura fiabilidade e desempenho consistente ao longo do tempo.<\/p>\n<h3>Porqu\u00ea escolher o Jasminer X44-P?<\/h3>\n<p>O <strong>Jasminer X44-P<\/strong> \u00e9 a escolha perfeita para aqueles que querem um mineiro potente e eficiente. Com a sua elevada taxa de hash, baixo consumo de energia e a capacidade de realizar minera\u00e7\u00e3o dupla, esta m\u00e1quina \u00e9 ideal para quem procura otimizar a sua rentabilidade na minera\u00e7\u00e3o de <strong>Ethereum Classic (ETC)<\/strong> y <strong>Zilliqa (ZIL)<\/strong>. Al\u00e9m disso, o seu sistema de arrefecimento avan\u00e7ado e o seu design robusto garantem um funcionamento est\u00e1vel e duradouro.<\/p>","protected":false},"excerpt":{"rendered":"<p>El Jasminer X44-P es un equipo de miner\u00eda de vanguardia dise\u00f1ado para ofrecer un rendimiento superior con una tasa de hash impresionante de 23.4 Gh\/s, mientras mantiene un consumo energ\u00e9tico eficiente de solo 2340 W. Este minero est\u00e1 optimizado para las criptomonedas Ethereum Classic (ETC) y Zilliqa (ZIL), lo que lo convierte en una opci\u00f3n [&hellip;]<\/p>\n","protected":false},"featured_media":16004,"comment_status":"open","ping_status":"closed","template":"","meta":[],"product_brand":[],"product_cat":[19],"product_tag":[52,244,138,139,137],"class_list":{"0":"post-16000","1":"product","2":"type-product","3":"status-publish","4":"has-post-thumbnail","6":"product_cat-mineros","7":"product_tag-asic","8":"product_tag-gme","9":"product_tag-mineros-para-avanzados","10":"product_tag-mineros-para-expertos","11":"product_tag-mineros-para-principiantes","13":"first","14":"instock","15":"taxable","16":"shipping-taxable","17":"purchasable","18":"product-type-simple"},"_links":{"self":[{"href":"https:\/\/pruebas.michollo.to\/pt\/wp-json\/wp\/v2\/product\/16000","targetHints":{"allow":["GET"]}}],"collection":[{"href":"https:\/\/pruebas.michollo.to\/pt\/wp-json\/wp\/v2\/product"}],"about":[{"href":"https:\/\/pruebas.michollo.to\/pt\/wp-json\/wp\/v2\/types\/product"}],"replies":[{"embeddable":true,"href":"https:\/\/pruebas.michollo.to\/pt\/wp-json\/wp\/v2\/comments?post=16000"}],"wp:featuredmedia":[{"embeddable":true,"href":"https:\/\/pruebas.michollo.to\/pt\/wp-json\/wp\/v2\/media\/16004"}],"wp:attachment":[{"href":"https:\/\/pruebas.michollo.to\/pt\/wp-json\/wp\/v2\/media?parent=16000"}],"wp:term":[{"taxonomy":"product_brand","embeddable":true,"href":"https:\/\/pruebas.michollo.to\/pt\/wp-json\/wp\/v2\/product_brand?post=16000"},{"taxonomy":"product_cat","embeddable":true,"href":"https:\/\/pruebas.michollo.to\/pt\/wp-json\/wp\/v2\/product_cat?post=16000"},{"taxonomy":"product_tag","embeddable":true,"href":"https:\/\/pruebas.michollo.to\/pt\/wp-json\/wp\/v2\/product_tag?post=16000"}],"curies":[{"name":"wp","href":"https:\/\/api.w.org\/{rel}","templated":true}]}}