{"id":16437,"date":"2024-11-28T10:42:09","date_gmt":"2024-11-28T09:42:09","guid":{"rendered":"https:\/\/www.minandovoy.com\/?post_type=product&#038;p=16437"},"modified":"2025-08-06T12:33:02","modified_gmt":"2025-08-06T10:33:02","slug":"goldshell-e-dg1m-3-4gh","status":"publish","type":"product","link":"https:\/\/pruebas.michollo.to\/pt\/produto\/goldshell-e-dg1m-3-4gh\/","title":{"rendered":"GOLDSHELL E-DG1M 3.4GH"},"content":{"rendered":"<p><span class=\"font-semibold text-dark\/70 dark:text-white\/70\">Pintor E-DG1M<\/span> \u00e9 um mineiro ASIC concebido pela Goldshell , especificamente destinado a\u00a0<span class=\"font-semibold text-dark\/70 dark:text-white\/70\">DOGE (Dogecoin)<\/span>\u00a0y\u00a0<span class=\"font-semibold text-dark\/70 dark:text-white\/70\">LTC (Litecoin)<\/span>. Fornece uma taxa de hash m\u00e1xima de\u00a0<span class=\"font-semibold text-dark\/70 dark:text-white\/70\">3,4Gh\/s<\/span>\u00a0visitando\u00a0<span class=\"font-semibold text-dark\/70 dark:text-white\/70\">1800W\u00a0<\/span>pot\u00eancia de sa\u00edda, resultando numa efici\u00eancia energ\u00e9tica de\u00a0<span class=\"font-semibold text-dark\/70 dark:text-white\/70\">0,529j\/Mh<\/span>.<\/p>\n<div class=\"asicminer-widget-container\" style=\"width: 100%; min-height: 300px;\">\n            <iframe id=\"asicminer-widget-9541\" \n                    src=\"https:\/\/pruebas.michollo.to\/wp-content\/themes\/minandovoy\/proxy-widget.php?miner=goldshell\/e-dg1m&#038;type=profit&#038;theme=dark\" \n                    width=\"100%\" \n                    height=\"300\" \n                    frameborder=\"0\"\n                    loading=\"lazy\"\n                    style=\"border: none; overflow: hidden;\"\n                    title=\"ASIC Miner Widget\">\n            <\/iframe>\n        <\/div>\n<p><a href=\"https:\/\/www.minandovoy.com\/wp-content\/uploads\/2024\/11\/GSEDG1BS01-0905.png\"><img loading=\"lazy\" decoding=\"async\" class=\"alignnone wp-image-16438\" src=\"https:\/\/www.minandovoy.com\/wp-content\/uploads\/2024\/11\/GSEDG1BS01-0905-300x118.png\" alt=\"\" width=\"941\" height=\"370\" srcset=\"https:\/\/pruebas.michollo.to\/wp-content\/uploads\/2024\/11\/GSEDG1BS01-0905-300x118.png 300w, https:\/\/pruebas.michollo.to\/wp-content\/uploads\/2024\/11\/GSEDG1BS01-0905-1024x403.png 1024w, https:\/\/pruebas.michollo.to\/wp-content\/uploads\/2024\/11\/GSEDG1BS01-0905-768x303.png 768w, https:\/\/pruebas.michollo.to\/wp-content\/uploads\/2024\/11\/GSEDG1BS01-0905-18x7.png 18w, https:\/\/pruebas.michollo.to\/wp-content\/uploads\/2024\/11\/GSEDG1BS01-0905-1200x473.png 1200w, https:\/\/pruebas.michollo.to\/wp-content\/uploads\/2024\/11\/GSEDG1BS01-0905-600x236.png 600w, https:\/\/pruebas.michollo.to\/wp-content\/uploads\/2024\/11\/GSEDG1BS01-0905-20x8.png 20w, https:\/\/pruebas.michollo.to\/wp-content\/uploads\/2024\/11\/GSEDG1BS01-0905-56x22.png 56w, https:\/\/pruebas.michollo.to\/wp-content\/uploads\/2024\/11\/GSEDG1BS01-0905-28x11.png 28w, https:\/\/pruebas.michollo.to\/wp-content\/uploads\/2024\/11\/GSEDG1BS01-0905-73x29.png 73w, https:\/\/pruebas.michollo.to\/wp-content\/uploads\/2024\/11\/GSEDG1BS01-0905-170x67.png 170w, https:\/\/pruebas.michollo.to\/wp-content\/uploads\/2024\/11\/GSEDG1BS01-0905-65x26.png 65w, https:\/\/pruebas.michollo.to\/wp-content\/uploads\/2024\/11\/GSEDG1BS01-0905-168x66.png 168w, https:\/\/pruebas.michollo.to\/wp-content\/uploads\/2024\/11\/GSEDG1BS01-0905-50x20.png 50w, https:\/\/pruebas.michollo.to\/wp-content\/uploads\/2024\/11\/GSEDG1BS01-0905-60x24.png 60w, https:\/\/pruebas.michollo.to\/wp-content\/uploads\/2024\/11\/GSEDG1BS01-0905-247x97.png 247w, https:\/\/pruebas.michollo.to\/wp-content\/uploads\/2024\/11\/GSEDG1BS01-0905-19x7.png 19w, https:\/\/pruebas.michollo.to\/wp-content\/uploads\/2024\/11\/GSEDG1BS01-0905-284x112.png 284w, https:\/\/pruebas.michollo.to\/wp-content\/uploads\/2024\/11\/GSEDG1BS01-0905-317x125.png 317w, https:\/\/pruebas.michollo.to\/wp-content\/uploads\/2024\/11\/GSEDG1BS01-0905.png 1320w\" sizes=\"auto, (max-width: 941px) 100vw, 941px\" \/><\/a><\/p>","protected":false},"excerpt":{"rendered":"<p>Goldshell\u00a0E-DG1M es un minero ASIC dise\u00f1ado por Goldshell ,\u00a0dirigido espec\u00edficamente a\u00a0DOGE (Dogecoin)\u00a0y\u00a0LTC (Litecoin).\u00a0Proporciona una tasa de hash m\u00e1xima de\u00a03.4Gh\/s\u00a0consumiendo\u00a01800W\u00a0de potencia, resultando en una eficiencia energ\u00e9tica de\u00a00.529j\/Mh.<\/p>","protected":false},"featured_media":16439,"comment_status":"open","ping_status":"closed","template":"","meta":[],"product_brand":[],"product_cat":[19],"product_tag":[244,138,137],"class_list":{"0":"post-16437","1":"product","2":"type-product","3":"status-publish","4":"has-post-thumbnail","6":"product_cat-mineros","7":"product_tag-gme","8":"product_tag-mineros-para-avanzados","9":"product_tag-mineros-para-principiantes","11":"first","12":"outofstock","13":"taxable","14":"shipping-taxable","15":"purchasable","16":"product-type-simple"},"_links":{"self":[{"href":"https:\/\/pruebas.michollo.to\/pt\/wp-json\/wp\/v2\/product\/16437","targetHints":{"allow":["GET"]}}],"collection":[{"href":"https:\/\/pruebas.michollo.to\/pt\/wp-json\/wp\/v2\/product"}],"about":[{"href":"https:\/\/pruebas.michollo.to\/pt\/wp-json\/wp\/v2\/types\/product"}],"replies":[{"embeddable":true,"href":"https:\/\/pruebas.michollo.to\/pt\/wp-json\/wp\/v2\/comments?post=16437"}],"wp:featuredmedia":[{"embeddable":true,"href":"https:\/\/pruebas.michollo.to\/pt\/wp-json\/wp\/v2\/media\/16439"}],"wp:attachment":[{"href":"https:\/\/pruebas.michollo.to\/pt\/wp-json\/wp\/v2\/media?parent=16437"}],"wp:term":[{"taxonomy":"product_brand","embeddable":true,"href":"https:\/\/pruebas.michollo.to\/pt\/wp-json\/wp\/v2\/product_brand?post=16437"},{"taxonomy":"product_cat","embeddable":true,"href":"https:\/\/pruebas.michollo.to\/pt\/wp-json\/wp\/v2\/product_cat?post=16437"},{"taxonomy":"product_tag","embeddable":true,"href":"https:\/\/pruebas.michollo.to\/pt\/wp-json\/wp\/v2\/product_tag?post=16437"}],"curies":[{"name":"wp","href":"https:\/\/api.w.org\/{rel}","templated":true}]}}