{"id":16859,"date":"2024-12-24T17:54:17","date_gmt":"2024-12-24T16:54:17","guid":{"rendered":"https:\/\/www.minandovoy.com\/?post_type=product&#038;p=16859"},"modified":"2025-08-07T11:31:48","modified_gmt":"2025-08-07T09:31:48","slug":"jasminer-x16-q-pro-2-05gh","status":"publish","type":"product","link":"https:\/\/pruebas.michollo.to\/pt\/produto\/jasminer-x16-q-pro-2-05gh\/","title":{"rendered":"JASMINER X16-Q PRO 2.05GH"},"content":{"rendered":"<p>O JASMINER X16-Q Pro est\u00e1 equipado com o motor inteligente de alto desempenho desenvolvido pela JASMINER, baseado no chip aritm\u00e9tico de \"armazenamento e computa\u00e7\u00e3o\" de alto desempenho l\u00edder mundial, constru\u00eddo especificamente para redes de blockchain \"complexas gigantes\".<\/p>\n<p>Requer apenas 520w\u00b110% de consumo de energia para atingir uma taxa de hash ultra-elevada de 2050MH\/s\u00b110%, proporcionando um novo desempenho para reduzir os custos e aumentar a efici\u00eancia de aplica\u00e7\u00f5es como utiliza\u00e7\u00e3o dom\u00e9stica, sala de servidores IDC ou locais profissionais. Com m\u00faltiplas vantagens, como alta pot\u00eancia e baixo consumo de energia, f\u00e1cil implanta\u00e7\u00e3o, sil\u00eancio e respeito ao meio ambiente, ele proporciona aos clientes uma experi\u00eancia absolutamente conveniente.<\/p>\n<div class=\"asicminer-widget-container\" style=\"width: 100%; min-height: 300px;\">\n            <iframe id=\"asicminer-widget-9010\" \n                    src=\"https:\/\/pruebas.michollo.to\/wp-content\/themes\/minandovoy\/proxy-widget.php?miner=jasminer\/x16-q-pro&#038;type=profit&#038;theme=dark\" \n                    width=\"100%\" \n                    height=\"300\" \n                    frameborder=\"0\"\n                    loading=\"lazy\"\n                    style=\"border: none; overflow: hidden;\"\n                    title=\"ASIC Miner Widget\">\n            <\/iframe>\n        <\/div>\n<p>&nbsp;<\/p>\n<p>&nbsp;<\/p>","protected":false},"excerpt":{"rendered":"<p>JASMINER X16-Q Pro est\u00e1 equipado con el motor inteligente de alto rendimiento desarrollado por JASMINER, basado en el chip aritm\u00e9tico de alto rendimiento de &#8220;almacenamiento e inform\u00e1tica&#8221; l\u00edder en el mundo, construido espec\u00edficamente para redes blockchain &#8220;gigantes complejas&#8221;. Requiere solo 520w\u00b110% del consumo de energ\u00eda para obtener 2050MH\/s\u00b110% de tasa de hash ultraalta, lo que [&hellip;]<\/p>\n","protected":false},"featured_media":16862,"comment_status":"open","ping_status":"closed","template":"","meta":[],"product_brand":[],"product_cat":[19],"product_tag":[244,138,137],"class_list":{"0":"post-16859","1":"product","2":"type-product","3":"status-publish","4":"has-post-thumbnail","6":"product_cat-mineros","7":"product_tag-gme","8":"product_tag-mineros-para-avanzados","9":"product_tag-mineros-para-principiantes","11":"first","12":"outofstock","13":"taxable","14":"shipping-taxable","15":"purchasable","16":"product-type-simple"},"_links":{"self":[{"href":"https:\/\/pruebas.michollo.to\/pt\/wp-json\/wp\/v2\/product\/16859","targetHints":{"allow":["GET"]}}],"collection":[{"href":"https:\/\/pruebas.michollo.to\/pt\/wp-json\/wp\/v2\/product"}],"about":[{"href":"https:\/\/pruebas.michollo.to\/pt\/wp-json\/wp\/v2\/types\/product"}],"replies":[{"embeddable":true,"href":"https:\/\/pruebas.michollo.to\/pt\/wp-json\/wp\/v2\/comments?post=16859"}],"wp:featuredmedia":[{"embeddable":true,"href":"https:\/\/pruebas.michollo.to\/pt\/wp-json\/wp\/v2\/media\/16862"}],"wp:attachment":[{"href":"https:\/\/pruebas.michollo.to\/pt\/wp-json\/wp\/v2\/media?parent=16859"}],"wp:term":[{"taxonomy":"product_brand","embeddable":true,"href":"https:\/\/pruebas.michollo.to\/pt\/wp-json\/wp\/v2\/product_brand?post=16859"},{"taxonomy":"product_cat","embeddable":true,"href":"https:\/\/pruebas.michollo.to\/pt\/wp-json\/wp\/v2\/product_cat?post=16859"},{"taxonomy":"product_tag","embeddable":true,"href":"https:\/\/pruebas.michollo.to\/pt\/wp-json\/wp\/v2\/product_tag?post=16859"}],"curies":[{"name":"wp","href":"https:\/\/api.w.org\/{rel}","templated":true}]}}