{"id":16879,"date":"2024-12-26T11:19:23","date_gmt":"2024-12-26T10:19:23","guid":{"rendered":"https:\/\/www.minandovoy.com\/?post_type=product&#038;p=16879"},"modified":"2026-02-23T13:13:22","modified_gmt":"2026-02-23T12:13:22","slug":"bitmain-antminer-s21-pro","status":"publish","type":"product","link":"https:\/\/pruebas.michollo.to\/pt\/produto\/bitmain-antminer-s21-pro-220th\/","title":{"rendered":"Bitmain Antminer S21 PRO 234TH"},"content":{"rendered":"<p>La \u00faltima innovaci\u00f3n de la prestigiosa empresa de hardware de miner\u00eda Bitmain, el Antminer S21 pro, es un minero de Bitcoin de primera calidad con una tasa de hash m\u00e1xima de 245Th\/s, que ayuda a los mineros a resolver rompecabezas m\u00e1s r\u00e1pido y a minar Bitcoins m\u00e1s r\u00e1pidamente. El Bitmain Antminer S21 pro consume menos energ\u00eda, 3550W.<\/p>\n<p>Con dos ventiladores de alta velocidad, el Antminer S21 pro disipa el calor al instante, evitando que la m\u00e1quina se sobrecaliente. Mantener la temperatura atmosf\u00e9rica de 0 a 40 \u00b0C y la humedad del 10 al 90 % es obligatorio para un mejor rendimiento en la miner\u00eda. Adem\u00e1s, es muy recomendable colocar su Antminer S21 pro en un lugar m\u00e1s fresco para prolongar su vida \u00fatil.<\/p>\n<div class=\"asicminer-widget-container\" style=\"width: 100%; min-height: 300px;\">\n            <iframe id=\"asicminer-widget-3830\" \n                    src=\"https:\/\/pruebas.michollo.to\/wp-content\/themes\/minandovoy\/proxy-widget.php?miner=bitmain\/antminer-s21-pro-234th&#038;type=profit&#038;theme=dark\" \n                    width=\"100%\" \n                    height=\"300\" \n                    frameborder=\"0\"\n                    loading=\"lazy\"\n                    style=\"border: none; overflow: hidden;\"\n                    title=\"ASIC Miner Widget\">\n            <\/iframe>\n        <\/div>\n<p>Garant\u00eda total de 1 a\u00f1o.Protege tanto piezas como mano de obra y te da acceso a nuestro soporte t\u00e9cnico especializado. Ante cualquier incidencia, solo tienes que abrir un ticket en tu \u00e1rea de cliente: nos ocupamos de la reparaci\u00f3n o sustituci\u00f3n sin coste a\u00f1adido.<\/p>\n<p>&nbsp;<\/p>","protected":false},"excerpt":{"rendered":"<p>La \u00faltima innovaci\u00f3n de la prestigiosa empresa de hardware de miner\u00eda Bitmain, el Antminer S21 pro, es un minero de Bitcoin de primera calidad con una tasa de hash m\u00e1xima de 245Th\/s, que ayuda a los mineros a resolver rompecabezas m\u00e1s r\u00e1pido y a minar Bitcoins m\u00e1s r\u00e1pidamente. El Bitmain Antminer S21 pro consume menos [&hellip;]<\/p>\n","protected":false},"featured_media":16883,"comment_status":"open","ping_status":"closed","template":"","meta":[],"product_brand":[],"product_cat":[19],"product_tag":[244,138,137,605],"class_list":{"0":"post-16879","1":"product","2":"type-product","3":"status-publish","4":"has-post-thumbnail","6":"product_cat-mineros","7":"product_tag-gme","8":"product_tag-mineros-para-avanzados","9":"product_tag-mineros-para-principiantes","10":"product_tag-top-ventas","12":"first","13":"instock","14":"taxable","15":"shipping-taxable","16":"purchasable","17":"product-type-simple"},"_links":{"self":[{"href":"https:\/\/pruebas.michollo.to\/pt\/wp-json\/wp\/v2\/product\/16879","targetHints":{"allow":["GET"]}}],"collection":[{"href":"https:\/\/pruebas.michollo.to\/pt\/wp-json\/wp\/v2\/product"}],"about":[{"href":"https:\/\/pruebas.michollo.to\/pt\/wp-json\/wp\/v2\/types\/product"}],"replies":[{"embeddable":true,"href":"https:\/\/pruebas.michollo.to\/pt\/wp-json\/wp\/v2\/comments?post=16879"}],"wp:featuredmedia":[{"embeddable":true,"href":"https:\/\/pruebas.michollo.to\/pt\/wp-json\/wp\/v2\/media\/16883"}],"wp:attachment":[{"href":"https:\/\/pruebas.michollo.to\/pt\/wp-json\/wp\/v2\/media?parent=16879"}],"wp:term":[{"taxonomy":"product_brand","embeddable":true,"href":"https:\/\/pruebas.michollo.to\/pt\/wp-json\/wp\/v2\/product_brand?post=16879"},{"taxonomy":"product_cat","embeddable":true,"href":"https:\/\/pruebas.michollo.to\/pt\/wp-json\/wp\/v2\/product_cat?post=16879"},{"taxonomy":"product_tag","embeddable":true,"href":"https:\/\/pruebas.michollo.to\/pt\/wp-json\/wp\/v2\/product_tag?post=16879"}],"curies":[{"name":"wp","href":"https:\/\/api.w.org\/{rel}","templated":true}]}}