{"id":17299,"date":"2025-01-29T12:55:48","date_gmt":"2025-01-29T11:55:48","guid":{"rendered":"https:\/\/www.minandovoy.com\/?post_type=product&#038;p=17299"},"modified":"2026-02-23T13:15:29","modified_gmt":"2026-02-23T12:15:29","slug":"bitmain-antminer-e11-9-5-gh-etc-zil","status":"publish","type":"product","link":"https:\/\/pruebas.michollo.to\/pt\/produto\/bitmain-antminer-e11-9-5-gh-etc-zil\/","title":{"rendered":"Bitmain Antminer E11 9.5 GH- ETC+ ZIL"},"content":{"rendered":"<p>- Poderoso desempenho de minera\u00e7\u00e3o ETC e ZIL: Equipado com a mais recente tecnologia ASIC (circuito integrado de aplica\u00e7\u00e3o espec\u00edfica), o Antminer E11 9G 2340W foi concebido para um desempenho \u00f3timo na minera\u00e7\u00e3o de Bitcoin (BTC) e Ethereum Classic (ETC). Esta tecnologia avan\u00e7ada garante um processamento de transac\u00e7\u00f5es mais r\u00e1pido e eficiente, maximizando a rentabilidade da minera\u00e7\u00e3o para ambas as criptomoedas.<\/p>\n<p>- Design dur\u00e1vel e fi\u00e1vel: Constru\u00eddo para durar, o Antminer E11 possui um sistema de arrefecimento de alta qualidade que assegura temperaturas de funcionamento est\u00e1veis, mesmo com cargas de trabalho pesadas. Isto melhora a efici\u00eancia operacional a longo prazo para a explora\u00e7\u00e3o mineira ETC e ZIL. O design da ventoinha reduz o ru\u00eddo e melhora o fluxo de ar, garantindo um melhor arrefecimento e uma experi\u00eancia de explora\u00e7\u00e3o mineira mais silenciosa.<\/p>\n<p>Configura\u00e7\u00e3o f\u00e1cil e interface de f\u00e1cil utiliza\u00e7\u00e3o: A configura\u00e7\u00e3o do Antminer E11 9G 2340W \u00e9 simples, mesmo para os principiantes no sector mineiro. Com a sua interface intuitiva, \u00e9 f\u00e1cil configurar, monitorizar e gerir as suas actividades de minera\u00e7\u00e3o de BTC e ETC. Quer esteja a minerar sozinho ou a juntar-se a um grupo, este minerador simplifica o processo, para que possa come\u00e7ar a minerar de imediato.<\/p>\n<p>- Envio global eficiente: oferecemos envio para todo o mundo para o Bitmain Antminer E11 9G 2340W, garantindo que pode come\u00e7ar a extrair ETC e ZIL, independentemente do local onde se encontre. O nosso servi\u00e7o de entrega r\u00e1pido e seguro garante que o seu mineiro chegar\u00e1 at\u00e9 si de forma eficiente e segura, para que possa come\u00e7ar a maximizar o seu potencial de minera\u00e7\u00e3o.<\/p>\n<p>-Efici\u00eancia m\u00e1xima para BTC e ETC: O Antminer E11 9G 2340W n\u00e3o se limita \u00e0 extra\u00e7\u00e3o de Bitcoin. Com suas poderosas capacidades de processamento, este minerador tamb\u00e9m suporta Ethereum Classic (ETC), oferecendo versatilidade para mineradores que buscam expandir seu portf\u00f3lio de criptomoedas. Desfrute de um desempenho de minera\u00e7\u00e3o melhorado para ambas as principais criptomoedas.<\/p>","protected":false},"excerpt":{"rendered":"<p>&#8211; Potente rendimiento de miner\u00eda ETC y ZIL: equipado con la \u00faltima tecnolog\u00eda ASIC (circuito integrado espec\u00edfico de aplicaci\u00f3n), el Antminer E11 9G 2340W est\u00e1 dise\u00f1ado para un rendimiento \u00f3ptimo tanto en miner\u00eda Bitcoin (BTC) como en Ethereum Classic (ETC). Esta tecnolog\u00eda avanzada garantiza un procesamiento m\u00e1s r\u00e1pido y eficiente de las transacciones, maximizando la [&hellip;]<\/p>\n","protected":false},"featured_media":17300,"comment_status":"open","ping_status":"closed","template":"","meta":[],"product_brand":[],"product_cat":[15],"product_tag":[],"class_list":{"0":"post-17299","1":"product","2":"type-product","3":"status-publish","4":"has-post-thumbnail","6":"product_cat-sin-categorizar","8":"first","9":"instock","10":"taxable","11":"shipping-taxable","12":"purchasable","13":"product-type-simple"},"_links":{"self":[{"href":"https:\/\/pruebas.michollo.to\/pt\/wp-json\/wp\/v2\/product\/17299","targetHints":{"allow":["GET"]}}],"collection":[{"href":"https:\/\/pruebas.michollo.to\/pt\/wp-json\/wp\/v2\/product"}],"about":[{"href":"https:\/\/pruebas.michollo.to\/pt\/wp-json\/wp\/v2\/types\/product"}],"replies":[{"embeddable":true,"href":"https:\/\/pruebas.michollo.to\/pt\/wp-json\/wp\/v2\/comments?post=17299"}],"wp:featuredmedia":[{"embeddable":true,"href":"https:\/\/pruebas.michollo.to\/pt\/wp-json\/wp\/v2\/media\/17300"}],"wp:attachment":[{"href":"https:\/\/pruebas.michollo.to\/pt\/wp-json\/wp\/v2\/media?parent=17299"}],"wp:term":[{"taxonomy":"product_brand","embeddable":true,"href":"https:\/\/pruebas.michollo.to\/pt\/wp-json\/wp\/v2\/product_brand?post=17299"},{"taxonomy":"product_cat","embeddable":true,"href":"https:\/\/pruebas.michollo.to\/pt\/wp-json\/wp\/v2\/product_cat?post=17299"},{"taxonomy":"product_tag","embeddable":true,"href":"https:\/\/pruebas.michollo.to\/pt\/wp-json\/wp\/v2\/product_tag?post=17299"}],"curies":[{"name":"wp","href":"https:\/\/api.w.org\/{rel}","templated":true}]}}