{"id":17894,"date":"2025-04-30T11:52:46","date_gmt":"2025-04-30T09:52:46","guid":{"rendered":"https:\/\/www.minandovoy.com\/?post_type=product&#038;p=17894"},"modified":"2025-09-04T19:28:12","modified_gmt":"2025-09-04T17:28:12","slug":"antminer-l9-16-gh-con-hosting","status":"publish","type":"product","link":"https:\/\/pruebas.michollo.to\/pt\/produto\/antminer-l9-16-gh-con-hosting\/","title":{"rendered":"Antminer L9 16 Gh + HOSTING"},"content":{"rendered":"<p>El Antminer L9 16Gh de Bitmain es una excelente elecci\u00f3n para quienes buscan una soluci\u00f3n profesional y confiable en miner\u00eda. Fabricado por uno de los l\u00edderes del sector, ofrece un equilibrio ideal entre potencia y eficiencia. Su dise\u00f1o est\u00e1 pensado para brindar estabilidad en operaciones continuas, ya sea en instalaciones grandes o peque\u00f1os proyectos. Ideal para quienes quieren rendimiento sin complicaciones.<\/p>\n<div class=\"asicminer-widget-container\" style=\"width: 100%; min-height: 300px;\">\n            <iframe id=\"asicminer-widget-7053\" \n                    src=\"https:\/\/pruebas.michollo.to\/wp-content\/themes\/minandovoy\/proxy-widget.php?miner=bitmain\/antminer-l9-16gh&#038;type=profit&#038;theme=dark\" \n                    width=\"100%\" \n                    height=\"300\" \n                    frameborder=\"0\"\n                    loading=\"lazy\"\n                    style=\"border: none; overflow: hidden;\"\n                    title=\"ASIC Miner Widget\">\n            <\/iframe>\n        <\/div>\n<p>Costes incluidos:<br \/>\n&#8211; Antminer L9 16 Gh: 6425\u20ac<br \/>\n&#8211; Dos meses de luz por adelantado: 311,82\u20ac<br \/>\n&#8211; Deposito o fianza: 155,91\u20ac<br \/>\n&#8211; Gastos de instalaci\u00f3n: 80,07 \u20ac (Pago \u00fanico).<br \/>\n&#8211; Gastos de tramitaci\u00f3n y gestor\u00eda: 60 \u20ac\/a\u00f1o.<br \/>\n&#8211; Envio a Emiratos Arabes: 200\u20ac<br \/>\n&#8211; Envio interno a la granja 100\u20ac<\/p>","protected":false},"excerpt":{"rendered":"<p>El Antminer L9 16Gh de Bitmain es una excelente elecci\u00f3n para quienes buscan una soluci\u00f3n profesional y confiable en miner\u00eda. Fabricado por uno de los l\u00edderes del sector, ofrece un equilibrio ideal entre potencia y eficiencia. Su dise\u00f1o est\u00e1 pensado para brindar estabilidad en operaciones continuas, ya sea en instalaciones grandes o peque\u00f1os proyectos. Ideal [&hellip;]<\/p>\n","protected":false},"featured_media":17913,"comment_status":"open","ping_status":"closed","template":"","meta":[],"product_brand":[],"product_cat":[19],"product_tag":[244,245,138,139,606],"class_list":{"0":"post-17894","1":"product","2":"type-product","3":"status-publish","4":"has-post-thumbnail","6":"product_cat-mineros","7":"product_tag-gme","8":"product_tag-gmp","9":"product_tag-mineros-para-avanzados","10":"product_tag-mineros-para-expertos","11":"product_tag-top-rentables","13":"first","14":"instock","15":"downloadable","16":"virtual","17":"purchasable","18":"product-type-simple"},"_links":{"self":[{"href":"https:\/\/pruebas.michollo.to\/pt\/wp-json\/wp\/v2\/product\/17894","targetHints":{"allow":["GET"]}}],"collection":[{"href":"https:\/\/pruebas.michollo.to\/pt\/wp-json\/wp\/v2\/product"}],"about":[{"href":"https:\/\/pruebas.michollo.to\/pt\/wp-json\/wp\/v2\/types\/product"}],"replies":[{"embeddable":true,"href":"https:\/\/pruebas.michollo.to\/pt\/wp-json\/wp\/v2\/comments?post=17894"}],"wp:featuredmedia":[{"embeddable":true,"href":"https:\/\/pruebas.michollo.to\/pt\/wp-json\/wp\/v2\/media\/17913"}],"wp:attachment":[{"href":"https:\/\/pruebas.michollo.to\/pt\/wp-json\/wp\/v2\/media?parent=17894"}],"wp:term":[{"taxonomy":"product_brand","embeddable":true,"href":"https:\/\/pruebas.michollo.to\/pt\/wp-json\/wp\/v2\/product_brand?post=17894"},{"taxonomy":"product_cat","embeddable":true,"href":"https:\/\/pruebas.michollo.to\/pt\/wp-json\/wp\/v2\/product_cat?post=17894"},{"taxonomy":"product_tag","embeddable":true,"href":"https:\/\/pruebas.michollo.to\/pt\/wp-json\/wp\/v2\/product_tag?post=17894"}],"curies":[{"name":"wp","href":"https:\/\/api.w.org\/{rel}","templated":true}]}}