{"id":18654,"date":"2025-06-26T12:20:12","date_gmt":"2025-06-26T10:20:12","guid":{"rendered":"https:\/\/www.minandovoy.com\/?post_type=product&#038;p=18654"},"modified":"2026-02-23T13:33:25","modified_gmt":"2026-02-23T12:33:25","slug":"microbt-whatsminer-m60s-plus","status":"publish","type":"product","link":"https:\/\/pruebas.michollo.to\/pt\/produto\/microbt-whatsminer-m60s-plus\/","title":{"rendered":"MicroBT WhatsMiner M60S+"},"content":{"rendered":"<p>El MicroBT WhatsMiner M60S+ es un minero ASIC de alto rendimiento dise\u00f1ado para trabajar con el algoritmo SHA-256, utilizado principalmente en la miner\u00eda de Bitcoin (BTC). Este modelo ofrece una tasa de hash que var\u00eda entre 200 y 208 TH\/s, dependiendo del lote y configuraci\u00f3n, con una eficiencia energ\u00e9tica de aproximadamente 17 J\/TH. Su consumo el\u00e9ctrico ronda los 3,400 a 3,536W. Se trata de una soluci\u00f3n s\u00f3lida para operaciones que buscan un equilibrio entre potencia y eficiencia a un precio realmente competitivo.<\/p>\n<p>&nbsp;<\/p>\n<div class=\"mb-4\">\n<h3 class=\"\" data-start=\"166\" data-end=\"198\">\ud83d\udd27 Especifica\u00e7\u00f5es t\u00e9cnicas<\/h3>\n<\/div>\n<table class=\"w-full\">\n<tbody>\n<tr class=\"odd:bg-transparent even:bg-gray-1 odd:dark:bg-transparent even:dark:bg-black\/80\">\n<td class=\"min-w-40 py-1 pl-2\">Fabricante<\/td>\n<td class=\"pr-2 text-right\">MicroBT<\/td>\n<\/tr>\n<tr class=\"odd:bg-transparent even:bg-gray-1 odd:dark:bg-transparent even:dark:bg-black\/80\">\n<td class=\"min-w-40 py-1 pl-2\">Modelo<\/td>\n<td class=\"pr-2 text-right\">WhatsMiner M60S+<\/td>\n<\/tr>\n<tr class=\"odd:bg-transparent even:bg-gray-1 odd:dark:bg-transparent even:dark:bg-black\/80\">\n<td class=\"min-w-40 py-1 pl-2\">Lan\u00e7amento<\/td>\n<td class=\"pr-2 text-right\">Aug 2024<\/td>\n<\/tr>\n<tr class=\"odd:bg-transparent even:bg-gray-1 odd:dark:bg-transparent even:dark:bg-black\/80\">\n<td class=\"min-w-40 py-1 pl-2\">Tamanho<\/td>\n<td class=\"pr-2 text-right\">430 x 155 x 226mm<\/td>\n<\/tr>\n<tr class=\"odd:bg-transparent even:bg-gray-1 odd:dark:bg-transparent even:dark:bg-black\/80\">\n<td class=\"min-w-40 py-1 pl-2\">Peso<\/td>\n<td class=\"pr-2 text-right\">11900g<\/td>\n<\/tr>\n<tr class=\"odd:bg-transparent even:bg-gray-1 odd:dark:bg-transparent even:dark:bg-black\/80\">\n<td class=\"min-w-40 py-1 pl-2\">N\u00edvel de ru\u00eddo<\/td>\n<td class=\"pr-2 text-right\">75dB<\/td>\n<\/tr>\n<tr class=\"odd:bg-transparent even:bg-gray-1 odd:dark:bg-transparent even:dark:bg-black\/80\">\n<td class=\"min-w-40 py-1 pl-2\">Leque(s)<\/td>\n<td class=\"pr-2 text-right\">4<\/td>\n<\/tr>\n<tr class=\"odd:bg-transparent even:bg-gray-1 odd:dark:bg-transparent even:dark:bg-black\/80\">\n<td class=\"min-w-40 py-1 pl-2\">Pot\u00eancia<\/td>\n<td class=\"pr-2 text-right\">3600W<\/td>\n<\/tr>\n<tr class=\"odd:bg-transparent even:bg-gray-1 odd:dark:bg-transparent even:dark:bg-black\/80\">\n<td class=\"min-w-40 py-1 pl-2\">Interface<\/td>\n<td class=\"pr-2 text-right\">Ethernet<\/td>\n<\/tr>\n<tr class=\"odd:bg-transparent even:bg-gray-1 odd:dark:bg-transparent even:dark:bg-black\/80\">\n<td class=\"min-w-40 py-1 pl-2\">Temperatura<\/td>\n<td class=\"pr-2 text-right\">5 - 35 \u00b0C<\/td>\n<\/tr>\n<tr class=\"odd:bg-transparent even:bg-gray-1 odd:dark:bg-transparent even:dark:bg-black\/80\">\n<td class=\"min-w-40 py-1 pl-2\">Humidade<\/td>\n<td class=\"pr-2 text-right\">5 &#8211; 95 %<\/td>\n<\/tr>\n<\/tbody>\n<\/table>","protected":false},"excerpt":{"rendered":"<p>El MicroBT WhatsMiner M60S+ es un minero ASIC de alto rendimiento dise\u00f1ado para trabajar con el algoritmo SHA-256, utilizado principalmente en la miner\u00eda de Bitcoin (BTC). Este modelo ofrece una tasa de hash que var\u00eda entre 200 y 208 TH\/s, dependiendo del lote y configuraci\u00f3n, con una eficiencia energ\u00e9tica de aproximadamente 17 J\/TH. Su consumo [&hellip;]<\/p>\n","protected":false},"featured_media":18655,"comment_status":"open","ping_status":"closed","template":"","meta":[],"product_brand":[],"product_cat":[19],"product_tag":[244,138],"class_list":{"0":"post-18654","1":"product","2":"type-product","3":"status-publish","4":"has-post-thumbnail","6":"product_cat-mineros","7":"product_tag-gme","8":"product_tag-mineros-para-avanzados","10":"first","11":"instock","12":"taxable","13":"shipping-taxable","14":"purchasable","15":"product-type-variable","16":"has-default-attributes"},"_links":{"self":[{"href":"https:\/\/pruebas.michollo.to\/pt\/wp-json\/wp\/v2\/product\/18654","targetHints":{"allow":["GET"]}}],"collection":[{"href":"https:\/\/pruebas.michollo.to\/pt\/wp-json\/wp\/v2\/product"}],"about":[{"href":"https:\/\/pruebas.michollo.to\/pt\/wp-json\/wp\/v2\/types\/product"}],"replies":[{"embeddable":true,"href":"https:\/\/pruebas.michollo.to\/pt\/wp-json\/wp\/v2\/comments?post=18654"}],"wp:featuredmedia":[{"embeddable":true,"href":"https:\/\/pruebas.michollo.to\/pt\/wp-json\/wp\/v2\/media\/18655"}],"wp:attachment":[{"href":"https:\/\/pruebas.michollo.to\/pt\/wp-json\/wp\/v2\/media?parent=18654"}],"wp:term":[{"taxonomy":"product_brand","embeddable":true,"href":"https:\/\/pruebas.michollo.to\/pt\/wp-json\/wp\/v2\/product_brand?post=18654"},{"taxonomy":"product_cat","embeddable":true,"href":"https:\/\/pruebas.michollo.to\/pt\/wp-json\/wp\/v2\/product_cat?post=18654"},{"taxonomy":"product_tag","embeddable":true,"href":"https:\/\/pruebas.michollo.to\/pt\/wp-json\/wp\/v2\/product_tag?post=18654"}],"curies":[{"name":"wp","href":"https:\/\/api.w.org\/{rel}","templated":true}]}}