{"id":18990,"date":"2025-07-22T13:07:00","date_gmt":"2025-07-22T11:07:00","guid":{"rendered":"https:\/\/www.minandovoy.com\/?post_type=product&#038;p=18990"},"modified":"2026-02-23T13:18:47","modified_gmt":"2026-02-23T12:18:47","slug":"antminer-s21-xp-270th-con-hosting","status":"publish","type":"product","link":"https:\/\/pruebas.michollo.to\/pt\/produto\/antminer-s21-xp-270th-con-hosting\/","title":{"rendered":"Antminer s21 xp 270Th + HOSTING"},"content":{"rendered":"<p>En octubre de 2024, Bitmain lanz\u00f3 el Antminer S21 XP aire-refrescado, un ASIC de \u00faltima generaci\u00f3n optimizado para el algoritmo SHA-256, dise\u00f1ado para maximizar rendimiento y eficiencia en miner\u00eda profesional. Con una tasa de hash de 270 TH\/s y un consumo de 3645 W, logra una eficiencia energ\u00e9tica l\u00edder de 13.5 J\/TH. Su sistema de refrigeraci\u00f3n por aire con cuatro ventiladores asegura una disipaci\u00f3n t\u00e9rmica \u00f3ptima, mientras que su dise\u00f1o robusto y su interfaz Ethernet 10\/100 M garantizan fiabilidad y f\u00e1cil integraci\u00f3n en granjas mineras de gran escala.<\/p>\n<div class=\"asicminer-widget-container\" style=\"width: 100%; min-height: 300px;\">\n            <iframe id=\"asicminer-widget-8389\" \n                    src=\"https:\/\/pruebas.michollo.to\/wp-content\/themes\/minandovoy\/proxy-widget.php?miner=bitmain\/antmine-s21-xp-270th&#038;type=profit&#038;theme=dark\" \n                    width=\"100%\" \n                    height=\"300\" \n                    frameborder=\"0\"\n                    loading=\"lazy\"\n                    style=\"border: none; overflow: hidden;\"\n                    title=\"ASIC Miner Widget\">\n            <\/iframe>\n        <\/div>\n<p><strong data-start=\"273\" data-end=\"317\">Costes a\u00f1adidos (incluidos en el total):<\/strong><br data-start=\"317\" data-end=\"320\" \/>\u2013 Antminer S21 XP 270Th: 5.887,60 \u20ac<br data-start=\"351\" data-end=\"354\" data-is-only-node=\"\" \/>\u2013 Dos meses de luz por adelantado: 337.82 \u20ac<br data-start=\"397\" data-end=\"400\" \/>\u2013 Dep\u00f3sito o fianza: <span data-sheets-root=\"1\">168.83<\/span> \u20ac<br data-start=\"429\" data-end=\"432\" \/>\u2013 Gastos de instalaci\u00f3n (pago \u00fanico): 80,07 \u20ac<br data-start=\"477\" data-end=\"480\" \/>\u2013 Gastos de tramitaci\u00f3n y gestor\u00eda: 60 \u20ac\/a\u00f1o<br data-start=\"524\" data-end=\"527\" \/>\u2013 Env\u00edo a Emiratos \u00c1rabes: 200 \u20ac<br data-start=\"559\" data-end=\"562\" \/>\u2013 Env\u00edo interno a la granja: 100 \u20ac<\/p>","protected":false},"excerpt":{"rendered":"<p>En octubre de 2024, Bitmain lanz\u00f3 el Antminer S21 XP aire-refrescado, un ASIC de \u00faltima generaci\u00f3n optimizado para el algoritmo SHA-256, dise\u00f1ado para maximizar rendimiento y eficiencia en miner\u00eda profesional. Con una tasa de hash de 270 TH\/s y un consumo de 3645 W, logra una eficiencia energ\u00e9tica l\u00edder de 13.5 J\/TH. Su sistema de [&hellip;]<\/p>\n","protected":false},"featured_media":17913,"comment_status":"open","ping_status":"closed","template":"","meta":[],"product_brand":[],"product_cat":[19],"product_tag":[244,138,606],"class_list":{"0":"post-18990","1":"product","2":"type-product","3":"status-publish","4":"has-post-thumbnail","6":"product_cat-mineros","7":"product_tag-gme","8":"product_tag-mineros-para-avanzados","9":"product_tag-top-rentables","11":"first","12":"instock","13":"taxable","14":"shipping-taxable","15":"purchasable","16":"product-type-simple"},"_links":{"self":[{"href":"https:\/\/pruebas.michollo.to\/pt\/wp-json\/wp\/v2\/product\/18990","targetHints":{"allow":["GET"]}}],"collection":[{"href":"https:\/\/pruebas.michollo.to\/pt\/wp-json\/wp\/v2\/product"}],"about":[{"href":"https:\/\/pruebas.michollo.to\/pt\/wp-json\/wp\/v2\/types\/product"}],"replies":[{"embeddable":true,"href":"https:\/\/pruebas.michollo.to\/pt\/wp-json\/wp\/v2\/comments?post=18990"}],"wp:featuredmedia":[{"embeddable":true,"href":"https:\/\/pruebas.michollo.to\/pt\/wp-json\/wp\/v2\/media\/17913"}],"wp:attachment":[{"href":"https:\/\/pruebas.michollo.to\/pt\/wp-json\/wp\/v2\/media?parent=18990"}],"wp:term":[{"taxonomy":"product_brand","embeddable":true,"href":"https:\/\/pruebas.michollo.to\/pt\/wp-json\/wp\/v2\/product_brand?post=18990"},{"taxonomy":"product_cat","embeddable":true,"href":"https:\/\/pruebas.michollo.to\/pt\/wp-json\/wp\/v2\/product_cat?post=18990"},{"taxonomy":"product_tag","embeddable":true,"href":"https:\/\/pruebas.michollo.to\/pt\/wp-json\/wp\/v2\/product_tag?post=18990"}],"curies":[{"name":"wp","href":"https:\/\/api.w.org\/{rel}","templated":true}]}}