{"id":18997,"date":"2025-07-22T16:56:34","date_gmt":"2025-07-22T14:56:34","guid":{"rendered":"https:\/\/www.minandovoy.com\/?post_type=product&#038;p=18997"},"modified":"2025-07-25T10:57:27","modified_gmt":"2025-07-25T08:57:27","slug":"volcminer-d1-hydro-30gh","status":"publish","type":"product","link":"https:\/\/pruebas.michollo.to\/pt\/produto\/volcminer-d1-hydro-30gh\/","title":{"rendered":"VolcMiner D1 Hydro (30Gh)"},"content":{"rendered":"<p>El VolcMiner D1 Hydro (30Gh) es un minero ASIC especializado en el algoritmo Scrypt, dise\u00f1ado para la miner\u00eda de criptomonedas como Dogecoin (DOGE) y Litecoin (LTC). Ofrece una tasa de hash m\u00e1xima de 30Gh\/s y consume 7600W de potencia, lo que se traduce en una eficiencia energ\u00e9tica de 0.253j\/Mh.<\/p>\n<p>Garant\u00eda total de 1 a\u00f1o. Protege tanto piezas como mano de obra y te da acceso a nuestro soporte t\u00e9cnico especializado. Ante cualquier incidencia, solo tienes que abrir un ticket en tu \u00e1rea de cliente: nos ocupamos de la reparaci\u00f3n o sustituci\u00f3n sin coste a\u00f1adido.<\/p>\n<div id=\"preventa\" style=\"background: #050756; border-left: 6px solid white; color: white; padding: 16px 20px; margin: 20px 0; border-radius: 8px; font-family: revert; box-shadow: 3px 1px 0px 5px rgb(0 69 255 \/ 33%); transition: transform 0.5s ease-in-out, box-shadow 0.5s ease-in-out;\"><center><strong>\u00a1Preventa exclusiva disponible! \ud83e\udd11<\/strong><\/center><br \/>\n<center>Este producto se encuentra en <strong>precompra<\/strong> y saldr\u00e1 de f\u00e1brica a <strong>inicios de Enero<\/strong>. Las primeras entregas comenzar\u00e1n a finales de Enero. \u00a1Asegura el tuyo hoy y <strong>s\u00e9 de los primeros<\/strong> en recibirlo! \ud83d\ude0a<\/center><\/div>\n<div class=\"mb-4\">\n<h3 class=\"\" data-start=\"166\" data-end=\"198\">\ud83d\udd27 Especifica\u00e7\u00f5es t\u00e9cnicas<\/h3>\n<\/div>\n<table class=\"w-full\">\n<tbody>\n<tr class=\"odd:bg-transparent even:bg-gray-1 odd:dark:bg-transparent even:dark:bg-black\/80\">\n<td class=\"min-w-40 py-1 pl-2\">Fabricante<\/td>\n<td class=\"pr-2 text-right\">VolcMiner<\/td>\n<\/tr>\n<tr class=\"odd:bg-transparent even:bg-gray-1 odd:dark:bg-transparent even:dark:bg-black\/80\">\n<td class=\"min-w-40 py-1 pl-2\">Modelo<\/td>\n<td class=\"pr-2 text-right\">D1 Hydro (30Gh)<\/td>\n<\/tr>\n<tr class=\"odd:bg-transparent even:bg-gray-1 odd:dark:bg-transparent even:dark:bg-black\/80\">\n<td class=\"min-w-40 py-1 pl-2\">Tamb\u00e9m conhecido como<\/td>\n<td class=\"pr-2 text-right\">VolcMiner D1 Hydro (30,4Gh)<\/td>\n<\/tr>\n<tr class=\"odd:bg-transparent even:bg-gray-1 odd:dark:bg-transparent even:dark:bg-black\/80\">\n<td class=\"min-w-40 py-1 pl-2\">Lan\u00e7amento<\/td>\n<td class=\"pr-2 text-right\">Feb 2025<\/td>\n<\/tr>\n<tr class=\"odd:bg-transparent even:bg-gray-1 odd:dark:bg-transparent even:dark:bg-black\/80\">\n<td class=\"min-w-40 py-1 pl-2\">Tamanho<\/td>\n<td class=\"pr-2 text-right\">655 x 445 x 90mm<\/td>\n<\/tr>\n<tr class=\"odd:bg-transparent even:bg-gray-1 odd:dark:bg-transparent even:dark:bg-black\/80\">\n<td class=\"min-w-40 py-1 pl-2\">Peso<\/td>\n<td class=\"pr-2 text-right\">28600g<\/td>\n<\/tr>\n<tr class=\"odd:bg-transparent even:bg-gray-1 odd:dark:bg-transparent even:dark:bg-black\/80\">\n<td class=\"min-w-40 py-1 pl-2\">N\u00edvel de ru\u00eddo<\/td>\n<td class=\"pr-2 text-right\">50dB<\/td>\n<\/tr>\n<tr class=\"odd:bg-transparent even:bg-gray-1 odd:dark:bg-transparent even:dark:bg-black\/80\">\n<td class=\"min-w-40 py-1 pl-2\">Arrefecimento<\/td>\n<td class=\"pr-2 text-right\">Hidro-resfriamento<\/td>\n<\/tr>\n<tr class=\"odd:bg-transparent even:bg-gray-1 odd:dark:bg-transparent even:dark:bg-black\/80\">\n<td class=\"min-w-40 py-1 pl-2\">Pot\u00eancia<\/td>\n<td class=\"pr-2 text-right\">7600W<\/td>\n<\/tr>\n<tr class=\"odd:bg-transparent even:bg-gray-1 odd:dark:bg-transparent even:dark:bg-black\/80\">\n<td class=\"min-w-40 py-1 pl-2\">Tens\u00e3o<\/td>\n<td class=\"pr-2 text-right\">170-300V<\/td>\n<\/tr>\n<tr class=\"odd:bg-transparent even:bg-gray-1 odd:dark:bg-transparent even:dark:bg-black\/80\">\n<td class=\"min-w-40 py-1 pl-2\">Formato rack<\/td>\n<td class=\"pr-2 text-right\">2U<\/td>\n<\/tr>\n<tr class=\"odd:bg-transparent even:bg-gray-1 odd:dark:bg-transparent even:dark:bg-black\/80\">\n<td class=\"min-w-40 py-1 pl-2\">Interface<\/td>\n<td class=\"pr-2 text-right\">Ethernet<\/td>\n<\/tr>\n<tr class=\"odd:bg-transparent even:bg-gray-1 odd:dark:bg-transparent even:dark:bg-black\/80\">\n<td class=\"min-w-40 py-1 pl-2\">Temperatura<\/td>\n<td class=\"pr-2 text-right\">5 - 45 \u00b0C<\/td>\n<\/tr>\n<tr class=\"odd:bg-transparent even:bg-gray-1 odd:dark:bg-transparent even:dark:bg-black\/80\">\n<td class=\"min-w-40 py-1 pl-2\">Humidade<\/td>\n<td class=\"pr-2 text-right\">10 &#8211; 90 %<\/td>\n<\/tr>\n<\/tbody>\n<\/table>","protected":false},"excerpt":{"rendered":"<p>El VolcMiner D1 Hydro (30Gh) es un minero ASIC especializado en el algoritmo Scrypt, dise\u00f1ado para la miner\u00eda de criptomonedas como Dogecoin (DOGE) y Litecoin (LTC). Ofrece una tasa de hash m\u00e1xima de 30Gh\/s y consume 7600W de potencia, lo que se traduce en una eficiencia energ\u00e9tica de 0.253j\/Mh. Garant\u00eda total de 1 a\u00f1o. Protege [&hellip;]<\/p>\n","protected":false},"featured_media":18526,"comment_status":"open","ping_status":"closed","template":"","meta":[],"product_brand":[],"product_cat":[19],"product_tag":[244,139],"class_list":{"0":"post-18997","1":"product","2":"type-product","3":"status-publish","4":"has-post-thumbnail","6":"product_cat-mineros","7":"product_tag-gme","8":"product_tag-mineros-para-expertos","10":"first","11":"onbackorder","12":"taxable","13":"shipping-taxable","14":"purchasable","15":"product-type-simple"},"_links":{"self":[{"href":"https:\/\/pruebas.michollo.to\/pt\/wp-json\/wp\/v2\/product\/18997","targetHints":{"allow":["GET"]}}],"collection":[{"href":"https:\/\/pruebas.michollo.to\/pt\/wp-json\/wp\/v2\/product"}],"about":[{"href":"https:\/\/pruebas.michollo.to\/pt\/wp-json\/wp\/v2\/types\/product"}],"replies":[{"embeddable":true,"href":"https:\/\/pruebas.michollo.to\/pt\/wp-json\/wp\/v2\/comments?post=18997"}],"wp:featuredmedia":[{"embeddable":true,"href":"https:\/\/pruebas.michollo.to\/pt\/wp-json\/wp\/v2\/media\/18526"}],"wp:attachment":[{"href":"https:\/\/pruebas.michollo.to\/pt\/wp-json\/wp\/v2\/media?parent=18997"}],"wp:term":[{"taxonomy":"product_brand","embeddable":true,"href":"https:\/\/pruebas.michollo.to\/pt\/wp-json\/wp\/v2\/product_brand?post=18997"},{"taxonomy":"product_cat","embeddable":true,"href":"https:\/\/pruebas.michollo.to\/pt\/wp-json\/wp\/v2\/product_cat?post=18997"},{"taxonomy":"product_tag","embeddable":true,"href":"https:\/\/pruebas.michollo.to\/pt\/wp-json\/wp\/v2\/product_tag?post=18997"}],"curies":[{"name":"wp","href":"https:\/\/api.w.org\/{rel}","templated":true}]}}