{"id":19545,"date":"2025-10-09T13:51:42","date_gmt":"2025-10-09T11:51:42","guid":{"rendered":"https:\/\/www.minandovoy.com\/?post_type=product&#038;p=19545"},"modified":"2026-02-23T13:07:51","modified_gmt":"2026-02-23T12:07:51","slug":"fluminer-l3","status":"publish","type":"product","link":"https:\/\/pruebas.michollo.to\/pt\/produto\/fluminer-l3\/","title":{"rendered":"Fluminer L3 \u2013 Minero ASIC Scrypt 9,5 GH\/s para DOGE \/ LTC"},"content":{"rendered":"<p data-start=\"84\" data-end=\"727\">El Fluminer L3 es un minero ASIC dise\u00f1ado espec\u00edficamente para el algoritmo <strong data-start=\"175\" data-end=\"185\">Scrypt<\/strong>, ideal para la miner\u00eda de <strong data-start=\"212\" data-end=\"231\">Dogecoin (DOGE)<\/strong> y <strong data-start=\"234\" data-end=\"252\">Litecoin (LTC)<\/strong>. Sus especificaciones avanzadas ofrecen una tasa de hash de <strong data-start=\"313\" data-end=\"325\" data-is-only-node=\"\">9,5 GH\/s<\/strong>, con un consumo energ\u00e9tico de <strong data-start=\"356\" data-end=\"367\">1.700 W<\/strong>, lo que proporciona una eficiencia aproximada de <strong data-start=\"417\" data-end=\"431\">0,179 J\/MH<\/strong>. Este equipo es perfecto tanto para operadores profesionales como para usuarios que desean una soluci\u00f3n potente y confiable para miner\u00eda 24\/7. Su dise\u00f1o incluye bajo nivel de ruido (\u2248 45 dB), conexiones Ethernet y WiFi, y un rango de operaci\u00f3n de <strong data-start=\"679\" data-end=\"695\">5 \u00b0C a 40 \u00b0C<\/strong>. Incluye <strong data-start=\"705\" data-end=\"726\">1 a\u00f1o de garant\u00eda<\/strong>.<\/p>\n<p data-start=\"729\" data-end=\"743\">Ficha t\u00e9cnica:<\/p>\n<div class=\"_tableContainer_1rjym_1\">\n<div class=\"group _tableWrapper_1rjym_13 flex w-fit flex-col-reverse\" tabindex=\"-1\">\n<table class=\"w-fit min-w-(--thread-content-width)\" data-start=\"745\" data-end=\"2127\">\n<thead data-start=\"745\" data-end=\"828\">\n<tr data-start=\"745\" data-end=\"828\">\n<th data-start=\"745\" data-end=\"776\" data-col-size=\"sm\">Par\u00e1metro<\/th>\n<th data-start=\"776\" data-end=\"828\" data-col-size=\"sm\">Valor<\/th>\n<\/tr>\n<\/thead>\n<tbody data-start=\"914\" data-end=\"2127\">\n<tr data-start=\"914\" data-end=\"999\">\n<td data-start=\"914\" data-end=\"945\" data-col-size=\"sm\">Tasa de hash (hashrate)<\/td>\n<td data-start=\"945\" data-end=\"999\" data-col-size=\"sm\">9,5 GH\/s<\/td>\n<\/tr>\n<tr data-start=\"1000\" data-end=\"1085\">\n<td data-start=\"1000\" data-end=\"1031\" data-col-size=\"sm\">Consumo de eletricidade<\/td>\n<td data-start=\"1031\" data-end=\"1085\" data-col-size=\"sm\">1.700 W<\/td>\n<\/tr>\n<tr data-start=\"1086\" data-end=\"1171\">\n<td data-start=\"1086\" data-end=\"1117\" data-col-size=\"sm\">Efici\u00eancia energ\u00e9tica<\/td>\n<td data-col-size=\"sm\" data-start=\"1117\" data-end=\"1171\">0,179 J\/MH<\/td>\n<\/tr>\n<tr data-start=\"1172\" data-end=\"1257\">\n<td data-start=\"1172\" data-end=\"1203\" data-col-size=\"sm\">Algoritmo<\/td>\n<td data-start=\"1203\" data-end=\"1257\" data-col-size=\"sm\">Scrypt<\/td>\n<\/tr>\n<tr data-start=\"1258\" data-end=\"1343\">\n<td data-start=\"1258\" data-end=\"1289\" data-col-size=\"sm\">Criptomoneda dirigida<\/td>\n<td data-col-size=\"sm\" data-start=\"1289\" data-end=\"1343\">Dogecoin (DOGE), Litecoin (LTC)<\/td>\n<\/tr>\n<tr data-start=\"1344\" data-end=\"1430\">\n<td data-start=\"1344\" data-end=\"1376\" data-col-size=\"sm\">Dimens\u00f5es<\/td>\n<td data-start=\"1376\" data-end=\"1430\" data-col-size=\"sm\">450 \u00d7 140 \u00d7 300 mm<\/td>\n<\/tr>\n<tr data-start=\"1431\" data-end=\"1517\">\n<td data-start=\"1431\" data-end=\"1463\" data-col-size=\"sm\">Peso<\/td>\n<td data-start=\"1463\" data-end=\"1517\" data-col-size=\"sm\">13,8 kg<\/td>\n<\/tr>\n<tr data-start=\"1518\" data-end=\"1604\">\n<td data-start=\"1518\" data-end=\"1550\" data-col-size=\"sm\">N\u00edvel de ru\u00eddo<\/td>\n<td data-start=\"1550\" data-end=\"1604\" data-col-size=\"sm\">\u2264 45 dB<\/td>\n<\/tr>\n<tr data-start=\"1605\" data-end=\"1690\">\n<td data-start=\"1605\" data-end=\"1637\" data-col-size=\"sm\">F\u00e3s<\/td>\n<td data-start=\"1637\" data-end=\"1690\" data-col-size=\"sm\">\u2014<\/td>\n<\/tr>\n<tr data-start=\"1691\" data-end=\"1778\">\n<td data-start=\"1691\" data-end=\"1723\" data-col-size=\"sm\">Tens\u00e3o de entrada<\/td>\n<td data-start=\"1723\" data-end=\"1778\" data-col-size=\"sm\">110-240 V AC<\/td>\n<\/tr>\n<tr data-start=\"1779\" data-end=\"1865\">\n<td data-start=\"1779\" data-end=\"1811\" data-col-size=\"sm\">Rango de operaci\u00f3n<\/td>\n<td data-start=\"1811\" data-end=\"1865\" data-col-size=\"sm\">5 - 40 \u00b0C<\/td>\n<\/tr>\n<tr data-start=\"1866\" data-end=\"1952\">\n<td data-start=\"1866\" data-end=\"1898\" data-col-size=\"sm\">Interfaz de conexi\u00f3n<\/td>\n<td data-start=\"1898\" data-end=\"1952\" data-col-size=\"sm\">Ethernet \/ WiFi<\/td>\n<\/tr>\n<tr data-start=\"1953\" data-end=\"2040\">\n<td data-start=\"1953\" data-end=\"1986\" data-col-size=\"sm\">Garantia<\/td>\n<td data-start=\"1986\" data-end=\"2040\" data-col-size=\"sm\">1 a\u00f1o (desde la fecha de env\u00edo)<\/td>\n<\/tr>\n<\/tbody>\n<\/table>\n<\/div>\n<\/div>","protected":false},"excerpt":{"rendered":"<p>O <strong data-start=\"1499\" data-end=\"1514\">Fluminer L3<\/strong> ofrece <strong data-start=\"1522\" data-end=\"1553\">9,5 GH\/s de potencia Scrypt<\/strong> con solo <strong data-start=\"1563\" data-end=\"1585\">1.700 W de consumo<\/strong>, ideal para minar <strong data-start=\"1604\" data-end=\"1627\">Dogecoin y Litecoin<\/strong> con m\u00e1xima eficiencia y bajo nivel de ruido. Con garant\u00eda de 1 a\u00f1o, es la opci\u00f3n perfecta para una miner\u00eda estable y rentable.<\/p>","protected":false},"featured_media":19546,"comment_status":"open","ping_status":"closed","template":"","meta":[],"product_brand":[],"product_cat":[19],"product_tag":[244,138,137],"class_list":{"0":"post-19545","1":"product","2":"type-product","3":"status-publish","4":"has-post-thumbnail","6":"product_cat-mineros","7":"product_tag-gme","8":"product_tag-mineros-para-avanzados","9":"product_tag-mineros-para-principiantes","11":"first","12":"instock","13":"taxable","14":"shipping-taxable","15":"purchasable","16":"product-type-simple"},"_links":{"self":[{"href":"https:\/\/pruebas.michollo.to\/pt\/wp-json\/wp\/v2\/product\/19545","targetHints":{"allow":["GET"]}}],"collection":[{"href":"https:\/\/pruebas.michollo.to\/pt\/wp-json\/wp\/v2\/product"}],"about":[{"href":"https:\/\/pruebas.michollo.to\/pt\/wp-json\/wp\/v2\/types\/product"}],"replies":[{"embeddable":true,"href":"https:\/\/pruebas.michollo.to\/pt\/wp-json\/wp\/v2\/comments?post=19545"}],"wp:featuredmedia":[{"embeddable":true,"href":"https:\/\/pruebas.michollo.to\/pt\/wp-json\/wp\/v2\/media\/19546"}],"wp:attachment":[{"href":"https:\/\/pruebas.michollo.to\/pt\/wp-json\/wp\/v2\/media?parent=19545"}],"wp:term":[{"taxonomy":"product_brand","embeddable":true,"href":"https:\/\/pruebas.michollo.to\/pt\/wp-json\/wp\/v2\/product_brand?post=19545"},{"taxonomy":"product_cat","embeddable":true,"href":"https:\/\/pruebas.michollo.to\/pt\/wp-json\/wp\/v2\/product_cat?post=19545"},{"taxonomy":"product_tag","embeddable":true,"href":"https:\/\/pruebas.michollo.to\/pt\/wp-json\/wp\/v2\/product_tag?post=19545"}],"curies":[{"name":"wp","href":"https:\/\/api.w.org\/{rel}","templated":true}]}}