{"id":1974,"date":"2023-05-22T06:44:28","date_gmt":"2023-05-22T08:44:28","guid":{"rendered":"https:\/\/www.minandovoy.com\/?post_type=product&#038;p=1974"},"modified":"2025-05-09T14:47:16","modified_gmt":"2025-05-09T12:47:16","slug":"antminer-ks3-8-3t","status":"publish","type":"product","link":"https:\/\/pruebas.michollo.to\/pt\/produto\/antminer-ks3-8-3t\/","title":{"rendered":"Novo Bitmain Antminer KS3 8.3T Mining KAS14"},"content":{"rendered":"<p>A Bitmain, um dos principais fabricantes de equipamento de minera\u00e7\u00e3o de Bitcoin, anunciou o lan\u00e7amento do seu primeiro mineiro concebido especificamente para a criptomoeda Kaspa (KAS). Chama-se Antminer KS3.<\/p>\n<p>Este novo dispositivo atinge uma taxa de hash de 8,3 terahashes por segundo (Th\/s). A efici\u00eancia energ\u00e9tica tamb\u00e9m \u00e9 um destaque do KS3, com 3.188W. Vale ressaltar que a Bitmain, que tamb\u00e9m fabrica mineradores ASIC para Bitcoin, Litecoin, Ethereum Classic e Zcash, ainda n\u00e3o divulgou o pre\u00e7o do KS3 para minerar Kaspa.<\/p>\n<p>O lan\u00e7amento do KS3 representa um marco importante tanto para a Bitmain quanto para a Kaspa. Embora a Kaspa seja uma criptomoeda relativamente nova, alcan\u00e7ou uma posi\u00e7\u00e3o forte na ind\u00fastria em muito pouco tempo. A taxa de hash da Kaspa triplicou no primeiro trimestre de 2023. No final do ano passado, ap\u00f3s a fus\u00e3o do Ethereum, tornou-se uma das criptomoedas mais lucrativas para minerar com placas gr\u00e1ficas (GPUs).<\/p>\n<h3>O que \u00e9 Kaspa?<\/h3>\n<p>A Kaspa \u00e9 uma criptomoeda que se baseia na tecnologia blockchain, tal como a Bitcoin e outras criptomoedas populares. Para um principiante, \u00e9 importante compreender que uma criptomoeda \u00e9 um tipo de moeda digital que utiliza criptografia para proteger e verificar as transac\u00e7\u00f5es efectuadas na sua rede.<\/p>\n<p>A Kaspa destaca-se por ser uma rede especificamente concebida para dar resposta a alguns desafios e limita\u00e7\u00f5es que t\u00eam sido observados noutras criptomoedas. Uma das principais caracter\u00edsticas da Kaspa \u00e9 o seu algoritmo de consenso, denominado kPoW (Kaspa Proof of Work), que garante a seguran\u00e7a e a fiabilidade da rede.<\/p>\n<p>Uma das diferen\u00e7as significativas do Kaspa em rela\u00e7\u00e3o a outras criptomoedas \u00e9 a sua capacidade de escalar de forma eficiente. Isto significa que o Kaspa tem a capacidade de lidar com um maior n\u00famero de transac\u00e7\u00f5es por segundo e pode crescer mais eficazmente \u00e0 medida que mais utilizadores se juntam \u00e0 rede. Esta escalabilidade melhora a velocidade e a efici\u00eancia das transac\u00e7\u00f5es, o que pode ser ben\u00e9fico para a ado\u00e7\u00e3o generalizada da criptomoeda.<\/p>\n<p>Al\u00e9m disso, a Kaspa \u00e9 considerada uma rede descentralizada e de fonte aberta, o que significa que n\u00e3o \u00e9 controlada por uma autoridade central e que qualquer pessoa pode aceder ao seu c\u00f3digo-fonte e contribuir para o desenvolvimento da plataforma.<\/p>\n<p>&nbsp;<\/p>\n<p>&nbsp;<\/p>\n<p>&nbsp;<\/p>","protected":false},"excerpt":{"rendered":"<p>Bitmain, uno de los principales fabricantes de equipos de miner\u00eda de Bitcoin, ha anunciado el lanzamiento de su primer minero dise\u00f1ado espec\u00edficamente para la criptomoneda Kaspa (KAS). Se llama Antminer KS3. Este nuevo dispositivo alcanza una tasa de hash de 8.3 terahashes por segundo (Th\/s). La eficiencia energ\u00e9tica tambi\u00e9n es un aspecto destacado del KS3, [&hellip;]<\/p>\n","protected":false},"featured_media":1975,"comment_status":"open","ping_status":"closed","template":"","meta":[],"product_brand":[],"product_cat":[19],"product_tag":[52,244,245,241,138,139,137],"class_list":{"0":"post-1974","1":"product","2":"type-product","3":"status-publish","4":"has-post-thumbnail","6":"product_cat-mineros","7":"product_tag-asic","8":"product_tag-gme","9":"product_tag-gmp","10":"product_tag-kaspa","11":"product_tag-mineros-para-avanzados","12":"product_tag-mineros-para-expertos","13":"product_tag-mineros-para-principiantes","14":"product_shipping_class-internacional","16":"first","17":"outofstock","18":"sale","19":"taxable","20":"shipping-taxable","21":"purchasable","22":"product-type-simple"},"_links":{"self":[{"href":"https:\/\/pruebas.michollo.to\/pt\/wp-json\/wp\/v2\/product\/1974","targetHints":{"allow":["GET"]}}],"collection":[{"href":"https:\/\/pruebas.michollo.to\/pt\/wp-json\/wp\/v2\/product"}],"about":[{"href":"https:\/\/pruebas.michollo.to\/pt\/wp-json\/wp\/v2\/types\/product"}],"replies":[{"embeddable":true,"href":"https:\/\/pruebas.michollo.to\/pt\/wp-json\/wp\/v2\/comments?post=1974"}],"wp:featuredmedia":[{"embeddable":true,"href":"https:\/\/pruebas.michollo.to\/pt\/wp-json\/wp\/v2\/media\/1975"}],"wp:attachment":[{"href":"https:\/\/pruebas.michollo.to\/pt\/wp-json\/wp\/v2\/media?parent=1974"}],"wp:term":[{"taxonomy":"product_brand","embeddable":true,"href":"https:\/\/pruebas.michollo.to\/pt\/wp-json\/wp\/v2\/product_brand?post=1974"},{"taxonomy":"product_cat","embeddable":true,"href":"https:\/\/pruebas.michollo.to\/pt\/wp-json\/wp\/v2\/product_cat?post=1974"},{"taxonomy":"product_tag","embeddable":true,"href":"https:\/\/pruebas.michollo.to\/pt\/wp-json\/wp\/v2\/product_tag?post=1974"}],"curies":[{"name":"wp","href":"https:\/\/api.w.org\/{rel}","templated":true}]}}