{"id":2589,"date":"2023-09-14T12:34:44","date_gmt":"2023-09-14T14:34:44","guid":{"rendered":"https:\/\/www.minandovoy.com\/?post_type=product&#038;p=2589"},"modified":"2025-05-13T16:53:38","modified_gmt":"2025-05-13T14:53:38","slug":"caja-insonorizada-con-ventilador-reductor-ruido-de-asic","status":"publish","type":"product","link":"https:\/\/pruebas.michollo.to\/pt\/produto\/caixa-insonorizada-com-ventoinha-de-reducao-de-ruido-da-asic\/","title":{"rendered":"Caixa de alum\u00ednio insonorizada com ventoinha, redutor de ru\u00eddo Asic"},"content":{"rendered":"<p>Caixa de a\u00e7o insonorizada com ventilador, redutor de ru\u00eddo ideal para Asic de BTC, KDA, CKB, DASH, DOGE, LTC, ETC.<\/p>\n<p>Inclui um tubo de alum\u00ednio insonorizado de 3 metros que extrai o ar quente gra\u00e7as \u00e0 pot\u00eancia da ventoinha incorporada.<\/p>\n<p><strong>Desempenho:<\/strong><br \/>\nReduz o ru\u00eddo de um Asic em cerca de 40\/45 dB.<\/p>\n<p>Reduz a temperatura interior em 5\u00b0 e extrai o ar quente gra\u00e7as \u00e0 ventoinha.<\/p>\n<p>Retira o ar quente do espa\u00e7o de trabalho atrav\u00e9s do tubo de alum\u00ednio de 3 m que permite a sua sa\u00edda para o exterior.<\/p>\n<p>Conserva perfeitamente o Asic, mantendo a sua pot\u00eancia e propriedades de vida \u00fatil<\/p>\n<p><strong>Inclui:<\/strong><br \/>\nCaixa de a\u00e7o insonorizada com dimens\u00f5es exteriores aproximadas de 99cm x 42cm x 35cm e peso aproximado de 25kg.<\/p>\n<p>Tubo de alum\u00ednio insonorizado de 3 m para retirar o ar quente do compartimento<\/p>\n<p>Ventoinha para arrefecer o Asic e reduzir a temperatura interna da caixa em 5\u00ba. Consome 105W.<\/p>\n<p>A CAIXA \u00c9 FORNECIDA MONTADA COM OS COMPONENTES LIGADOS, PRONTA A FUNCIONAR.<\/p>\n<p><strong>Compat\u00edvel com Asics:\u00a0<\/strong><\/p>\n<p>Asic Bitmain Antminer S9, S19, S19j PRO, S19 PRO, S19j PRO+, K7, KA3, D9, L7, E9, E9 PRO, Z15 (para D9 e E9, indicar claramente, pois os tamanhos variam)<\/p>\n<p>Asic Whatsminer M30S, M30S+, M30S++, M50, M50S<\/p>\n<p><strong>Opcional:<\/strong>\u00a0pacote de filtro de p\u00f3 + bocal, para manter o p\u00f3 afastado (sem necessidade de manuten\u00e7\u00e3o durante toda a vida)<\/p>","protected":false},"excerpt":{"rendered":"<p>Caixa de madeira ou de a\u00e7o insonorizada com ventilador, redutor de ru\u00eddo ideal para Asic de BTC, KDA, CKB, DASH, DOGE, LTC, ETC.<\/p>","protected":false},"featured_media":2591,"comment_status":"open","ping_status":"closed","template":"","meta":[],"product_brand":[],"product_cat":[15,133,20],"product_tag":[52,138],"class_list":{"0":"post-2589","1":"product","2":"type-product","3":"status-publish","4":"has-post-thumbnail","6":"product_cat-sin-categorizar","7":"product_cat-accesorios","8":"product_cat-componentes","9":"product_tag-asic","10":"product_tag-mineros-para-avanzados","11":"product_shipping_class-internacional","13":"first","14":"instock","15":"taxable","16":"shipping-taxable","17":"purchasable","18":"product-type-simple"},"_links":{"self":[{"href":"https:\/\/pruebas.michollo.to\/pt\/wp-json\/wp\/v2\/product\/2589","targetHints":{"allow":["GET"]}}],"collection":[{"href":"https:\/\/pruebas.michollo.to\/pt\/wp-json\/wp\/v2\/product"}],"about":[{"href":"https:\/\/pruebas.michollo.to\/pt\/wp-json\/wp\/v2\/types\/product"}],"replies":[{"embeddable":true,"href":"https:\/\/pruebas.michollo.to\/pt\/wp-json\/wp\/v2\/comments?post=2589"}],"wp:featuredmedia":[{"embeddable":true,"href":"https:\/\/pruebas.michollo.to\/pt\/wp-json\/wp\/v2\/media\/2591"}],"wp:attachment":[{"href":"https:\/\/pruebas.michollo.to\/pt\/wp-json\/wp\/v2\/media?parent=2589"}],"wp:term":[{"taxonomy":"product_brand","embeddable":true,"href":"https:\/\/pruebas.michollo.to\/pt\/wp-json\/wp\/v2\/product_brand?post=2589"},{"taxonomy":"product_cat","embeddable":true,"href":"https:\/\/pruebas.michollo.to\/pt\/wp-json\/wp\/v2\/product_cat?post=2589"},{"taxonomy":"product_tag","embeddable":true,"href":"https:\/\/pruebas.michollo.to\/pt\/wp-json\/wp\/v2\/product_tag?post=2589"}],"curies":[{"name":"wp","href":"https:\/\/api.w.org\/{rel}","templated":true}]}}