{"id":2649,"date":"2023-10-04T13:50:57","date_gmt":"2023-10-04T15:50:57","guid":{"rendered":"https:\/\/www.minandovoy.com\/?post_type=product&#038;p=2649"},"modified":"2025-08-21T17:02:27","modified_gmt":"2025-08-21T15:02:27","slug":"antminer-s19j-pro-109-113th","status":"publish","type":"product","link":"https:\/\/pruebas.michollo.to\/pt\/produto\/antminer-s19j-pro-109-113th\/","title":{"rendered":"Antminer S19J PRO+109-113Th"},"content":{"rendered":"<p>Novo lan\u00e7amento da BITMAIN, o ASIC ANTMINER S19J PRO 117t com uma pot\u00eancia mineira de 117T.<\/p>\n<p>O consumo de energia \u00e9 de apenas 3218 w\/h.<\/p>\n<p>&nbsp;<\/p>\n<p><b>O que \u00e9 a Bitmain?<\/b><\/p>\n<p><em>Bitmain<\/em>\u00a0\u00e9 uma empresa sediada em Pequim, na China. \u00c9 considerada uma das empresas mais importantes no sector das criptomoedas por produzir hardware de minera\u00e7\u00e3o de alta qualidade com enormes capacidades de minera\u00e7\u00e3o e pelos seus avan\u00e7os tecnol\u00f3gicos. \u00c9 o maior designer mundial de <a href=\"https:\/\/www.minandovoy.com\/categoria\/mineros\/\">equipamento\u00a0<em>ASIC<\/em><\/a>\u00a0para a extra\u00e7\u00e3o mineira\u00a0<em>Bitcoin<\/em>.<\/p>\n<p>A Bitmain \u00e9 sobretudo reconhecida pelo hardware Bitcoin.<\/p>\n<h4><b>Bitmain, a empresa de chips n\u00ba 1.<\/b><\/h4>\n<p><em>Bitmain<\/em>\u00a0\u00e9 uma empresa sediada em Pequim, na China. \u00c9 considerada uma das empresas mais importantes no sector das criptomoedas por produzir hardware de minera\u00e7\u00e3o de alta qualidade com enormes capacidades de minera\u00e7\u00e3o e pelos seus avan\u00e7os tecnol\u00f3gicos. \u00c9 o maior designer mundial de equipamento de minera\u00e7\u00e3o de criptomoedas.\u00a0<em>ASIC<\/em>\u00a0para a extra\u00e7\u00e3o mineira\u00a0<em>Bitcoin<\/em>.<\/p>\n<p>A Bitmain \u00e9 sobretudo conhecida pelo seu hardware Bitcoin, embora esteja interessada em projectos que tragam solidez ao seu neg\u00f3cio, como o Ethereum\/Ethereum Classic.<\/p>\n<p>Em abril de 2021, o grande fabricante anunciou o lan\u00e7amento de uma m\u00e1quina de minera\u00e7\u00e3o Ethreum, a Antminer E9. Esta verdadeira besta tem a pot\u00eancia equivalente a 25 GPUs Nvidia RTX 3080.<\/p>\n<p>&nbsp;<\/p>\n<h4>Explora\u00e7\u00e3o do algoritmo SHA-256 para o ANTMINER S19J PRO<\/h4>\n<p>A extra\u00e7\u00e3o de SHA-256 refere-se ao processo de valida\u00e7\u00e3o de transac\u00e7\u00f5es e \u00e0 seguran\u00e7a da rede utilizando este algoritmo de hashing criptogr\u00e1fico. Eis algumas informa\u00e7\u00f5es sobre a extra\u00e7\u00e3o de SHA-256:<\/p>\n<ol>\n<li><strong>Algoritmo de hashing SHA-256<\/strong>O SHA-256 (Secure Hash Algorithm 256-bit) \u00e9 um algoritmo criptogr\u00e1fico amplamente utilizado na minera\u00e7\u00e3o de criptomoedas, incluindo o Bitcoin. \u00c9 um algoritmo que gera um hash de 256 bits, o que garante alta seguran\u00e7a e resist\u00eancia \u00e0 manipula\u00e7\u00e3o.<\/li>\n<li><strong>Prova de trabalho (Prova de trabalho)<\/strong>A extra\u00e7\u00e3o de SHA-256 \u00e9 baseada no consenso de Prova de Trabalho (PoW). Os mineiros competem para resolver um problema matem\u00e1tico complexo utilizando o seu poder de processamento para encontrar um valor de hash v\u00e1lido que cumpra determinados requisitos definidos pelo algoritmo. Este processo requer uma grande quantidade de energia e poder computacional.<\/li>\n<li><strong>Hardware mineiro<\/strong>A extra\u00e7\u00e3o de SHA-256 requer hardware especializado conhecido como ASICs (Application-Specific Integrated Circuits). Estes dispositivos s\u00e3o especificamente concebidos para efetuar c\u00e1lculos de hash de forma eficiente e t\u00eam um elevado poder de processamento em compara\u00e7\u00e3o com GPUs ou CPUs convencionais.<\/li>\n<li><strong>Piscinas de minera\u00e7\u00e3o<\/strong>SHA-256: Devido \u00e0 dificuldade crescente da extra\u00e7\u00e3o de SHA-256 e \u00e0 concorr\u00eancia entre mineiros, muitos optam por aderir a pools de extra\u00e7\u00e3o. Estas pools permitem que os mineiros combinem o seu poder de processamento e aumentem as suas hip\u00f3teses de resolver blocos e receber recompensas com maior regularidade. As recompensas s\u00e3o distribu\u00eddas entre os membros do grupo com base na sua contribui\u00e7\u00e3o para o poder de hashing total do grupo.<\/li>\n<li><strong>Rentabilidade e considera\u00e7\u00f5es<\/strong>A rentabilidade da extra\u00e7\u00e3o de SHA-256 depende de v\u00e1rios factores, como o custo da eletricidade, o pre\u00e7o do token extra\u00eddo, a dificuldade da rede e a efici\u00eancia do hardware utilizado. A extra\u00e7\u00e3o de SHA-256 em redes como a Bitcoin \u00e9 altamente competitiva e exige um investimento inicial significativo em hardware e eletricidade. \u00c9 importante efetuar c\u00e1lculos de custo-benef\u00edcio e ter em conta os custos associados antes de se envolver na extra\u00e7\u00e3o de SHA-256.<\/li>\n<\/ol>\n<p>&nbsp;<\/p>\n<h4><strong>PRINCIPAIS VANTAGENS DA BITCOIN<\/strong><\/h4>\n<ol>\n<li>Rapidez: Envie dinheiro para si pr\u00f3prio, independentemente do montante e do destino, numa quest\u00e3o de minutos.<\/li>\n<li>Barato: Ao fazer uma transfer\u00eancia atrav\u00e9s do seu banco pode custar-lhe muito dinheiro, atrav\u00e9s da Bitcoin o custo \u00e9 gratuito ou apenas alguns c\u00eantimos.<\/li>\n<li>Global: Pode enviar para qualquer parte do mundo, n\u00e3o tem fronteiras.<\/li>\n<li>Descentralizado: nenhum governo\/banco pode control\u00e1-lo, nem na sua cria\u00e7\u00e3o nem na sua distribui\u00e7\u00e3o.<\/li>\n<li>Propriedade: O dinheiro pertence-lhe 100%, n\u00e3o pode ser acedido por ningu\u00e9m, \u00e9 o seu pr\u00f3prio banco.<\/li>\n<li>Transparente:  Todas as transac\u00e7\u00f5es s\u00e3o p\u00fablicas, mas sempre sob pseud\u00f3nimos.<\/li>\n<li>Emiss\u00e3o limitada: Ningu\u00e9m pode gerar milhares de Bitcoins s\u00f3 porque lhe apetece, eles aparecem gra\u00e7as \u00e0 extra\u00e7\u00e3o mineira.<\/li>\n<li>Privado: A Bitcoin tenta preservar a privacidade, a um n\u00edvel muito elevado, embora n\u00e3o seja completamente an\u00f3nima e trabalhe para o ser.<\/li>\n<\/ol>","protected":false},"excerpt":{"rendered":"<p>Nuevo lanzamiento de BITMAIN, el ASIC ANTMINER S19J PRO 117t con una potencia de minado de 117T . El consumo de energ\u00eda es de solo 3218 w\/h. &nbsp; \u00bfQu\u00e9 es Bitmain? Bitmain\u00a0es una compa\u00f1\u00eda con sede en Beijing, China. Es considerada una de las compa\u00f1\u00edas m\u00e1s importantes en la industria de criptomonedas al generar hardware [&hellip;]<\/p>\n","protected":false},"featured_media":1267,"comment_status":"open","ping_status":"closed","template":"","meta":[],"product_brand":[],"product_cat":[19],"product_tag":[244,138,137,49],"class_list":{"0":"post-2649","1":"product","2":"type-product","3":"status-publish","4":"has-post-thumbnail","6":"product_cat-mineros","7":"product_tag-gme","8":"product_tag-mineros-para-avanzados","9":"product_tag-mineros-para-principiantes","10":"product_tag-preorder","12":"first","13":"outofstock","14":"taxable","15":"shipping-taxable","16":"purchasable","17":"product-type-variable","18":"has-default-attributes"},"_links":{"self":[{"href":"https:\/\/pruebas.michollo.to\/pt\/wp-json\/wp\/v2\/product\/2649","targetHints":{"allow":["GET"]}}],"collection":[{"href":"https:\/\/pruebas.michollo.to\/pt\/wp-json\/wp\/v2\/product"}],"about":[{"href":"https:\/\/pruebas.michollo.to\/pt\/wp-json\/wp\/v2\/types\/product"}],"replies":[{"embeddable":true,"href":"https:\/\/pruebas.michollo.to\/pt\/wp-json\/wp\/v2\/comments?post=2649"}],"wp:featuredmedia":[{"embeddable":true,"href":"https:\/\/pruebas.michollo.to\/pt\/wp-json\/wp\/v2\/media\/1267"}],"wp:attachment":[{"href":"https:\/\/pruebas.michollo.to\/pt\/wp-json\/wp\/v2\/media?parent=2649"}],"wp:term":[{"taxonomy":"product_brand","embeddable":true,"href":"https:\/\/pruebas.michollo.to\/pt\/wp-json\/wp\/v2\/product_brand?post=2649"},{"taxonomy":"product_cat","embeddable":true,"href":"https:\/\/pruebas.michollo.to\/pt\/wp-json\/wp\/v2\/product_cat?post=2649"},{"taxonomy":"product_tag","embeddable":true,"href":"https:\/\/pruebas.michollo.to\/pt\/wp-json\/wp\/v2\/product_tag?post=2649"}],"curies":[{"name":"wp","href":"https:\/\/api.w.org\/{rel}","templated":true}]}}