{"id":2652,"date":"2023-10-05T12:23:58","date_gmt":"2023-10-05T14:23:58","guid":{"rendered":"https:\/\/www.minandovoy.com\/?post_type=product&#038;p=2652"},"modified":"2025-05-09T14:47:10","modified_gmt":"2025-05-09T12:47:10","slug":"tarjeta-grafica-evga-geforce-rtx-3080-xc3-ultra","status":"publish","type":"product","link":"https:\/\/pruebas.michollo.to\/pt\/produto\/placa-grafica-evga-geforce-rtx-3080-xc3-ultra\/","title":{"rendered":"Placa gr\u00e1fica EVGA GeForce RTX 3080 XC3 ULTRA Placa gr\u00e1fica EVGA GeForce RTX 3080 XC3 ULTRA"},"content":{"rendered":"<p><strong>RTX.  EST\u00c1 A\u00cd.\u00a0<\/strong>Desfrute dos maiores \u00eaxitos de bilheteira da atualidade como nunca antes com a fidelidade visual do tra\u00e7ado de raios em tempo real e o desempenho m\u00e1ximo do DLSS com tecnologia de IA.<\/p>\n<p><strong>A VIT\u00d3RIA \u00c9 MEDIDA EM MILISSEGUNDOS:\u00a0<\/strong>O NVIDIA Reflex oferece a melhor vantagem competitiva. A menor lat\u00eancia. A melhor capacidade de resposta. Com as GPUs NVIDIA GeForce RTX s\u00e9rie 30 e NVIDIA<br \/>\n<strong>O SEU JOGO CRIATIVO:\u00a0\u00a0<\/strong>Leve seus projetos criativos a um novo patamar com as GPUs GeForce RTX s\u00e9rie 30. Oferece acelera\u00e7\u00e3o de IA para os melhores aplicativos criativos. Com o suporte da plataforma NVIDIA Studio de drivers dedicados e ferramentas exclusivas. E criada para fornecer resultados em tempo recorde. Quer esteja a renderizar cenas 3D complexas, a editar v\u00eddeo 8K ou a transmitir com a melhor codifica\u00e7\u00e3o e qualidade de imagem, as GPUs GeForce RTX oferecem o desempenho de que necessita para as suas melhores cria\u00e7\u00f5es.<\/p>\n<p><strong>G-SYNC:\u00a0<\/strong>Adquira alvos mais rapidamente, reaja mais rapidamente e aumente a precis\u00e3o dos alvos com um conjunto revolucion\u00e1rio de tecnologias para medir e otimizar a lat\u00eancia do sistema para jogos competitivos.<\/p>\n<p><strong>TORNAR-SE O REI DAS TRANSMISS\u00d5ES:\u00a0<\/strong>Capte a aten\u00e7\u00e3o de todos com gr\u00e1ficos fant\u00e1sticos e uma transmiss\u00e3o em direto suave e ininterrupta. A codifica\u00e7\u00e3o e decodifica\u00e7\u00e3o de hardware de \u00faltima gera\u00e7\u00e3o se combinam para permitir que voc\u00ea mostre seus melhores momentos com grande detalhe. E o novo e abrangente aplicativo NVIDIA Broadcast oferece poderosos recursos de IA para melhorar a qualidade de \u00e1udio e v\u00eddeo com efeitos como plano de fundo virtual, enquadramento autom\u00e1tico da webcam e remo\u00e7\u00e3o de ru\u00eddo do microfone. Assim, voc\u00ea pode sempre dar o melhor de si para o seu p\u00fablico.<\/p>\n<p><strong>ARQUITECTURA AMPERE DA NVIDIA:\u00a0<\/strong>A nova arquitetura NVIDIA Ampere proporciona a derradeira experi\u00eancia de jogo, com n\u00facleos avan\u00e7ados de tra\u00e7ado de raios de segunda gera\u00e7\u00e3o e n\u00facleos Tensor de terceira gera\u00e7\u00e3o com desempenho superior.<\/p>\n<p><strong>ACELERA\u00c7\u00c3O POR IA DA DLSS:\u00a0<\/strong>O NVIDIA DLSS \u00e9 uma renderiza\u00e7\u00e3o revolucion\u00e1ria de IA que aumenta as taxas de quadros com qualidade de imagem sem concess\u00f5es usando n\u00facleos tensores de processamento de IA dedicados na GeForce RTX. Ter\u00e1s a margem de desempenho para definir as defini\u00e7\u00f5es e resolu\u00e7\u00f5es de que precisas para uma experi\u00eancia visual incr\u00edvel. A revolu\u00e7\u00e3o da IA chegou aos jogos.<\/p>\n<p><strong>DIRECTX 12 ULTIMATE:\u00a0<\/strong>Os programadores podem agora adicionar efeitos gr\u00e1ficos ainda mais espantosos aos jogos para PC (Microsoft Windows). As placas gr\u00e1ficas GeForce RTX incluem funcionalidades DX12 avan\u00e7adas, como o tra\u00e7ado de raios e o sombreamento de taxa vari\u00e1vel, dando vida aos jogos com efeitos visuais altamente realistas e taxas de fotogramas mais r\u00e1pidas.<\/p>\n<h2>Caracter\u00edsticas:<\/h2>\n<ul>\n<li>Placa traseira totalmente met\u00e1lica, pr\u00e9-instalada<\/li>\n<li>Constru\u00eddo para EVGA Precision X1<\/li>\n<li>N\u00facleos de Ray Tracing de 2\u00aa gera\u00e7\u00e3o<\/li>\n<li>N\u00facleos Tensoriais de 3\u00aa gera\u00e7\u00e3o<\/li>\n<li>PCI Express\u00ae Gen 4<\/li>\n<li>Microsoft DirectX\u00ae 12 Ultimate<\/li>\n<li>Mem\u00f3ria gr\u00e1fica GDDR6X<\/li>\n<li>NVIDIA DLSS<\/li>\n<li>NVIDIA\u00ae GeForce Experience\u2122<\/li>\n<li>NVIDIA G-SYNC<\/li>\n<li>NVIDIA GPU Boost\u2122<\/li>\n<li>Drivers prontos para o jogo<\/li>\n<li>API Vulkan RT, OpenGL 4.6<\/li>\n<li>DisplayPort 1.4a<\/li>\n<li>HDCP 2.3<\/li>\n<li>Pronto para VR<\/li>\n<li>Arrefecimento EVGA iCX3<\/li>\n<li>LED ARGB ajust\u00e1vel<\/li>\n<li>Suporta 4K 120Hz HDR, 8K 60Hz HDR e taxa de atualiza\u00e7\u00e3o vari\u00e1vel, conforme especificado em HDMI 2.1<\/li>\n<li>Codificador NVIDIA de 7\u00aa gera\u00e7\u00e3o<\/li>\n<li>Descodificador NVIDIA de 5\u00aa gera\u00e7\u00e3o<\/li>\n<li>LHR 52 MH\/s ETH Hash Rate (est.)<\/li>\n<\/ul>\n<h2>Especifica\u00e7\u00f5es:<\/h2>\n<ul>\n<li>NVIDIA RTX 3080 12GB<\/li>\n<li>8960 n\u00facleos CUDA<\/li>\n<li>Rel\u00f3gio de refor\u00e7o de 1800 MHz<\/li>\n<li>Mem\u00f3ria<\/li>\n<li>12288 MB, 384 bits GDDR6X<\/li>\n<li>19000 MHz (efetivo)<\/li>\n<li>912 GB\/s Largura de banda da mem\u00f3ria<\/li>\n<li>Arrefecimento<\/li>\n<li>Tecnologia iCX3<\/li>\n<li>Log\u00f3tipo LED: ARGB<\/li>\n<li>Interface<\/li>\n<li>PCIe 4.0<\/li>\n<li>HDMI, DisplayPort, DisplayPort, DisplayPort, DisplayPort, DisplayPort<\/li>\n<li>Dimens\u00f5es<\/li>\n<li>Altura: 5,38 pol. - 136,75 mm<\/li>\n<li>Comprimento: 11,81 pol. - 300 mm<\/li>\n<li>Largura: 2,75 ranhuras<\/li>\n<li>Suporte do sistema operativo<\/li>\n<li>Windows 11<\/li>\n<li>Windows 10<\/li>\n<li>Windows 7<\/li>\n<li>Requisitos<\/li>\n<li>M\u00ednimo de uma fonte de alimenta\u00e7\u00e3o de 750 Watt.<\/li>\n<li>Tr\u00eas dongles de alimenta\u00e7\u00e3o PCIe de 8 pinos ou 6+2 pinos dispon\u00edveis<\/li>\n<li>Consumo total de energia: 350 Watts<\/li>\n<\/ul>\n<div class=\"ficha-producto-caracteristicas__compra\">\n<p class=\"text-muted hidden-sm-down m-b-0\">Comprar EVGA GeForce GeForce RTX 3080 FTW3 ULTRA GAMING 12GB GDDR6X<img loading=\"lazy\" decoding=\"async\" class=\"alignnone size-medium wp-image-2655\" src=\"https:\/\/www.minandovoy.com\/wp-content\/uploads\/2023\/10\/i3491227396-225x300.webp\" alt=\"\" width=\"225\" height=\"300\" srcset=\"https:\/\/pruebas.michollo.to\/wp-content\/uploads\/2023\/10\/i3491227396-225x300.webp 225w, https:\/\/pruebas.michollo.to\/wp-content\/uploads\/2023\/10\/i3491227396-9x12.webp 9w, https:\/\/pruebas.michollo.to\/wp-content\/uploads\/2023\/10\/i3491227396-600x800.webp 600w, https:\/\/pruebas.michollo.to\/wp-content\/uploads\/2023\/10\/i3491227396-15x20.webp 15w, https:\/\/pruebas.michollo.to\/wp-content\/uploads\/2023\/10\/i3491227396-42x56.webp 42w, https:\/\/pruebas.michollo.to\/wp-content\/uploads\/2023\/10\/i3491227396-21x28.webp 21w, https:\/\/pruebas.michollo.to\/wp-content\/uploads\/2023\/10\/i3491227396-55x73.webp 55w, https:\/\/pruebas.michollo.to\/wp-content\/uploads\/2023\/10\/i3491227396-128x170.webp 128w, https:\/\/pruebas.michollo.to\/wp-content\/uploads\/2023\/10\/i3491227396-49x65.webp 49w, https:\/\/pruebas.michollo.to\/wp-content\/uploads\/2023\/10\/i3491227396-52x69.webp 52w, https:\/\/pruebas.michollo.to\/wp-content\/uploads\/2023\/10\/i3491227396-38x50.webp 38w, https:\/\/pruebas.michollo.to\/wp-content\/uploads\/2023\/10\/i3491227396-45x60.webp 45w, https:\/\/pruebas.michollo.to\/wp-content\/uploads\/2023\/10\/i3491227396-196x261.webp 196w, https:\/\/pruebas.michollo.to\/wp-content\/uploads\/2023\/10\/i3491227396-14x19.webp 14w, https:\/\/pruebas.michollo.to\/wp-content\/uploads\/2023\/10\/i3491227396-213x284.webp 213w, https:\/\/pruebas.michollo.to\/wp-content\/uploads\/2023\/10\/i3491227396-156x208.webp 156w, https:\/\/pruebas.michollo.to\/wp-content\/uploads\/2023\/10\/i3491227396.webp 640w\" sizes=\"auto, (max-width: 225px) 100vw, 225px\" \/><\/p>\n<\/div>","protected":false},"excerpt":{"rendered":"<p>RTX.\u00a0 IT\u2019S ON.\u00a0Disfruta de los mayores \u00e9xitos de ventas de hoy como nunca antes con la fidelidad visual del trazado de rayos en tiempo real y el rendimiento definitivo de DLSS con tecnolog\u00eda de IA. LA VICTORIA SE MIDE EN MILISEGUNDOS:\u00a0NVIDIA\u00a0Reflex ofrece la m\u00e1xima ventaja competitiva. La latencia m\u00e1s baja. La mejor capacidad de respuesta. [&hellip;]<\/p>\n","protected":false},"featured_media":0,"comment_status":"open","ping_status":"closed","template":"","meta":[],"product_brand":[],"product_cat":[15],"product_tag":[],"class_list":{"0":"post-2652","1":"product","2":"type-product","3":"status-publish","5":"product_cat-sin-categorizar","7":"first","8":"instock","9":"sale","10":"taxable","11":"shipping-taxable","12":"purchasable","13":"product-type-simple"},"_links":{"self":[{"href":"https:\/\/pruebas.michollo.to\/pt\/wp-json\/wp\/v2\/product\/2652","targetHints":{"allow":["GET"]}}],"collection":[{"href":"https:\/\/pruebas.michollo.to\/pt\/wp-json\/wp\/v2\/product"}],"about":[{"href":"https:\/\/pruebas.michollo.to\/pt\/wp-json\/wp\/v2\/types\/product"}],"replies":[{"embeddable":true,"href":"https:\/\/pruebas.michollo.to\/pt\/wp-json\/wp\/v2\/comments?post=2652"}],"wp:attachment":[{"href":"https:\/\/pruebas.michollo.to\/pt\/wp-json\/wp\/v2\/media?parent=2652"}],"wp:term":[{"taxonomy":"product_brand","embeddable":true,"href":"https:\/\/pruebas.michollo.to\/pt\/wp-json\/wp\/v2\/product_brand?post=2652"},{"taxonomy":"product_cat","embeddable":true,"href":"https:\/\/pruebas.michollo.to\/pt\/wp-json\/wp\/v2\/product_cat?post=2652"},{"taxonomy":"product_tag","embeddable":true,"href":"https:\/\/pruebas.michollo.to\/pt\/wp-json\/wp\/v2\/product_tag?post=2652"}],"curies":[{"name":"wp","href":"https:\/\/api.w.org\/{rel}","templated":true}]}}