{"id":2666,"date":"2023-10-05T12:45:10","date_gmt":"2023-10-05T14:45:10","guid":{"rendered":"https:\/\/www.minandovoy.com\/?post_type=product&#038;p=2666"},"modified":"2025-05-09T14:47:10","modified_gmt":"2025-05-09T12:47:10","slug":"zotac-gaming-geforce-rtx-3080-trinity-lhr-10gb-gdd","status":"publish","type":"product","link":"https:\/\/pruebas.michollo.to\/pt\/produto\/zotac-gaming-geforce-rtx-3080-trinity-lhr-10gb-gdd\/","title":{"rendered":"Zotac Gaming GeForce RTX 3080 Trinity LHR 10GB GDD"},"content":{"rendered":"<p><strong>RTX.  EST\u00c1 A\u00cd.\u00a0<\/strong>Desfrute dos maiores \u00eaxitos de bilheteira da atualidade como nunca antes com a fidelidade visual do tra\u00e7ado de raios em tempo real e o desempenho m\u00e1ximo do DLSS com tecnologia de IA.<\/p>\n<p><strong>A VIT\u00d3RIA \u00c9 MEDIDA EM MILISSEGUNDOS:\u00a0<\/strong>O NVIDIA Reflex oferece a melhor vantagem competitiva. A menor lat\u00eancia. A melhor capacidade de resposta. Com as GPUs NVIDIA GeForce RTX s\u00e9rie 30 e NVIDIA<br \/>\n<strong>O SEU JOGO CRIATIVO:\u00a0\u00a0<\/strong>Leve seus projetos criativos a um novo patamar com as GPUs GeForce RTX s\u00e9rie 30. Oferece acelera\u00e7\u00e3o de IA para os melhores aplicativos criativos. Com o suporte da plataforma NVIDIA Studio de drivers dedicados e ferramentas exclusivas. E criada para fornecer resultados em tempo recorde. Quer esteja a renderizar cenas 3D complexas, a editar v\u00eddeo 8K ou a transmitir com a melhor codifica\u00e7\u00e3o e qualidade de imagem, as GPUs GeForce RTX oferecem o desempenho de que necessita para as suas melhores cria\u00e7\u00f5es.<\/p>\n<p><strong>G-SYNC:\u00a0<\/strong>Adquira alvos mais rapidamente, reaja mais rapidamente e aumente a precis\u00e3o dos alvos com um conjunto revolucion\u00e1rio de tecnologias para medir e otimizar a lat\u00eancia do sistema para jogos competitivos.<\/p>\n<p><strong>TORNAR-SE O REI DAS TRANSMISS\u00d5ES:\u00a0<\/strong>Capte a aten\u00e7\u00e3o de todos com gr\u00e1ficos fant\u00e1sticos e uma transmiss\u00e3o em direto suave e ininterrupta. A codifica\u00e7\u00e3o e decodifica\u00e7\u00e3o de hardware de \u00faltima gera\u00e7\u00e3o se combinam para permitir que voc\u00ea mostre seus melhores momentos com grande detalhe. E o novo e abrangente aplicativo NVIDIA Broadcast oferece poderosos recursos de IA para melhorar a qualidade de \u00e1udio e v\u00eddeo com efeitos como plano de fundo virtual, enquadramento autom\u00e1tico da webcam e remo\u00e7\u00e3o de ru\u00eddo do microfone. Assim, voc\u00ea pode sempre dar o melhor de si para o seu p\u00fablico.<\/p>\n<p><strong>ARQUITECTURA AMPERE DA NVIDIA:\u00a0<\/strong>A nova arquitetura NVIDIA Ampere proporciona a derradeira experi\u00eancia de jogo, com n\u00facleos avan\u00e7ados de tra\u00e7ado de raios de segunda gera\u00e7\u00e3o e n\u00facleos Tensor de terceira gera\u00e7\u00e3o com desempenho superior.<\/p>\n<p><strong>ACELERA\u00c7\u00c3O POR IA DA DLSS:\u00a0<\/strong>O NVIDIA DLSS \u00e9 uma renderiza\u00e7\u00e3o revolucion\u00e1ria de IA que aumenta as taxas de quadros com qualidade de imagem sem concess\u00f5es usando n\u00facleos tensores de processamento de IA dedicados na GeForce RTX. Ter\u00e1s a margem de desempenho para definir as defini\u00e7\u00f5es e resolu\u00e7\u00f5es de que precisas para uma experi\u00eancia visual incr\u00edvel. A revolu\u00e7\u00e3o da IA chegou aos jogos.<\/p>\n<p><strong>DIRECTX 12 ULTIMATE:\u00a0<\/strong>Os programadores podem agora adicionar efeitos gr\u00e1ficos ainda mais espantosos aos jogos para PC (Microsoft Windows). As placas gr\u00e1ficas GeForce RTX incluem funcionalidades DX12 avan\u00e7adas, como o tra\u00e7ado de raios e o sombreamento de taxa vari\u00e1vel, dando vida aos jogos com efeitos visuais altamente realistas e taxas de fotogramas mais r\u00e1pidas.<\/p>\n<p>Acelere com a s\u00e9rie ZOTAC GAMING GeForce RTX\u2122 30 baseada na arquitetura NVIDIA Ampere. Constru\u00edda com RT Cores e Tensor Cores melhorados, novos multiprocessadores de streaming e mem\u00f3ria GDDR6X ultra-r\u00e1pida, a\u00a0<strong>ZOTAC GAMING GeForce RTX 3080 Trinity LHR<\/strong>\u00a0resulta em jogos amplificados com gr\u00e1ficos de ultra-fidelidade.<\/p>\n<h2>Caracter\u00edsticas:<\/h2>\n<ul>\n<li>N\u00facleos de tra\u00e7ado de raios de segunda gera\u00e7\u00e3o<\/li>\n<li>N\u00facleos tensoriais de terceira gera\u00e7\u00e3o<\/li>\n<li>Ilumina\u00e7\u00e3o SPECTRA 2.0 RGB<\/li>\n<li>Arrefecimento avan\u00e7ado IceStorm 2.0<\/li>\n<li>Controlo ativo do ventilador com paragem do ventilador FREEZE<\/li>\n<li>Placa frontal met\u00e1lica e placa posterior com LED RGB<\/li>\n<li>Utilit\u00e1rio FireStorm<\/li>\n<li>Pronto para a realidade virtual<\/li>\n<li>Taxa de hash LHR 43 MH \/ s ETH (est.)<\/li>\n<\/ul>\n<h2>Especifica\u00e7\u00f5es:<\/h2>\n<ul>\n<li><strong>Processador<\/strong>\n<ul>\n<li>CUDA: Sim<\/li>\n<li>N\u00facleos CUDA: 8704<\/li>\n<li>Fam\u00edlia de processadores gr\u00e1ficos: NVIDIA<\/li>\n<li>Processador gr\u00e1fico: GeForce RTX 3080<\/li>\n<li>Aumento da velocidade do rel\u00f3gio do processador: 1710 MHz<\/li>\n<li>Resolu\u00e7\u00e3o m\u00e1xima: 7680 x 4320 pix\u00e9is<\/li>\n<li>Suporte de processamento paralelo: N\u00e3o suportado<\/li>\n<li>M\u00e1ximo de ecr\u00e3s por placa de v\u00eddeo: 4<\/li>\n<\/ul>\n<\/li>\n<\/ul>\n<ul>\n<li><strong>Mem\u00f3ria<\/strong>\n<ul>\n<li>Capacidade de mem\u00f3ria do adaptador gr\u00e1fico: 10 GB<\/li>\n<li>Tipo de mem\u00f3ria do adaptador gr\u00e1fico: GDDR6X<\/li>\n<li>Largura dos dados: 320 bits<\/li>\n<li>Taxa de transfer\u00eancia de dados: 19 Gbit\/s<\/li>\n<\/ul>\n<\/li>\n<\/ul>\n<ul>\n<li><strong>Portas e interfaces<\/strong>\n<ul>\n<li>Tipo de interface: PCI Express x16 4.0<\/li>\n<li>N\u00famero de portas HDMI: 1<\/li>\n<li>Vers\u00e3o HDMI: 2.1<\/li>\n<li>N\u00famero de DisplayPorts: 3<\/li>\n<li>Vers\u00e3o DisplayPort: 1.4a<\/li>\n<\/ul>\n<\/li>\n<\/ul>\n<ul>\n<li><strong>Desempenho<\/strong>\n<ul>\n<li>Sintonizador de TV integrado: N\u00e3o<\/li>\n<li>Vers\u00e3o DirectX: 1?2 Ultimate<\/li>\n<li>Vers\u00e3o OpenGL: 4.6<\/li>\n<li>Preparado para Realidade Virtual (RV): Sim<\/li>\n<li>HDCP: Sim<\/li>\n<li>DVI de liga\u00e7\u00e3o dupla: N\u00e3o<\/li>\n<li>NVIDIA G-SYNC: Sim<\/li>\n<\/ul>\n<\/li>\n<\/ul>\n<ul>\n<li><strong>Conce\u00e7\u00e3o<\/strong>\n<ul>\n<li>Tipo de arrefecimento: Ativo<\/li>\n<li>Tecnologia de arrefecimento: Zotac IceStorm 2.0<\/li>\n<li>N\u00famero de ventiladores: 3 Ventilador(es)<\/li>\n<li>Fator de forma: Altura total\/Comprimento total (FH\/FL)<\/li>\n<li>Altura do suporte: Altura total (FH)<\/li>\n<li>N\u00famero de ranhuras: 2,5<\/li>\n<li>Ilumina\u00e7\u00e3o: Sim<\/li>\n<li>Ilumina\u00e7\u00e3o a cores: Multi<\/li>\n<li>Cor do produto: Preto<\/li>\n<\/ul>\n<\/li>\n<\/ul>\n<ul>\n<li><strong>Controlo da energia<\/strong>\n<ul>\n<li>Fonte de alimenta\u00e7\u00e3o do sistema m\u00ednimo: 750 W<\/li>\n<li>Consumo de energia: 320 W<\/li>\n<li>Conectores de alimenta\u00e7\u00e3o suplementar: 2x 8 pinos<\/li>\n<\/ul>\n<\/li>\n<\/ul>\n<ul>\n<li><strong>Requisitos do sistema<\/strong>\n<ul>\n<li>Sistema operativo Windows suportado: Windows 10 x64<\/li>\n<\/ul>\n<\/li>\n<\/ul>\n<ul>\n<li><strong>Peso e dimens\u00f5es<\/strong>\n<ul>\n<li>Profundidade: 317,8 mm<\/li>\n<li>Altura: 120,7 mm<\/li>\n<li>Largura: 58 mm<\/li>\n<\/ul>\n<\/li>\n<\/ul>\n<ul>\n<li><strong>Embalagem<\/strong>\n<ul>\n<li>Manual do utilizador: Sim<\/li>\n<li>Largura da embalagem: 282 mm<\/li>\n<li>Profundidade da embalagem: 99 mm<\/li>\n<li>Altura da embalagem: 424 mm<\/li>\n<li>Tipo de embalagem: Caixa<\/li>\n<\/ul>\n<\/li>\n<\/ul>","protected":false},"excerpt":{"rendered":"<p>RTX.\u00a0 IT\u2019S ON.\u00a0Disfruta de los mayores \u00e9xitos de ventas de hoy como nunca antes con la fidelidad visual del trazado de rayos en tiempo real y el rendimiento definitivo de DLSS con tecnolog\u00eda de IA. LA VICTORIA SE MIDE EN MILISEGUNDOS:\u00a0NVIDIA\u00a0Reflex ofrece la m\u00e1xima ventaja competitiva. La latencia m\u00e1s baja. La mejor capacidad de respuesta. [&hellip;]<\/p>\n","protected":false},"featured_media":2665,"comment_status":"open","ping_status":"closed","template":"","meta":[],"product_brand":[],"product_cat":[15],"product_tag":[],"class_list":{"0":"post-2666","1":"product","2":"type-product","3":"status-publish","4":"has-post-thumbnail","6":"product_cat-sin-categorizar","8":"first","9":"instock","10":"sale","11":"taxable","12":"shipping-taxable","13":"purchasable","14":"product-type-simple"},"_links":{"self":[{"href":"https:\/\/pruebas.michollo.to\/pt\/wp-json\/wp\/v2\/product\/2666","targetHints":{"allow":["GET"]}}],"collection":[{"href":"https:\/\/pruebas.michollo.to\/pt\/wp-json\/wp\/v2\/product"}],"about":[{"href":"https:\/\/pruebas.michollo.to\/pt\/wp-json\/wp\/v2\/types\/product"}],"replies":[{"embeddable":true,"href":"https:\/\/pruebas.michollo.to\/pt\/wp-json\/wp\/v2\/comments?post=2666"}],"wp:featuredmedia":[{"embeddable":true,"href":"https:\/\/pruebas.michollo.to\/pt\/wp-json\/wp\/v2\/media\/2665"}],"wp:attachment":[{"href":"https:\/\/pruebas.michollo.to\/pt\/wp-json\/wp\/v2\/media?parent=2666"}],"wp:term":[{"taxonomy":"product_brand","embeddable":true,"href":"https:\/\/pruebas.michollo.to\/pt\/wp-json\/wp\/v2\/product_brand?post=2666"},{"taxonomy":"product_cat","embeddable":true,"href":"https:\/\/pruebas.michollo.to\/pt\/wp-json\/wp\/v2\/product_cat?post=2666"},{"taxonomy":"product_tag","embeddable":true,"href":"https:\/\/pruebas.michollo.to\/pt\/wp-json\/wp\/v2\/product_tag?post=2666"}],"curies":[{"name":"wp","href":"https:\/\/api.w.org\/{rel}","templated":true}]}}