{"id":2726,"date":"2023-10-24T05:54:19","date_gmt":"2023-10-24T07:54:19","guid":{"rendered":"https:\/\/www.minandovoy.com\/?post_type=product&#038;p=2726"},"modified":"2025-05-09T14:47:09","modified_gmt":"2025-05-09T12:47:09","slug":"jasminer-x-4","status":"publish","type":"product","link":"https:\/\/pruebas.michollo.to\/pt\/produto\/jasmineiro-x-4\/","title":{"rendered":"Jasminer X-4 65mh- Usado"},"content":{"rendered":"<p>Jasminer X-4<\/p>\n<p>Tem uma pot\u00eancia de extra\u00e7\u00e3o de 65mh, um consumo de energia de 1200W\/h.<\/p>\n<p>&nbsp;<\/p>\n<h2><b>Moedas que pode extrair com o Jasminer 4:<\/b><\/h2>\n<p>Apresent\u00e1mo-lo de forma clara para que o possa compreender sem complica\u00e7\u00f5es. Abaixo pode ver as moedas mais importantes para o algoritmo <a href=\"https:\/\/www.minandovoy.com\/tienda\/?algoritmos=ethash\">EtHash<\/a><\/p>\n<ul>\n<li>Ethereum Classic (ETC)<\/li>\n<li>Musicoin (M\u00daSICA)<\/li>\n<li>Ubiq (UBQ)<\/li>\n<\/ul>\n<p>&nbsp;<\/p>\n<p><strong>Ethereum classic vs Ethereum:<\/strong><br \/>\nEsta criptomoeda foi lan\u00e7ada em julho de 2016 e a sua principal fun\u00e7\u00e3o \u00e9 servir de rede para<br \/>\ncontratos inteligentes, com a capacidade de armazenar e suportar Dapps.<br \/>\nDesde o seu lan\u00e7amento, esta criptomoeda tem procurado diferenciar-se do seu irm\u00e3o mais velho, uma vez que<br \/>\nque se prop\u00f4s a preservar a integridade da cadeia de blocos ETH existente.<\/p>\n<p>&nbsp;<\/p>\n<p>Clique aqui\u00a0<a href=\"https:\/\/www.youtube.com\/watch?v=BtF49i6Glnc\" target=\"_blank\" rel=\"noopener\">aqui<\/a>\u00a0para saber a diferen\u00e7a entre um ASIC e um RIG.<\/p>","protected":false},"excerpt":{"rendered":"<p>Jasminer X-4 Tiene una potencia de minado de 65mh, un consumo de 1200W\/h &nbsp; Monedas que puedes minar con Jasminer 4: Lo ponemos de forma clara para que puedas entenderlo sin complicaciones. A continuaci\u00f3n se puede ver las monedas m\u00e1s importantes para el algoritmo EtHash Ethereum Classic (ETC) Musicoin (MUSIC) Ubiq (UBQ) &nbsp; Ethereum classic [&hellip;]<\/p>\n","protected":false},"featured_media":3614,"comment_status":"open","ping_status":"closed","template":"","meta":[],"product_brand":[],"product_cat":[19],"product_tag":[244,138,137],"class_list":{"0":"post-2726","1":"product","2":"type-product","3":"status-publish","4":"has-post-thumbnail","6":"product_cat-mineros","7":"product_tag-gme","8":"product_tag-mineros-para-avanzados","9":"product_tag-mineros-para-principiantes","11":"first","12":"outofstock","13":"taxable","14":"shipping-taxable","15":"purchasable","16":"product-type-simple"},"_links":{"self":[{"href":"https:\/\/pruebas.michollo.to\/pt\/wp-json\/wp\/v2\/product\/2726","targetHints":{"allow":["GET"]}}],"collection":[{"href":"https:\/\/pruebas.michollo.to\/pt\/wp-json\/wp\/v2\/product"}],"about":[{"href":"https:\/\/pruebas.michollo.to\/pt\/wp-json\/wp\/v2\/types\/product"}],"replies":[{"embeddable":true,"href":"https:\/\/pruebas.michollo.to\/pt\/wp-json\/wp\/v2\/comments?post=2726"}],"wp:featuredmedia":[{"embeddable":true,"href":"https:\/\/pruebas.michollo.to\/pt\/wp-json\/wp\/v2\/media\/3614"}],"wp:attachment":[{"href":"https:\/\/pruebas.michollo.to\/pt\/wp-json\/wp\/v2\/media?parent=2726"}],"wp:term":[{"taxonomy":"product_brand","embeddable":true,"href":"https:\/\/pruebas.michollo.to\/pt\/wp-json\/wp\/v2\/product_brand?post=2726"},{"taxonomy":"product_cat","embeddable":true,"href":"https:\/\/pruebas.michollo.to\/pt\/wp-json\/wp\/v2\/product_cat?post=2726"},{"taxonomy":"product_tag","embeddable":true,"href":"https:\/\/pruebas.michollo.to\/pt\/wp-json\/wp\/v2\/product_tag?post=2726"}],"curies":[{"name":"wp","href":"https:\/\/api.w.org\/{rel}","templated":true}]}}