{"id":2780,"date":"2023-11-03T08:14:01","date_gmt":"2023-11-03T10:14:01","guid":{"rendered":"https:\/\/www.minandovoy.com\/?post_type=product&#038;p=2780"},"modified":"2025-05-09T14:47:08","modified_gmt":"2025-05-09T12:47:08","slug":"iceriver-kas-ks3-8th-s","status":"publish","type":"product","link":"https:\/\/pruebas.michollo.to\/pt\/produto\/iceriver-kas-ks3-ks3-8th-s\/","title":{"rendered":"ICERIVER KAS KS3 8 TH\/S Usado"},"content":{"rendered":"<p>O ASIC, IceRiver KS3 8.2 TH\/s, \u00e9 um dispositivo de extra\u00e7\u00e3o de criptomoedas especializado, concebido especificamente para a extra\u00e7\u00e3o de Kaspa ou outras criptomoedas que utilizem o algoritmo kHeavyHash. O pacote inclui uma fonte de alimenta\u00e7\u00e3o IceRiver PSU.<\/p>\n<p>Seguem-se algumas caracter\u00edsticas relevantes do ASIC:<\/p>\n<ul>\n<li>N\u00edvel de ru\u00eddo: Este ASIC mineiro Kaspa foi concebido para uso dom\u00e9stico e n\u00e3o gera ru\u00eddo significativo, emitindo apenas 70 dB.<\/li>\n<li>Consumo de energia: O consumo de energia deste ASIC \u00e9 muito baixo, o que o torna adequado para uso dom\u00e9stico. Recomenda-se a utiliza\u00e7\u00e3o de uma tarifa de eletricidade dom\u00e9stica.<\/li>\n<\/ul>\n<p><strong>Caracter\u00edsticas do mineiro:<\/strong><\/p>\n<table class=\"woocommerce-product-attributes shop_attributes\">\n<tbody>\n<tr class=\"woocommerce-product-attributes-item woocommerce-product-attributes-item--attribute_kas-hashrate\">\n<th class=\"woocommerce-product-attributes-item__label\">Hashrate KAS<\/th>\n<td class=\"woocommerce-product-attributes-item__value\">\u00a08,2 TH\/S(\u00b110%)<\/td>\n<\/tr>\n<tr class=\"woocommerce-product-attributes-item woocommerce-product-attributes-item--attribute_wall-power\">\n<th class=\"woocommerce-product-attributes-item__label\">Pot\u00eancia<\/th>\n<td class=\"woocommerce-product-attributes-item__value\">3200W\/h(\u00b110%)<\/td>\n<\/tr>\n<tr class=\"woocommerce-product-attributes-item woocommerce-product-attributes-item--attribute_specifications\">\n<th class=\"woocommerce-product-attributes-item__label\">R\u00e1cio hashrate\/pot\u00eancia<\/th>\n<td class=\"woocommerce-product-attributes-item__value\">8TH 3200W<\/td>\n<\/tr>\n<tr class=\"woocommerce-product-attributes-item woocommerce-product-attributes-item--attribute_dimensionwith-packaging\">\n<th class=\"woocommerce-product-attributes-item__label\">Dimens\u00f5es (com embalagem)<\/th>\n<td class=\"woocommerce-product-attributes-item__value\">490\u00d7300\u00d7400(mm)<\/td>\n<\/tr>\n<tr class=\"woocommerce-product-attributes-item woocommerce-product-attributes-item--attribute_dimension\">\n<th class=\"woocommerce-product-attributes-item__label\">Dimens\u00f5es<\/th>\n<td class=\"woocommerce-product-attributes-item__value\">370\u00d7195\u00d7290(mm)<\/td>\n<\/tr>\n<tr class=\"woocommerce-product-attributes-item woocommerce-product-attributes-item--attribute_gross-weight\">\n<th class=\"woocommerce-product-attributes-item__label\">Peso<\/th>\n<td class=\"woocommerce-product-attributes-item__value\">17,6 kg<\/td>\n<\/tr>\n<tr class=\"woocommerce-product-attributes-item woocommerce-product-attributes-item--attribute_net-weight\">\n<th class=\"woocommerce-product-attributes-item__label\">Peso l\u00edquido<\/th>\n<td class=\"woocommerce-product-attributes-item__value\">14,7 kg<\/td>\n<\/tr>\n<tr class=\"woocommerce-product-attributes-item woocommerce-product-attributes-item--attribute_connection\">\n<th class=\"woocommerce-product-attributes-item__label\">Liga\u00e7\u00e3o<\/th>\n<td class=\"woocommerce-product-attributes-item__value\">ethernet<\/td>\n<\/tr>\n<tr class=\"woocommerce-product-attributes-item woocommerce-product-attributes-item--attribute_voltage-input\">\n<th class=\"woocommerce-product-attributes-item__label\">Tens\u00e3o de entrada<\/th>\n<td class=\"woocommerce-product-attributes-item__value\">170-300V AC<\/td>\n<\/tr>\n<tr class=\"woocommerce-product-attributes-item woocommerce-product-attributes-item--attribute_operating-temp\">\n<th class=\"woocommerce-product-attributes-item__label\">Temperatura de funcionamento<\/th>\n<td class=\"woocommerce-product-attributes-item__value\">0~35 \u2103<\/td>\n<\/tr>\n<\/tbody>\n<\/table>\n<h3>O que \u00e9 Kaspa?<\/h3>\n<p>A Kaspa \u00e9 uma criptomoeda que se baseia na tecnologia blockchain, tal como a Bitcoin e outras criptomoedas populares. Para um principiante, \u00e9 importante compreender que uma criptomoeda \u00e9 um tipo de moeda digital que utiliza criptografia para proteger e verificar as transac\u00e7\u00f5es efectuadas na sua rede.<\/p>\n<p>A Kaspa destaca-se por ser uma rede especificamente concebida para dar resposta a alguns desafios e limita\u00e7\u00f5es que t\u00eam sido observados noutras criptomoedas. Uma das principais caracter\u00edsticas da Kaspa \u00e9 o seu algoritmo de consenso, denominado kPoW (Kaspa Proof of Work), que garante a seguran\u00e7a e a fiabilidade da rede.<\/p>\n<p>Uma das diferen\u00e7as significativas do Kaspa em rela\u00e7\u00e3o a outras criptomoedas \u00e9 a sua capacidade de escalar de forma eficiente. Isto significa que o Kaspa tem a capacidade de lidar com um maior n\u00famero de transac\u00e7\u00f5es por segundo e pode crescer mais eficazmente \u00e0 medida que mais utilizadores se juntam \u00e0 rede. Esta escalabilidade melhora a velocidade e a efici\u00eancia das transac\u00e7\u00f5es, o que pode ser ben\u00e9fico para a ado\u00e7\u00e3o generalizada da criptomoeda.<\/p>\n<p>Al\u00e9m disso, a Kaspa \u00e9 considerada uma rede descentralizada e de fonte aberta, o que significa que n\u00e3o \u00e9 controlada por uma autoridade central e que qualquer pessoa pode aceder ao seu c\u00f3digo-fonte e contribuir para o desenvolvimento da plataforma.<\/p>","protected":false},"excerpt":{"rendered":"<p>El ASIC, IceRiver KS3 8.2\u00a0 TH\/s, es un dispositivo especializado en la miner\u00eda de criptomonedas, dise\u00f1ado espec\u00edficamente para minar Kaspa u otras criptomonedas que utilizan el algoritmo kHeavyHash. El paquete incluye una fuente de alimentaci\u00f3n PSU IceRiver. A continuaci\u00f3n, se detallan algunas caracter\u00edsticas relevantes del ASIC: Nivel de ruido: Este ASIC de miner\u00eda de Kaspa [&hellip;]<\/p>\n","protected":false},"featured_media":2491,"comment_status":"open","ping_status":"closed","template":"","meta":[],"product_brand":[],"product_cat":[19],"product_tag":[244,138],"class_list":{"0":"post-2780","1":"product","2":"type-product","3":"status-publish","4":"has-post-thumbnail","6":"product_cat-mineros","7":"product_tag-gme","8":"product_tag-mineros-para-avanzados","10":"first","11":"outofstock","12":"featured","13":"taxable","14":"shipping-taxable","15":"purchasable","16":"product-type-simple"},"_links":{"self":[{"href":"https:\/\/pruebas.michollo.to\/pt\/wp-json\/wp\/v2\/product\/2780","targetHints":{"allow":["GET"]}}],"collection":[{"href":"https:\/\/pruebas.michollo.to\/pt\/wp-json\/wp\/v2\/product"}],"about":[{"href":"https:\/\/pruebas.michollo.to\/pt\/wp-json\/wp\/v2\/types\/product"}],"replies":[{"embeddable":true,"href":"https:\/\/pruebas.michollo.to\/pt\/wp-json\/wp\/v2\/comments?post=2780"}],"wp:featuredmedia":[{"embeddable":true,"href":"https:\/\/pruebas.michollo.to\/pt\/wp-json\/wp\/v2\/media\/2491"}],"wp:attachment":[{"href":"https:\/\/pruebas.michollo.to\/pt\/wp-json\/wp\/v2\/media?parent=2780"}],"wp:term":[{"taxonomy":"product_brand","embeddable":true,"href":"https:\/\/pruebas.michollo.to\/pt\/wp-json\/wp\/v2\/product_brand?post=2780"},{"taxonomy":"product_cat","embeddable":true,"href":"https:\/\/pruebas.michollo.to\/pt\/wp-json\/wp\/v2\/product_cat?post=2780"},{"taxonomy":"product_tag","embeddable":true,"href":"https:\/\/pruebas.michollo.to\/pt\/wp-json\/wp\/v2\/product_tag?post=2780"}],"curies":[{"name":"wp","href":"https:\/\/api.w.org\/{rel}","templated":true}]}}