{"id":2794,"date":"2023-11-03T14:41:04","date_gmt":"2023-11-03T16:41:04","guid":{"rendered":"https:\/\/www.minandovoy.com\/?post_type=product&#038;p=2794"},"modified":"2025-05-09T14:47:08","modified_gmt":"2025-05-09T12:47:08","slug":"iceriver-kas-ks0-pro","status":"publish","type":"product","link":"https:\/\/pruebas.michollo.to\/pt\/produto\/iceriver-kas-ks0-pro-2\/","title":{"rendered":"Iceriver KS0 PRO 200 Gh Novo!"},"content":{"rendered":"<p><strong>Iceriver KS0 Pro: A m\u00e1quina de minera\u00e7\u00e3o de alto desempenho<\/strong><\/p>\n<p>O KS0 Pro, a mais recente adi\u00e7\u00e3o da Iceriver \u00e0 sua extraordin\u00e1ria linha de mineiros, \u00e9 uma pot\u00eancia de processamento como nenhuma outra no mundo da extra\u00e7\u00e3o de criptomoedas. Meticulosamente concebido para um desempenho \u00f3timo, efici\u00eancia energ\u00e9tica e fiabilidade excecional, o KS0 Pro \u00e9 a melhor escolha para os mineiros mais exigentes.<\/p>\n<p><iframe loading=\"lazy\" title=\"Esta pequena m\u00e1quina gera rendimentos passivos\" width=\"500\" height=\"281\" src=\"https:\/\/www.youtube.com\/embed\/o67Pwvaz90c?feature=oembed\" frameborder=\"0\" allow=\"accelerometer; autoplay; clipboard-write; encrypted-media; gyroscope; picture-in-picture; web-share\" referrerpolicy=\"strict-origin-when-cross-origin\" allowfullscreen><\/iframe><\/p>\n<p><strong>Especifica\u00e7\u00f5es impressionantes:<\/strong><\/p>\n<ul>\n<li>Taxa de transfer\u00eancia KAS: 200GH\/S (\u00b110%)<\/li>\n<li>Consumo de energia: 100W\/h (\u00b110%)<\/li>\n<li>Dimens\u00f5es compactas: 200x194x74 (mil\u00edmetros)<\/li>\n<li>Peso l\u00edquido: 2,5 quilos<\/li>\n<\/ul>\n<p><strong>Conectividade sem esfor\u00e7o:<\/strong> O KS0 Pro liga-se facilmente via Ethernet, assegurando uma comunica\u00e7\u00e3o suave e fi\u00e1vel com o seu sistema de explora\u00e7\u00e3o mineira. Com op\u00e7\u00f5es de entrada de tens\u00e3o vers\u00e1teis, pode funcionar a partir de uma fonte de alimenta\u00e7\u00e3o de 100-240V AC ou, se preferir, de 19-20V DC, dando-lhe a flexibilidade para se adaptar \u00e0s suas necessidades.<\/p>\n<p><strong>Funcionamento silencioso e eficiente:<\/strong> Apesar da sua pot\u00eancia, o KS0 Pro funciona silenciosamente com um n\u00edvel de ru\u00eddo de apenas 10 dB. Para al\u00e9m disso, a sua efici\u00eancia energ\u00e9tica de \u00faltima gera\u00e7\u00e3o garante que pode extrair durante horas sem se preocupar com custos de energia elevados.<\/p>\n<p><strong>Desempenho inigual\u00e1vel:<\/strong> O KS0 Pro destaca-se pelo seu hashrate de 200GH\/S (\u00b110%), colocando-o na vanguarda da minera\u00e7\u00e3o de criptomoedas. O seu design compacto e o seu peso leve fazem dele a escolha ideal para qualquer ambiente de minera\u00e7\u00e3o.<\/p>\n<p><strong>Temperatura \u00f3ptima:<\/strong> Este mineiro pode funcionar num intervalo de temperatura de 0~35 \u2103, desde que seja colocado num ambiente com boa circula\u00e7\u00e3o de ar. Isto garante um desempenho consistente mesmo em condi\u00e7\u00f5es dif\u00edceis.<\/p>\n<p>O KS0 Pro da Iceriver \u00e9 a combina\u00e7\u00e3o perfeita de pot\u00eancia, efici\u00eancia e facilidade de utiliza\u00e7\u00e3o. Se procura uma m\u00e1quina de minera\u00e7\u00e3o de alto desempenho que exceda as suas expectativas, o KS0 Pro \u00e9 a escolha indiscut\u00edvel. Potencialize a sua opera\u00e7\u00e3o de minera\u00e7\u00e3o de criptomoeda com o Iceriver KS0 Pro e experimente um novo n\u00edvel de produtividade.<\/p>","protected":false},"excerpt":{"rendered":"<p>KS0 Pro de Iceriver: La M\u00e1quina de Miner\u00eda de Alto Rendimiento El KS0 Pro, la \u00faltima incorporaci\u00f3n de Iceriver a su destacada l\u00ednea de mineros, es una potencia de procesamiento como ninguna otra en el mundo de la miner\u00eda de criptomonedas. Dise\u00f1ado meticulosamente para brindar un rendimiento \u00f3ptimo, eficiencia energ\u00e9tica y confiabilidad sobresalientes, el KS0 [&hellip;]<\/p>\n","protected":false},"featured_media":2071,"comment_status":"open","ping_status":"closed","template":"","meta":[],"product_brand":[],"product_cat":[19],"product_tag":[244,138,137],"class_list":{"0":"post-2794","1":"product","2":"type-product","3":"status-publish","4":"has-post-thumbnail","6":"product_cat-mineros","7":"product_tag-gme","8":"product_tag-mineros-para-avanzados","9":"product_tag-mineros-para-principiantes","11":"first","12":"outofstock","13":"featured","14":"taxable","15":"shipping-taxable","16":"purchasable","17":"product-type-simple"},"_links":{"self":[{"href":"https:\/\/pruebas.michollo.to\/pt\/wp-json\/wp\/v2\/product\/2794","targetHints":{"allow":["GET"]}}],"collection":[{"href":"https:\/\/pruebas.michollo.to\/pt\/wp-json\/wp\/v2\/product"}],"about":[{"href":"https:\/\/pruebas.michollo.to\/pt\/wp-json\/wp\/v2\/types\/product"}],"replies":[{"embeddable":true,"href":"https:\/\/pruebas.michollo.to\/pt\/wp-json\/wp\/v2\/comments?post=2794"}],"wp:featuredmedia":[{"embeddable":true,"href":"https:\/\/pruebas.michollo.to\/pt\/wp-json\/wp\/v2\/media\/2071"}],"wp:attachment":[{"href":"https:\/\/pruebas.michollo.to\/pt\/wp-json\/wp\/v2\/media?parent=2794"}],"wp:term":[{"taxonomy":"product_brand","embeddable":true,"href":"https:\/\/pruebas.michollo.to\/pt\/wp-json\/wp\/v2\/product_brand?post=2794"},{"taxonomy":"product_cat","embeddable":true,"href":"https:\/\/pruebas.michollo.to\/pt\/wp-json\/wp\/v2\/product_cat?post=2794"},{"taxonomy":"product_tag","embeddable":true,"href":"https:\/\/pruebas.michollo.to\/pt\/wp-json\/wp\/v2\/product_tag?post=2794"}],"curies":[{"name":"wp","href":"https:\/\/api.w.org\/{rel}","templated":true}]}}