{"id":2946,"date":"2023-11-30T14:56:45","date_gmt":"2023-11-30T16:56:45","guid":{"rendered":"https:\/\/www.minandovoy.com\/?post_type=product&#038;p=2946"},"modified":"2025-05-09T14:47:07","modified_gmt":"2025-05-09T12:47:07","slug":"microbt-whatsminer-m66s-270-298t-18-5-th-bitcoin-con-equipo-de-inmersion-en-aceite","status":"publish","type":"product","link":"https:\/\/pruebas.michollo.to\/pt\/produto\/microbt-whatsminer-m66s-270-298t-18-5-th-bitcoin-com-equipamento-de-imersao-em-oleo\/","title":{"rendered":"MicroBT WhatsMiner M66S 270 298T 18.5\/TH Bitcoin Batch June com equipamento de imers\u00e3o em \u00f3leo"},"content":{"rendered":"<p>&nbsp;<\/p>\n<h2>Whatsminer M66S<\/h2>\n<p>Whatsminer M66S a nova m\u00e1quina para a<a href=\"https:\/\/www.minandovoy.com\/categoria\/mineros\/?algoritmos=sha-256\"> Minera\u00e7\u00e3o de bitcoin<\/a> (SHA-256) com uma pot\u00eancia computacional de 290 e um consumo de energia de 5513W\/hora.<\/p>\n<p>As classifica\u00e7\u00f5es de efici\u00eancia energ\u00e9tica de 18,5 J\/TH indicam um equil\u00edbrio not\u00e1vel entre hash e consumo de energia. Comparado com o Whatsminer M66S, o Whatsminer M66S tem menor consumo de energia.<\/p>\n<div class=\"currency-container d-inline-block\"><\/div>\n<p><strong>UM POUCO SOBRE <a href=\"https:\/\/coinmarketcap.com\/es\/currencies\/bitcoin\/\">BITCOIN<\/a><\/strong><\/p>\n<p>\u00c9 a primeira criptomoeda desenvolvida e, por conseguinte, a que abriu caminho a todas as outras que surgiram posteriormente, utilizando a sua tecnologia denominada cadeia de blocos.<\/p>\n<p>H\u00e1 uma quantidade de Bitcoins que s\u00e3o emitidos todos os anos e esta quantidade \u00e9 determinada pelo seu algoritmo, a cada 4 anos a sua produ\u00e7\u00e3o \u00e9 reduzida em dois, de modo a que apenas um total de 21 milh\u00f5es de Bitcoins sejam emitidos.<\/p>\n<p>Esta \u00e9 a grande diferen\u00e7a em rela\u00e7\u00e3o \u00e0s moedas convencionais, uma vez que os bancos alteram o valor. Isto significa que a criptomoeda, neste caso o Bitcoin, pode oferecer mais estabilidade enquanto as moedas convencionais se desvalorizam.<\/p>\n<p>Atualmente, as criptomoedas s\u00e3o utilizadas como m\u00e9todo de pagamento em muitas plataformas, sendo a moeda de troca, na maioria dos casos, a Bitcoin, uma vez que s\u00e3o seguras e privadas.<\/p>\n<p>&nbsp;<\/p>\n<p><strong>PRINCIPAIS VANTAGENS DA BITCOIN<\/strong><\/p>\n<ol>\n<li>Rapidez: Envie dinheiro para si pr\u00f3prio, independentemente do montante e do destino, numa quest\u00e3o de minutos.<\/li>\n<li>Barato: Ao fazer uma transfer\u00eancia atrav\u00e9s do seu banco pode custar-lhe muito dinheiro, atrav\u00e9s da Bitcoin o custo \u00e9 gratuito ou apenas alguns c\u00eantimos.<\/li>\n<li>Global: Pode enviar para qualquer parte do mundo, n\u00e3o tem fronteiras.<\/li>\n<li>Descentralizado: nenhum governo\/banco pode control\u00e1-lo, nem na sua cria\u00e7\u00e3o nem na sua distribui\u00e7\u00e3o.<\/li>\n<li>Propriedade: O dinheiro pertence-lhe 100%, n\u00e3o pode ser acedido por ningu\u00e9m, \u00e9 o seu pr\u00f3prio banco.<\/li>\n<li>Transparente:  Todas as transac\u00e7\u00f5es s\u00e3o p\u00fablicas, mas sempre sob pseud\u00f3nimos.<\/li>\n<li>Emiss\u00e3o limitada: Ningu\u00e9m pode gerar milhares de Bitcoins s\u00f3 porque lhe apetece, eles aparecem gra\u00e7as \u00e0 extra\u00e7\u00e3o mineira.<\/li>\n<li>Privado: A Bitcoin tenta preservar a privacidade, a um n\u00edvel muito elevado, embora n\u00e3o seja completamente an\u00f3nima e trabalhe para o ser.<\/li>\n<\/ol>","protected":false},"excerpt":{"rendered":"<p>&nbsp; Whatsminer M66S Whatsminer M66S la nueva m\u00e1quina para la miner\u00eda de Bitcoin (SHA-256) con un poder computacional de 290 y un consumo el\u00e9ctrico de\u00a0 5513W\/Hora. Las clasificaciones de eficiencia energ\u00e9tica, de 18.5 J\/TH, indican un equilibrio notable entre el hash y el consumo de energ\u00eda. En comparaci\u00f3n con Whatsminer M66S , Whatsminer M66S tiene [&hellip;]<\/p>\n","protected":false},"featured_media":2947,"comment_status":"open","ping_status":"closed","template":"","meta":[],"product_brand":[],"product_cat":[15],"product_tag":[],"class_list":{"0":"post-2946","1":"product","2":"type-product","3":"status-publish","4":"has-post-thumbnail","6":"product_cat-sin-categorizar","8":"first","9":"outofstock","10":"taxable","11":"shipping-taxable","12":"purchasable","13":"product-type-simple"},"_links":{"self":[{"href":"https:\/\/pruebas.michollo.to\/pt\/wp-json\/wp\/v2\/product\/2946","targetHints":{"allow":["GET"]}}],"collection":[{"href":"https:\/\/pruebas.michollo.to\/pt\/wp-json\/wp\/v2\/product"}],"about":[{"href":"https:\/\/pruebas.michollo.to\/pt\/wp-json\/wp\/v2\/types\/product"}],"replies":[{"embeddable":true,"href":"https:\/\/pruebas.michollo.to\/pt\/wp-json\/wp\/v2\/comments?post=2946"}],"wp:featuredmedia":[{"embeddable":true,"href":"https:\/\/pruebas.michollo.to\/pt\/wp-json\/wp\/v2\/media\/2947"}],"wp:attachment":[{"href":"https:\/\/pruebas.michollo.to\/pt\/wp-json\/wp\/v2\/media?parent=2946"}],"wp:term":[{"taxonomy":"product_brand","embeddable":true,"href":"https:\/\/pruebas.michollo.to\/pt\/wp-json\/wp\/v2\/product_brand?post=2946"},{"taxonomy":"product_cat","embeddable":true,"href":"https:\/\/pruebas.michollo.to\/pt\/wp-json\/wp\/v2\/product_cat?post=2946"},{"taxonomy":"product_tag","embeddable":true,"href":"https:\/\/pruebas.michollo.to\/pt\/wp-json\/wp\/v2\/product_tag?post=2946"}],"curies":[{"name":"wp","href":"https:\/\/api.w.org\/{rel}","templated":true}]}}