{"id":2963,"date":"2023-12-04T14:33:02","date_gmt":"2023-12-04T16:33:02","guid":{"rendered":"https:\/\/www.minandovoy.com\/?post_type=product&#038;p=2963"},"modified":"2026-02-23T13:16:35","modified_gmt":"2026-02-23T12:16:35","slug":"sistema-de-refrigeracion-liquida-para-mineria-en-casa-de-12kw-asic-con-enfriamiento-por-agua","status":"publish","type":"product","link":"https:\/\/pruebas.michollo.to\/pt\/produto\/sistema-de-arrefecimento-liquido-de-12kw-asic-arrefecido-a-agua-para-exploracao-mineira-interna\/","title":{"rendered":"Sistema de arrefecimento l\u00edquido de 12KW ASIC arrefecido a \u00e1gua para minera\u00e7\u00e3o dom\u00e9stica."},"content":{"rendered":"<p>Radiador arrefecido a \u00e1gua O sistema de overclocking arrefecido a \u00e1gua mais simples e mais pr\u00e1tico para m\u00e1quinas mineiras e pode tamb\u00e9m utilizar o calor mineral para aquecer a casa.<\/p>\n<p>Caracter\u00edsticas Compat\u00edvel com todos os mineiros arrefecidos a \u00e1gua Para utiliza\u00e7\u00e3o dom\u00e9stica (65 dB) e bom aspeto Arrefecimento de esfera dupla (pode funcionar com cerca de 12W\/H) e longa vida \u00fatil com volume de descarga super elevado, solu\u00e7\u00e3o de alta pot\u00eancia para arrefecimento Bomba de \u00e1gua potente e controlo de qualidade sistem\u00e1tico Conce\u00e7\u00e3o do canal de \u00e1gua em forma de S com v\u00e1rios canais e 36 canais de circula\u00e7\u00e3o de \u00e1gua para uma dissipa\u00e7\u00e3o de calor mais r\u00e1pida.<\/p>\n<p>&nbsp;<\/p>\n<p>&nbsp;<\/p>\n<p>Utilizado em m\u00e1quinas hidrominerais da gama s19 e superiores.<\/p>","protected":false},"excerpt":{"rendered":"<p>Radiador de refrigeraci\u00f3n por agua El sistema de overclocking enfriado por agua m\u00e1s simple y conveniente para m\u00e1quinas de miner\u00eda y tambi\u00e9n puede utilizar el calor mineral para calentar la casa. Caracter\u00edsticas Compatible con todos los mineros enfriados por agua Para uso dom\u00e9stico (65 dB) y apariencia agradable Doble enfriamiento de bola (puede funcionar alrededor [&hellip;]<\/p>\n","protected":false},"featured_media":2965,"comment_status":"open","ping_status":"closed","template":"","meta":[],"product_brand":[],"product_cat":[15],"product_tag":[],"class_list":{"0":"post-2963","1":"product","2":"type-product","3":"status-publish","4":"has-post-thumbnail","6":"product_cat-sin-categorizar","8":"first","9":"instock","10":"taxable","11":"shipping-taxable","12":"purchasable","13":"product-type-simple"},"_links":{"self":[{"href":"https:\/\/pruebas.michollo.to\/pt\/wp-json\/wp\/v2\/product\/2963","targetHints":{"allow":["GET"]}}],"collection":[{"href":"https:\/\/pruebas.michollo.to\/pt\/wp-json\/wp\/v2\/product"}],"about":[{"href":"https:\/\/pruebas.michollo.to\/pt\/wp-json\/wp\/v2\/types\/product"}],"replies":[{"embeddable":true,"href":"https:\/\/pruebas.michollo.to\/pt\/wp-json\/wp\/v2\/comments?post=2963"}],"wp:featuredmedia":[{"embeddable":true,"href":"https:\/\/pruebas.michollo.to\/pt\/wp-json\/wp\/v2\/media\/2965"}],"wp:attachment":[{"href":"https:\/\/pruebas.michollo.to\/pt\/wp-json\/wp\/v2\/media?parent=2963"}],"wp:term":[{"taxonomy":"product_brand","embeddable":true,"href":"https:\/\/pruebas.michollo.to\/pt\/wp-json\/wp\/v2\/product_brand?post=2963"},{"taxonomy":"product_cat","embeddable":true,"href":"https:\/\/pruebas.michollo.to\/pt\/wp-json\/wp\/v2\/product_cat?post=2963"},{"taxonomy":"product_tag","embeddable":true,"href":"https:\/\/pruebas.michollo.to\/pt\/wp-json\/wp\/v2\/product_tag?post=2963"}],"curies":[{"name":"wp","href":"https:\/\/api.w.org\/{rel}","templated":true}]}}