{"id":311,"date":"2022-10-16T04:24:43","date_gmt":"2022-10-16T06:24:43","guid":{"rendered":"https:\/\/pruebas.michollo.to\/producto\/ipollo-v1-mini-classic-plus-280mh\/"},"modified":"2025-05-09T14:47:32","modified_gmt":"2025-05-09T12:47:32","slug":"ipollo-v1-mini-classic-plus-280mh","status":"publish","type":"product","link":"https:\/\/pruebas.michollo.to\/pt\/produto\/ipollo-v1-mini-classic-plus-280mh\/","title":{"rendered":"Ipollo V1 MINI CLASSIC PLUS 280Mh"},"content":{"rendered":"<p><strong><span style=\"vertical-align: inherit;\"><span style=\"vertical-align: inherit;\">O iPollo V1 MINI ASIC com 280Mhs de pot\u00eancia de minera\u00e7\u00e3o explora o algoritmo ETHASH com um consumo de energia de apenas 270w. <\/span><span style=\"vertical-align: inherit;\">Pronto para a prova de aposta? <\/span><span style=\"vertical-align: inherit;\">N\u00f3s queremos!<\/span><\/span><\/strong><\/p>\n<p><strong><img loading=\"lazy\" decoding=\"async\" style=\"display: block; margin-left: auto; margin-right: auto;\" src=\"https:\/\/cdn.shopify.com\/s\/files\/1\/0531\/4877\/8652\/files\/7657A11B-552E-4C09-A7B7-4F979F4C4B4A_480x480.gif?v=1659968093\" alt=\"\" width=\"430\" height=\"215\" \/><\/strong><\/p>\n<p>Conheces a m\u00e1quina iPollo V1? Se conheces, n\u00e3o a vais deixar escapar! Trata-se de um ASIC fabricado pela empresa iPollo, \u00e9 o modelo V1 com uma pot\u00eancia de 280Mhs e um consumo de 270w\/hora.<\/p>\n<p>Minar o algoritmo\u00a0<a href=\"https:\/\/www.minandovoy.com\/categoria\/mineros\/?algoritmos=ethash\">ETHASH<\/a>Embora o ETHEREUM n\u00e3o possa ser extra\u00eddo atrav\u00e9s do Merge, existem muitas outras alternativas para a extra\u00e7\u00e3o de min\u00e9rio com esta m\u00e1quina, incluindo: Ethereum Classic.<br \/>\n\u00c9 um grande concurso para os IGRs mineiros de<a href=\"https:\/\/coinmarketcap.com\/currencies\/ethereum-classic\/\" target=\"_blank\" rel=\"noopener\">\u00a0Ethereum Cl\u00e1ssico<\/a>Tem 280Mhs de pot\u00eancia de extra\u00e7\u00e3o com um consumo de energia muito baixo para a pot\u00eancia de computa\u00e7\u00e3o da m\u00e1quina.<\/p>\n<p>&nbsp;<\/p>\n<h3><strong>VAMOS FALAR DE IPOLLO<\/strong><\/h3>\n<p>A Ipollo \u00e9 uma empresa que concebe equipamento eletr\u00f3nico, talvez mais orientado para as criptomoedas. Esta empresa criou diferentes m\u00e1quinas para minera\u00e7\u00e3o de criptomoedas, tais como:<br \/>\n- Ethereum: Ipollo V1<br \/>\n- Bitcoin: Ipollo B1L<br \/>\n- Sorriso: Ipollo G1<br \/>\nEmbora tamb\u00e9m tenham equipamentos para FileCoin, Chia, Swarm... A Ipollo est\u00e1 a tentar aumentar o poder de computa\u00e7\u00e3o e reduzir o consumo de energia, e tudo isto gra\u00e7as ao seu crescimento e rece\u00e7\u00e3o no mercado.<\/p>\n<p>&nbsp;<\/p>\n<h3><strong>ETHEREUM CLASSIC vs ETHEREUM:<\/strong><\/h3>\n<p>Esta criptomoeda foi lan\u00e7ada em julho de 2016, cuja principal fun\u00e7\u00e3o \u00e9 ser uma rede de contratos inteligentes, com a capacidade de armazenar e suportar Dapps.<br \/>\nDesde o lan\u00e7amento deste criptograma, procurou diferenciar-se do seu irm\u00e3o mais velho, uma vez que este se prop\u00f4s a preservar a integridade da cadeia de bloqueio ETH existente.<\/p>","protected":false},"excerpt":{"rendered":"<p>\u00a1El ASIC iPollo V1 MINI de 280Mhs de potencia de minado explota el algoritmo ETHASH con un consumo de tan solo 270w. \u00bfPreparados para el Proof Of Stake? \u00a1Nosotros si! \u00a1\u00bfConoces la m\u00e1quina iPollo V1? \u00a1Si la conoces no la dejar\u00e1s escapar! Se trata de un ASIC fabricando por la empresa iPollo, es el modelo [&hellip;]<\/p>\n","protected":false},"featured_media":312,"comment_status":"open","ping_status":"closed","template":"","meta":[],"product_brand":[],"product_cat":[19],"product_tag":[52,244,138,137],"class_list":{"0":"post-311","1":"product","2":"type-product","3":"status-publish","4":"has-post-thumbnail","6":"product_cat-mineros","7":"product_tag-asic","8":"product_tag-gme","9":"product_tag-mineros-para-avanzados","10":"product_tag-mineros-para-principiantes","12":"first","13":"outofstock","14":"taxable","15":"shipping-taxable","16":"purchasable","17":"product-type-simple"},"_links":{"self":[{"href":"https:\/\/pruebas.michollo.to\/pt\/wp-json\/wp\/v2\/product\/311","targetHints":{"allow":["GET"]}}],"collection":[{"href":"https:\/\/pruebas.michollo.to\/pt\/wp-json\/wp\/v2\/product"}],"about":[{"href":"https:\/\/pruebas.michollo.to\/pt\/wp-json\/wp\/v2\/types\/product"}],"replies":[{"embeddable":true,"href":"https:\/\/pruebas.michollo.to\/pt\/wp-json\/wp\/v2\/comments?post=311"}],"wp:featuredmedia":[{"embeddable":true,"href":"https:\/\/pruebas.michollo.to\/pt\/wp-json\/wp\/v2\/media\/312"}],"wp:attachment":[{"href":"https:\/\/pruebas.michollo.to\/pt\/wp-json\/wp\/v2\/media?parent=311"}],"wp:term":[{"taxonomy":"product_brand","embeddable":true,"href":"https:\/\/pruebas.michollo.to\/pt\/wp-json\/wp\/v2\/product_brand?post=311"},{"taxonomy":"product_cat","embeddable":true,"href":"https:\/\/pruebas.michollo.to\/pt\/wp-json\/wp\/v2\/product_cat?post=311"},{"taxonomy":"product_tag","embeddable":true,"href":"https:\/\/pruebas.michollo.to\/pt\/wp-json\/wp\/v2\/product_tag?post=311"}],"curies":[{"name":"wp","href":"https:\/\/api.w.org\/{rel}","templated":true}]}}