{"id":330,"date":"2022-10-16T04:29:09","date_gmt":"2022-10-16T06:29:09","guid":{"rendered":"https:\/\/pruebas.michollo.to\/producto\/whatsminer-m31s-80th\/"},"modified":"2025-05-09T14:47:31","modified_gmt":"2025-05-09T12:47:31","slug":"whatsminer-m31s-80th","status":"publish","type":"product","link":"https:\/\/pruebas.michollo.to\/pt\/produto\/whatsminer-m31s-80o-aniversario\/","title":{"rendered":"Whatsminer M31S+ 80TH"},"content":{"rendered":"<div style=\"text-align: center;\">\n<div>\n<p style=\"text-align: left;\">Whatsminer M31s+ a nova m\u00e1quina de minera\u00e7\u00e3o de Bitcoin (<a href=\"https:\/\/www.minandovoy.com\/es_es\/categoria\/mineros\/?algoritmos=sha-256\">SHA-256<\/a>) com uma pot\u00eancia computacional de 80T e um consumo de energia de 3360 W\/Hora.<\/p>\n<div class=\"currency-container d-inline-block\" style=\"text-align: left;\"><\/div>\n<h3 style=\"text-align: left;\"><strong>UM POUCO SOBRE A BITCOIN<\/strong><\/h3>\n<p style=\"text-align: left;\">\u00c9 a primeira criptomoeda desenvolvida e, por conseguinte, a que abriu caminho a todas as outras que surgiram posteriormente, utilizando a sua tecnologia denominada cadeia de blocos.<\/p>\n<p style=\"text-align: left;\">H\u00e1 uma quantidade de Bitcoins que s\u00e3o emitidos todos os anos e esta quantidade \u00e9 determinada pelo seu algoritmo, a cada 4 anos a sua produ\u00e7\u00e3o \u00e9 reduzida em dois, de modo a que apenas um total de 21 milh\u00f5es de Bitcoins sejam emitidos.<\/p>\n<p style=\"text-align: left;\">Esta \u00e9 a grande diferen\u00e7a em rela\u00e7\u00e3o \u00e0s moedas convencionais, uma vez que os bancos alteram o valor. Isto significa que a criptomoeda, neste caso o Bitcoin, pode oferecer mais estabilidade enquanto as moedas convencionais se desvalorizam.<\/p>\n<p style=\"text-align: left;\">Atualmente, as criptomoedas s\u00e3o utilizadas como m\u00e9todo de pagamento em muitas plataformas, sendo a moeda de troca, na maioria dos casos, a Bitcoin, uma vez que s\u00e3o seguras e privadas.<\/p>\n<h3 style=\"text-align: left;\"><strong>PRINCIPAIS VANTAGENS DE\u00a0<a href=\"https:\/\/coinmarketcap.com\/es\/currencies\/bitcoin\/\" target=\"_blank\" rel=\"noopener\">BITCOIN<\/a><\/strong><\/h3>\n<ol style=\"text-align: left;\">\n<li>Rapidez: Envie dinheiro para si pr\u00f3prio, independentemente do montante e do destino, numa quest\u00e3o de minutos.<\/li>\n<li>Barato: Ao fazer uma transfer\u00eancia atrav\u00e9s do seu banco pode custar-lhe muito dinheiro, atrav\u00e9s da Bitcoin o custo \u00e9 gratuito ou apenas alguns c\u00eantimos.<\/li>\n<li>Global: Pode enviar para qualquer parte do mundo, n\u00e3o tem fronteiras.<\/li>\n<li>Descentralizado: nenhum governo\/banco pode control\u00e1-lo, nem na sua cria\u00e7\u00e3o nem na sua distribui\u00e7\u00e3o.<\/li>\n<li>Propriedade: O dinheiro pertence-lhe 100%, n\u00e3o pode ser acedido por ningu\u00e9m, \u00e9 o seu pr\u00f3prio banco.<\/li>\n<li>Transparente:  Todas as transac\u00e7\u00f5es s\u00e3o p\u00fablicas, mas sempre sob pseud\u00f3nimos.<\/li>\n<li>Emiss\u00e3o limitada: Ningu\u00e9m pode gerar milhares de Bitcoins s\u00f3 porque lhe apetece, eles aparecem gra\u00e7as \u00e0 extra\u00e7\u00e3o mineira.<\/li>\n<li>Privado: A Bitcoin tenta preservar a privacidade, a um n\u00edvel muito elevado, embora n\u00e3o seja completamente an\u00f3nima e trabalhe para o ser.<\/li>\n<\/ol>\n<\/div>\n<\/div>","protected":false},"excerpt":{"rendered":"<p>Whatsminer M31s+ la nueva m\u00e1quina para la miner\u00eda de Bitcoin (SHA-256) con un poder computacional de 80T y un consumo el\u00e9ctrico de\u00a0 3360 W\/Hora. UN POCO SOBRE BITCOIN Es la primera criptomoneda desarrollada y por lo tanto, la que ha marcado camino a todas las dem\u00e1s que llegaron despu\u00e9s utilizando su tecnolog\u00eda llamada cadena de [&hellip;]<\/p>\n","protected":false},"featured_media":331,"comment_status":"open","ping_status":"closed","template":"","meta":[],"product_brand":[],"product_cat":[19],"product_tag":[52,244,138,137],"class_list":{"0":"post-330","1":"product","2":"type-product","3":"status-publish","4":"has-post-thumbnail","6":"product_cat-mineros","7":"product_tag-asic","8":"product_tag-gme","9":"product_tag-mineros-para-avanzados","10":"product_tag-mineros-para-principiantes","12":"first","13":"outofstock","14":"taxable","15":"shipping-taxable","16":"purchasable","17":"product-type-simple"},"_links":{"self":[{"href":"https:\/\/pruebas.michollo.to\/pt\/wp-json\/wp\/v2\/product\/330","targetHints":{"allow":["GET"]}}],"collection":[{"href":"https:\/\/pruebas.michollo.to\/pt\/wp-json\/wp\/v2\/product"}],"about":[{"href":"https:\/\/pruebas.michollo.to\/pt\/wp-json\/wp\/v2\/types\/product"}],"replies":[{"embeddable":true,"href":"https:\/\/pruebas.michollo.to\/pt\/wp-json\/wp\/v2\/comments?post=330"}],"wp:featuredmedia":[{"embeddable":true,"href":"https:\/\/pruebas.michollo.to\/pt\/wp-json\/wp\/v2\/media\/331"}],"wp:attachment":[{"href":"https:\/\/pruebas.michollo.to\/pt\/wp-json\/wp\/v2\/media?parent=330"}],"wp:term":[{"taxonomy":"product_brand","embeddable":true,"href":"https:\/\/pruebas.michollo.to\/pt\/wp-json\/wp\/v2\/product_brand?post=330"},{"taxonomy":"product_cat","embeddable":true,"href":"https:\/\/pruebas.michollo.to\/pt\/wp-json\/wp\/v2\/product_cat?post=330"},{"taxonomy":"product_tag","embeddable":true,"href":"https:\/\/pruebas.michollo.to\/pt\/wp-json\/wp\/v2\/product_tag?post=330"}],"curies":[{"name":"wp","href":"https:\/\/api.w.org\/{rel}","templated":true}]}}