{"id":388,"date":"2022-10-16T04:32:37","date_gmt":"2022-10-16T06:32:37","guid":{"rendered":"https:\/\/pruebas.michollo.to\/producto\/rig-starter-2-0\/"},"modified":"2025-05-09T14:47:29","modified_gmt":"2025-05-09T12:47:29","slug":"rig-starter-2-0","status":"publish","type":"product","link":"https:\/\/pruebas.michollo.to\/pt\/produto\/arrancador-de-equipamento-2-0\/","title":{"rendered":"Rig starter 2.0 - minera\u00e7\u00e3o dupla ETHF + KAS, NEOXA, ETC, FLUX"},"content":{"rendered":"<p data-sanitized-data-mce-fragment=\"1\"><em>*PRE\u00c7O SEM IVA, CONSULTAR CONDI\u00c7\u00d5ES<\/em><\/p>\n<p data-sanitized-data-mce-fragment=\"1\">O nosso plano \u00e9 dividir a configura\u00e7\u00e3o do investimento entre os melhores algoritmos com base na sua rentabilidade atual para encurtar o tempo de retorno do investimento.<\/p>\n<p data-sanitized-data-mce-fragment=\"1\">Ap\u00f3s a fus\u00e3o, surgiram novas oportunidades de minera\u00e7\u00e3o, como Ravencoin, Beam, Flux, Ergo, Alephium, Conflux, Neoxa ou Kaspa. Estas criptomoedas podem ser combinadas em minera\u00e7\u00e3o dupla para maximizar o desempenho do seu equipamento.<\/p>\n<p data-sanitized-data-mce-fragment=\"1\"><img decoding=\"async\" src=\"https:\/\/cdn.shopify.com\/s\/files\/1\/0531\/4877\/8652\/files\/Disenosintitulo_2_1024x1024.png?v=1666164826\" alt=\"\" \/><\/p>\n<p data-sanitized-data-mce-fragment=\"1\"><img loading=\"lazy\" decoding=\"async\" style=\"display: block; margin-left: auto; margin-right: auto;\" src=\"https:\/\/cdn.shopify.com\/s\/files\/1\/0531\/4877\/8652\/files\/Imagen1_480x480.png?v=1645536577\" alt=\"\" width=\"380\" height=\"114\" data-sanitized-data-mce-src=\"https:\/\/cdn.shopify.com\/s\/files\/1\/0531\/4877\/8652\/files\/Imagen1_480x480.png?v=1645536577\" data-sanitized-data-mce-style=\"display: block; margin-left: auto; margin-right: auto;\" \/><\/p>\n<ul>\n<li><strong>Rendimento mensal 67$-78$ (DUAL MINING, ETHF+KAS, ETC+KAS NEOXA,RVN)<\/strong><\/li>\n<li><em>*Rendimentos baseados no mercado atual. Espera-se uma subida consider\u00e1vel a m\u00e9dio prazo.<\/em><\/li>\n<li><em data-sanitized-data-mce-fragment=\"1\">Consumo W\/Hora:<strong data-sanitized-data-mce-fragment=\"1\">\u00a0750w<\/strong><\/em><\/li>\n<li>Pot\u00eancia mineira no algoritmo Ethash:<strong>\u00a0300 mhs<\/strong><\/li>\n<li data-sanitized-data-mce-fragment=\"1\">Possibilidade de montagem com: 5 unidades rx6800\/rtx3060ti\/rtx3070<\/li>\n<\/ul>\n<p data-sanitized-data-mce-fragment=\"1\">O objetivo atual \u00e9 acumular o maior n\u00famero poss\u00edvel de criptomoedas para multiplicar a rentabilidade atual quando estas subirem de valor. Estas criptomoedas emergentes s\u00e3o muito interessantes para minerar devido \u00e0 sua grande margem de valoriza\u00e7\u00e3o e a projectos muito interessantes com aplica\u00e7\u00f5es muito \u00fateis para a\u00a0<span data-sanitized-data-mce-fragment=\"1\">Blockchain.<\/span><\/p>\n<p data-sanitized-data-mce-fragment=\"1\">\n<p data-sanitized-data-mce-fragment=\"1\">Inclu\u00eddo no pre\u00e7o:<\/p>\n<ul>\n<li><strong>Configura\u00e7\u00e3o<\/strong>A configura\u00e7\u00e3o e a montagem de cada RIG est\u00e3o inclu\u00eddas no pre\u00e7o.<\/li>\n<li><strong>Apoio e acompanhamento<\/strong>: Inclui durante\u00a0<strong>seis meses<\/strong>\u00a0apoio para qualquer incidente causado (EXCEPTO o que est\u00e1 detalhado como fora da GARANTIA).<\/li>\n<li><strong>Garantia<\/strong>Todas as m\u00e1quinas t\u00eam\u00a0<strong>TR\u00caS<\/strong>\u00a0anos de garantia.<\/li>\n<\/ul>\n<p data-sanitized-data-mce-fragment=\"1\">\n<p data-sanitized-data-mce-fragment=\"1\">\n<p><img decoding=\"async\" style=\"margin-left: auto; margin-right: auto;\" src=\"https:\/\/cdn.shopify.com\/s\/files\/1\/0531\/4877\/8652\/files\/IMG_0572_480x480.gif?v=1645540108\" alt=\"\" \/><\/p>","protected":false},"excerpt":{"rendered":"<p>*PRECIO SIN IVA, CONSULTAR CONDICIONES Nuestro plan consiste en dividir el montaje de la inversi\u00f3n entre los mejores algoritmos bas\u00e1ndonos en su rentabilidad actual para acortar el tiempo de recuperaci\u00f3n de la inversi\u00f3n. Tras el Merge surgieron nuevas oportunidades de minado como: Ravencoin, Beam, Flux, Ergo, Alephium, Conflux, Neoxa o Kaspa. Estas criptomonedas se puede [&hellip;]<\/p>\n","protected":false},"featured_media":389,"comment_status":"open","ping_status":"closed","template":"","meta":[],"product_brand":[],"product_cat":[18],"product_tag":[29,48,73],"class_list":{"0":"post-388","1":"product","2":"type-product","3":"status-publish","4":"has-post-thumbnail","6":"product_cat-rigs-de-gpu","7":"product_tag-ethereum","8":"product_tag-nuevo","9":"product_tag-toncoin","11":"first","12":"outofstock","13":"taxable","14":"shipping-taxable","15":"purchasable","16":"product-type-simple"},"_links":{"self":[{"href":"https:\/\/pruebas.michollo.to\/pt\/wp-json\/wp\/v2\/product\/388","targetHints":{"allow":["GET"]}}],"collection":[{"href":"https:\/\/pruebas.michollo.to\/pt\/wp-json\/wp\/v2\/product"}],"about":[{"href":"https:\/\/pruebas.michollo.to\/pt\/wp-json\/wp\/v2\/types\/product"}],"replies":[{"embeddable":true,"href":"https:\/\/pruebas.michollo.to\/pt\/wp-json\/wp\/v2\/comments?post=388"}],"wp:featuredmedia":[{"embeddable":true,"href":"https:\/\/pruebas.michollo.to\/pt\/wp-json\/wp\/v2\/media\/389"}],"wp:attachment":[{"href":"https:\/\/pruebas.michollo.to\/pt\/wp-json\/wp\/v2\/media?parent=388"}],"wp:term":[{"taxonomy":"product_brand","embeddable":true,"href":"https:\/\/pruebas.michollo.to\/pt\/wp-json\/wp\/v2\/product_brand?post=388"},{"taxonomy":"product_cat","embeddable":true,"href":"https:\/\/pruebas.michollo.to\/pt\/wp-json\/wp\/v2\/product_cat?post=388"},{"taxonomy":"product_tag","embeddable":true,"href":"https:\/\/pruebas.michollo.to\/pt\/wp-json\/wp\/v2\/product_tag?post=388"}],"curies":[{"name":"wp","href":"https:\/\/api.w.org\/{rel}","templated":true}]}}