{"id":4080,"date":"2024-04-02T09:07:36","date_gmt":"2024-04-02T11:07:36","guid":{"rendered":"https:\/\/www.minandovoy.com\/?post_type=product&#038;p=4080"},"modified":"2025-09-04T10:35:43","modified_gmt":"2025-09-04T08:35:43","slug":"nueva-next-generation-ice-river-ks5l-12-th","status":"publish","type":"product","link":"https:\/\/pruebas.michollo.to\/pt\/produto\/nova-geracao-ice-river-ks5l-12-th\/","title":{"rendered":"IceRiver KS5L: Minerador ASIC de alto desempenho para criptomoedas"},"content":{"rendered":"<p>Este novo dispositivo atinge uma taxa de hash de <strong>12\/11\/10 th\u00a0<\/strong> por segundo (Th\/s). A efici\u00eancia energ\u00e9tica \u00e9 tamb\u00e9m um destaque do KS5, com<strong> <b>3400<\/b>W<\/strong> .<\/p>\n<p>Esta \u00e9 a m\u00e1quina mais potente da Ice River at\u00e9 \u00e0 data.<\/p>\n<p>O lan\u00e7amento da KS5L representa um marco importante tanto para a Ice River como para a Kaspa. Embora a Kaspa seja uma criptomoeda relativamente nova, alcan\u00e7ou uma posi\u00e7\u00e3o forte na ind\u00fastria em muito pouco tempo. A taxa de hash da Kaspa triplicou no primeiro trimestre de 2023. No final do ano passado, ap\u00f3s a fus\u00e3o da Ethereum, tornou-se uma das criptomoedas mais lucrativas para minerar com placas gr\u00e1ficas (GPUs).<\/p>\n<div class=\"asicminer-widget-container\" style=\"width: 100%; min-height: 300px;\">\n            <iframe id=\"asicminer-widget-6842\" \n                    src=\"https:\/\/pruebas.michollo.to\/wp-content\/themes\/minandovoy\/proxy-widget.php?miner=iceriver\/ks5l&#038;type=profit&#038;theme=dark\" \n                    width=\"100%\" \n                    height=\"300\" \n                    frameborder=\"0\"\n                    loading=\"lazy\"\n                    style=\"border: none; overflow: hidden;\"\n                    title=\"ASIC Miner Widget\">\n            <\/iframe>\n        <\/div>\n<h3>O que \u00e9 Kaspa?<\/h3>\n<p>A Kaspa \u00e9 uma criptomoeda que se baseia na tecnologia blockchain, tal como a Bitcoin e outras criptomoedas populares. Para um principiante, \u00e9 importante compreender que uma criptomoeda \u00e9 um tipo de moeda digital que utiliza criptografia para proteger e verificar as transac\u00e7\u00f5es efectuadas na sua rede.<\/p>\n<p>A Kaspa destaca-se por ser uma rede especificamente concebida para dar resposta a alguns desafios e limita\u00e7\u00f5es que t\u00eam sido observados noutras criptomoedas. Uma das principais caracter\u00edsticas da Kaspa \u00e9 o seu algoritmo de consenso, denominado kPoW (Kaspa Proof of Work), que garante a seguran\u00e7a e a fiabilidade da rede.<\/p>\n<p>Uma das diferen\u00e7as significativas do Kaspa em rela\u00e7\u00e3o a outras criptomoedas \u00e9 a sua capacidade de escalar de forma eficiente. Isto significa que o Kaspa tem a capacidade de lidar com um maior n\u00famero de transac\u00e7\u00f5es por segundo e pode crescer mais eficazmente \u00e0 medida que mais utilizadores se juntam \u00e0 rede. Esta escalabilidade melhora a velocidade e a efici\u00eancia das transac\u00e7\u00f5es, o que pode ser ben\u00e9fico para a ado\u00e7\u00e3o generalizada da criptomoeda.<\/p>\n<p>Al\u00e9m disso, a Kaspa \u00e9 considerada uma rede descentralizada e de fonte aberta, o que significa que n\u00e3o \u00e9 controlada por uma autoridade central e que qualquer pessoa pode aceder ao seu c\u00f3digo-fonte e contribuir para o desenvolvimento da plataforma.<\/p>","protected":false},"excerpt":{"rendered":"<p>Este nuevo dispositivo alcanza una tasa de hash de 12\/11\/10 th\u00a0 por segundo (Th\/s). La eficiencia energ\u00e9tica tambi\u00e9n es un aspecto destacado del KS5, con 3400W . Esta el la maquina mas potente de Ice river hasta la fecha El lanzamiento del KS5L representa un hito importante tanto para Ice River como para Kaspa. Aunque [&hellip;]<\/p>\n","protected":false},"featured_media":2098,"comment_status":"open","ping_status":"closed","template":"","meta":[],"product_brand":[],"product_cat":[19],"product_tag":[244,138,139],"class_list":{"0":"post-4080","1":"product","2":"type-product","3":"status-publish","4":"has-post-thumbnail","6":"product_cat-mineros","7":"product_tag-gme","8":"product_tag-mineros-para-avanzados","9":"product_tag-mineros-para-expertos","11":"first","12":"outofstock","13":"taxable","14":"shipping-taxable","15":"purchasable","16":"product-type-simple"},"_links":{"self":[{"href":"https:\/\/pruebas.michollo.to\/pt\/wp-json\/wp\/v2\/product\/4080","targetHints":{"allow":["GET"]}}],"collection":[{"href":"https:\/\/pruebas.michollo.to\/pt\/wp-json\/wp\/v2\/product"}],"about":[{"href":"https:\/\/pruebas.michollo.to\/pt\/wp-json\/wp\/v2\/types\/product"}],"replies":[{"embeddable":true,"href":"https:\/\/pruebas.michollo.to\/pt\/wp-json\/wp\/v2\/comments?post=4080"}],"wp:featuredmedia":[{"embeddable":true,"href":"https:\/\/pruebas.michollo.to\/pt\/wp-json\/wp\/v2\/media\/2098"}],"wp:attachment":[{"href":"https:\/\/pruebas.michollo.to\/pt\/wp-json\/wp\/v2\/media?parent=4080"}],"wp:term":[{"taxonomy":"product_brand","embeddable":true,"href":"https:\/\/pruebas.michollo.to\/pt\/wp-json\/wp\/v2\/product_brand?post=4080"},{"taxonomy":"product_cat","embeddable":true,"href":"https:\/\/pruebas.michollo.to\/pt\/wp-json\/wp\/v2\/product_cat?post=4080"},{"taxonomy":"product_tag","embeddable":true,"href":"https:\/\/pruebas.michollo.to\/pt\/wp-json\/wp\/v2\/product_tag?post=4080"}],"curies":[{"name":"wp","href":"https:\/\/api.w.org\/{rel}","templated":true}]}}