{"id":4207,"date":"2024-04-18T11:39:54","date_gmt":"2024-04-18T13:39:54","guid":{"rendered":"https:\/\/www.minandovoy.com\/?post_type=product&#038;p=4207"},"modified":"2026-02-23T13:19:29","modified_gmt":"2026-02-23T12:19:29","slug":"bitmain-antminer-l9","status":"publish","type":"product","link":"https:\/\/pruebas.michollo.to\/pt\/produto\/bitmain-antminer-l9\/","title":{"rendered":"Bitmain Antminer L9 15Gh"},"content":{"rendered":"<h2>ANTMINER L9<\/h2>\n<p>Esta m\u00e1quina, Antminer L9, est\u00e1 entre as TOP 5 m\u00e1quinas mais rent\u00e1veis. Por enquanto, \u00e9 o ASIC de minera\u00e7\u00e3o combinado mais poderoso do mercado, estamos a falar de minera\u00e7\u00e3o de LITECOIN + DOGECOIN simultaneamente. Projetado para liderar a ind\u00fastria de minera\u00e7\u00e3o de criptomoedas, este monstro tecnol\u00f3gico est\u00e1 aqui para levar suas opera\u00e7\u00f5es de minera\u00e7\u00e3o para o pr\u00f3ximo n\u00edvel. Principais carater\u00edsticas:<\/p>\n<ol>\n<li><strong>Desempenho de hash<\/strong>: El Antminer L9 tiene una velocidad de hash de 15 gigahashes por segundo (GH\/s) en el algoritmo de prueba de trabajo Scrypt. Esto significa que puede realizar aproximadamente 9.5 billones de c\u00e1lculos por segundo para resolver los complejos problemas criptogr\u00e1ficos necesarios para minar criptomonedas basadas en Scrypt, como Litecoin.<\/li>\n<li><strong>Consumo de energia<\/strong>O consumo de energia do Antminer L9 \u00e9 de cerca de 3260 watts. A efici\u00eancia energ\u00e9tica \u00e9 um fator importante a considerar na extra\u00e7\u00e3o de criptomoedas, uma vez que afecta tanto a rentabilidade como o impacto ambiental da opera\u00e7\u00e3o de extra\u00e7\u00e3o.<\/li>\n<li><strong>Tecnologia de chips<\/strong>O Antminer L9 utiliza chips ASIC (circuito integrado de aplica\u00e7\u00e3o espec\u00edfica) especialmente concebidos para o algoritmo Scrypt. Estes chips est\u00e3o optimizados para proporcionar um desempenho eficiente e um elevado hashrate para a extra\u00e7\u00e3o de criptomoedas com base no Scrypt.<\/li>\n<li><strong>Arrefecimento<\/strong>O Antminer L9 foi concebido com um sistema de arrefecimento adequado para manter uma temperatura de funcionamento \u00f3ptima. Isto \u00e9 essencial para garantir um desempenho est\u00e1vel e prolongar a vida \u00fatil do dispositivo. O sistema de arrefecimento pode incluir ventoinhas e dissipadores de calor eficientes.<\/li>\n<\/ol>\n<h4><strong>Extra\u00e7\u00e3o de scrypt:<\/strong><\/h4>\n<p>A minera\u00e7\u00e3o Scrypt \u00e9 um processo atrav\u00e9s do qual o hardware do computador \u00e9 utilizado para resolver problemas matem\u00e1ticos complexos e validar transac\u00e7\u00f5es na rede de criptomoedas utilizando o algoritmo Scrypt.<\/p>\n<ol>\n<li><strong>Algoritmo Scrypt<\/strong>O Scrypt \u00e9 um algoritmo de prova de trabalho utilizado por algumas criptomoedas, como o Litecoin e o Dogecoin, entre outras. Ao contr\u00e1rio do algoritmo SHA-256 utilizado pela Bitcoin, o Scrypt foi concebido para ser resistente \u00e0 extra\u00e7\u00e3o com hardware especializado (ASICs) e encorajar a extra\u00e7\u00e3o com CPUs e GPUs. Isto torna a extra\u00e7\u00e3o de Scrypt mais acess\u00edvel aos utilizadores comuns e limita o dom\u00ednio das grandes opera\u00e7\u00f5es de extra\u00e7\u00e3o especializadas.<\/li>\n<li><strong>Recursos necess\u00e1rios<\/strong>A minera\u00e7\u00e3o de Scrypt requer principalmente poder de processamento (hashrate) e mem\u00f3ria, o que a torna adequada para minera\u00e7\u00e3o por CPU e GPU. Ao contr\u00e1rio da minera\u00e7\u00e3o de Bitcoin, que requer hardware ASIC especializado, a minera\u00e7\u00e3o de Scrypt pode ser feita em computadores pessoais com placas gr\u00e1ficas potentes.<\/li>\n<li><strong>Desempenho e efici\u00eancia energ\u00e9tica<\/strong>O desempenho da explora\u00e7\u00e3o mineira Scrypt \u00e9 medido em kilohashes por segundo (KH\/s), megahashes por segundo (MH\/s) ou gigahashes por segundo (GH\/s). A efici\u00eancia energ\u00e9tica, medida pela quantidade de energia consumida por unidade de hashrate, \u00e9 tamb\u00e9m um fator importante a considerar na explora\u00e7\u00e3o mineira de Scrypt.<\/li>\n<li><strong>Piscinas de minera\u00e7\u00e3o<\/strong>A explora\u00e7\u00e3o mineira de Scrypt pode ser competitiva e os resultados individuais podem ser imprevis\u00edveis, pelo que muitos mineiros optam por aderir a pools de explora\u00e7\u00e3o mineira. As pools de minera\u00e7\u00e3o s\u00e3o grupos de mineiros que combinam o seu poder de processamento para aumentar as hip\u00f3teses de resolver blocos e receber recompensas mais consistentes. As recompensas s\u00e3o distribu\u00eddas entre os mineiros com base na sua contribui\u00e7\u00e3o para o hashrate do grupo.<\/li>\n<\/ol>\n<p>\u00c9 importante notar que a extra\u00e7\u00e3o de moeda criptogr\u00e1fica, incluindo a extra\u00e7\u00e3o de Scrypt, pode exigir um investimento inicial significativo em hardware e consumo de energia. Al\u00e9m disso, a rentabilidade da explora\u00e7\u00e3o mineira pode ser afetada por factores como o pre\u00e7o da moeda criptogr\u00e1fica, a dificuldade da rede e os custos operacionais. Se estiver interessado na explora\u00e7\u00e3o mineira de Scrypt, \u00e9 aconselh\u00e1vel realizar uma investiga\u00e7\u00e3o exaustiva e avaliar cuidadosamente os custos e benef\u00edcios antes de iniciar esta atividade.<\/p>\n<h5><strong>Mais informa\u00e7\u00f5es sobre a LiteCoin:<\/strong><\/h5>\n<p>A Litecoin (LTC) \u00e9 uma criptomoeda descentralizada e de c\u00f3digo aberto que foi lan\u00e7ada em outubro de 2011 por Charlie Lee, um antigo engenheiro da Google. Embora a Litecoin se baseie na tecnologia blockchain, tem algumas caracter\u00edsticas distintas em compara\u00e7\u00e3o com a Bitcoin e outras criptomoedas. Aqui est\u00e3o algumas informa\u00e7\u00f5es b\u00e1sicas, mas importantes, sobre o Litecoin:<\/p>\n<ol>\n<li><strong>Objetivo<\/strong>A Litecoin foi criada com o objetivo de ser uma vers\u00e3o melhorada da Bitcoin. O seu objetivo \u00e9 oferecer transac\u00e7\u00f5es mais r\u00e1pidas, custos de transa\u00e7\u00e3o mais baixos e uma extra\u00e7\u00e3o mais eficiente.<\/li>\n<li><strong>Algoritmo<\/strong>Ao contr\u00e1rio da Bitcoin, que utiliza o algoritmo de prova de trabalho SHA-256, a Litecoin utiliza o algoritmo Scrypt. Este algoritmo foi concebido para ser mais resistente \u00e0 minera\u00e7\u00e3o com hardware especializado (ASIC) e para permitir uma minera\u00e7\u00e3o mais acess\u00edvel a utilizadores comuns com equipamento CPU e GPU.<\/li>\n<li><strong>Bloqueio e tempo de antena<\/strong>A Litecoin tem um tempo de bloqueio alvo de 2,5 minutos, em compara\u00e7\u00e3o com os 10 minutos da Bitcoin. Isto significa que as transac\u00e7\u00f5es de Litecoin s\u00e3o confirmadas mais rapidamente. Al\u00e9m disso, a Litecoin tem um limite m\u00e1ximo de fornecimento de 84 milh\u00f5es de moedas, quatro vezes mais do que o limite da Bitcoin.<\/li>\n<li><strong>Ado\u00e7\u00e3o e liquidez<\/strong>A Litecoin ganhou uma ado\u00e7\u00e3o generalizada e tem uma base de utilizadores significativa. Est\u00e1 dispon\u00edvel em v\u00e1rias bolsas e \u00e9 aceite por muitos comerciantes como forma de pagamento. Este facto contribuiu para a sua liquidez e facilidade de compra e venda.<\/li>\n<li><strong>Seguran\u00e7a<\/strong>A Litecoin beneficia da seguran\u00e7a proporcionada pela tecnologia blockchain e utiliza criptografia avan\u00e7ada para garantir a integridade das transac\u00e7\u00f5es. Al\u00e9m disso, o Litecoin foi uma das primeiras criptomoedas a adotar o Segregated Witness (SegWit), uma atualiza\u00e7\u00e3o que melhorou a efici\u00eancia da rede e permitiu funcionalidades adicionais, como a Lightning Network, para pagamentos mais r\u00e1pidos e mais escal\u00e1veis.<\/li>\n<li><strong>Complemento Bitcoin<\/strong>A Litecoin \u00e9 frequentemente vista como um complemento da Bitcoin. Muitos utilizadores utilizam a Litecoin para transac\u00e7\u00f5es r\u00e1pidas e de baixo custo entre bolsas ou para enviar valor de forma eficiente. Al\u00e9m disso, o Litecoin tem servido como uma rede de testes para a implementa\u00e7\u00e3o de funcionalidades antes de serem adoptadas no Bitcoin.<\/li>\n<\/ol>\n<h5><strong>DogeCoin:<\/strong><\/h5>\n<p>A DogeCoin (DOGE) \u00e9 uma criptomoeda digital que teve origem numa piada em 2013, inspirada no popular meme do c\u00e3o Shiba Inu \"Doge\". Embora tenha come\u00e7ado como uma par\u00f3dia de outras criptomoedas, a Dogecoin ganhou popularidade e construiu uma comunidade online ativa. Abaixo, apresento-lhe algumas informa\u00e7\u00f5es b\u00e1sicas mas importantes sobre a Dogecoin:<\/p>\n<ol>\n<li><strong>Lan\u00e7amento e fundadores<\/strong>A Dogecoin foi criada por Billy Markus e Jackson Palmer como uma vers\u00e3o divertida e amig\u00e1vel das criptomoedas. Foi lan\u00e7ada em dezembro de 2013 e baseia-se no c\u00f3digo base da Luckycoin, que por sua vez \u00e9 um fork da Litecoin.<\/li>\n<li><strong>Fornecimento e emiss\u00e3o<\/strong>Ao contr\u00e1rio da Bitcoin, que tem uma oferta m\u00e1xima limitada a 21 milh\u00f5es de moedas, a Dogecoin tem uma oferta ilimitada. Nos seus primeiros anos, a Dogecoin tinha uma taxa de emiss\u00e3o elevada, mas em 2014 foi feita uma atualiza\u00e7\u00e3o para reduzir a emiss\u00e3o e estabelecer uma taxa constante de 10 000 moedas por minuto.<\/li>\n<li><strong>Utiliza\u00e7\u00e3o e ado\u00e7\u00e3o<\/strong>A Dogecoin ganhou popularidade online devido \u00e0 sua natureza comunit\u00e1ria e amig\u00e1vel. Tem sido utilizada em dicas para as redes sociais e como forma de apoiar causas e eventos de caridade. A Dogecoin tamb\u00e9m tem sido aceite por alguns comerciantes como forma de pagamento, embora a sua ado\u00e7\u00e3o, em compara\u00e7\u00e3o com outras criptomoedas maiores, seja relativamente limitada.<\/li>\n<li><strong>Algoritmo e explora\u00e7\u00e3o mineira<\/strong>A Dogecoin usa o algoritmo de prova de trabalho Scrypt, assim como a Litecoin. Isso permite que a criptomoeda seja minerada usando hardware comum de CPU e GPU. No entanto, devido \u00e0 sua popularidade e comunidade, a minera\u00e7\u00e3o de Dogecoin tornou-se mais competitiva ao longo dos anos.<\/li>\n<li><strong>Volatilidade e especula\u00e7\u00e3o<\/strong>Dogecoin: Tal como outras criptomoedas, o Dogecoin tem registado elevados n\u00edveis de volatilidade de pre\u00e7os. Embora n\u00e3o tenha sido inicialmente considerada como um investimento s\u00e9rio, atraiu a aten\u00e7\u00e3o dos investidores e registou aumentos significativos de valor em determinados per\u00edodos. No entanto, \u00e9 importante lembrar que o investimento em criptomoedas acarreta riscos e que a volatilidade do mercado pode ser elevada.<\/li>\n<\/ol>","protected":false},"excerpt":{"rendered":"<p>ANTMINER L9 Esta m\u00e1quina, Antminer L9,\u00a0 se encuentra dentro del TOP 5 de m\u00e1quinas m\u00e1s rentables. Por ahora, es el ASIC de miner\u00eda combinada m\u00e1s potente del mercado, hablamos de minar simult\u00e1neamente LITECOIN + DOGECOIN. Dise\u00f1ado para liderar la industria de la miner\u00eda de criptomonedas, este monstruo tecnol\u00f3gico est\u00e1 aqu\u00ed para llevar tus operaciones mineras [&hellip;]<\/p>\n","protected":false},"featured_media":415,"comment_status":"open","ping_status":"closed","template":"","meta":[],"product_brand":[],"product_cat":[19],"product_tag":[52,244,138,139,137,606],"class_list":{"0":"post-4207","1":"product","2":"type-product","3":"status-publish","4":"has-post-thumbnail","6":"product_cat-mineros","7":"product_tag-asic","8":"product_tag-gme","9":"product_tag-mineros-para-avanzados","10":"product_tag-mineros-para-expertos","11":"product_tag-mineros-para-principiantes","12":"product_tag-top-rentables","14":"first","15":"instock","16":"featured","17":"taxable","18":"shipping-taxable","19":"purchasable","20":"product-type-simple"},"_links":{"self":[{"href":"https:\/\/pruebas.michollo.to\/pt\/wp-json\/wp\/v2\/product\/4207","targetHints":{"allow":["GET"]}}],"collection":[{"href":"https:\/\/pruebas.michollo.to\/pt\/wp-json\/wp\/v2\/product"}],"about":[{"href":"https:\/\/pruebas.michollo.to\/pt\/wp-json\/wp\/v2\/types\/product"}],"replies":[{"embeddable":true,"href":"https:\/\/pruebas.michollo.to\/pt\/wp-json\/wp\/v2\/comments?post=4207"}],"wp:featuredmedia":[{"embeddable":true,"href":"https:\/\/pruebas.michollo.to\/pt\/wp-json\/wp\/v2\/media\/415"}],"wp:attachment":[{"href":"https:\/\/pruebas.michollo.to\/pt\/wp-json\/wp\/v2\/media?parent=4207"}],"wp:term":[{"taxonomy":"product_brand","embeddable":true,"href":"https:\/\/pruebas.michollo.to\/pt\/wp-json\/wp\/v2\/product_brand?post=4207"},{"taxonomy":"product_cat","embeddable":true,"href":"https:\/\/pruebas.michollo.to\/pt\/wp-json\/wp\/v2\/product_cat?post=4207"},{"taxonomy":"product_tag","embeddable":true,"href":"https:\/\/pruebas.michollo.to\/pt\/wp-json\/wp\/v2\/product_tag?post=4207"}],"curies":[{"name":"wp","href":"https:\/\/api.w.org\/{rel}","templated":true}]}}