{"id":4891,"date":"2024-05-31T06:05:26","date_gmt":"2024-05-31T08:05:26","guid":{"rendered":"https:\/\/www.minandovoy.com\/?post_type=product&#038;p=4891"},"modified":"2025-05-09T14:47:02","modified_gmt":"2025-05-09T12:47:02","slug":"btc-lottery-nerdminer-s19-tiny-156k-s","status":"publish","type":"product","link":"https:\/\/pruebas.michollo.to\/pt\/produto\/lotaria-btc-nerdminer-s19-tiny-156k-s\/","title":{"rendered":"Lotaria BTC NerdMiner S19 Tiny 156k\/s"},"content":{"rendered":"<h2 class=\"product-title-text\" data-spm-anchor-id=\"a2g0o.detail.1000016.i1.513c6c5dRhBZc0\"><strong>NerdMiner s19 min\u00fasculo Com ventoinha de arrefecimento, 156 K\/S<\/strong><\/h2>\n<p>&nbsp;<\/p>\n<h2>NerdMiner tiny : minere menos, ganhe mais. A oportunidade de ganhar um bitcoin est\u00e1 apenas a um clique de dist\u00e2ncia, atreve-se a tentar a sua sorte?<\/h2>\n<p>M\u00e1quina de lotaria BTC, os pr\u00e9mios s\u00e3o sorteados de dez em dez minutos, 144 vezes por dia, mais de 50.000 vezes por ano. Compra \u00fanica, lotaria vital\u00edcia, modo de minera\u00e7\u00e3o a solo, ganhar 6,5 BTC, conta de eletricidade de pequena pot\u00eancia \u00e9 insignificante, interface tipo c, etc. Basta ligar-se ao seu WiFi e fornecer o endere\u00e7o da sua carteira para poder come\u00e7ar a minerar e ganhar um grande pr\u00e9mio. Se alguma vez se perguntou \"O que \u00e9 um NerdMiner?\", est\u00e1 prestes a embarcar numa viagem esclarecedora ao reino da minera\u00e7\u00e3o de Bitcoin. Na NerdMiners, estamos aqui para desmistificar esse conceito revolucion\u00e1rio e mostrar como ele est\u00e1 transformando o cen\u00e1rio da minera\u00e7\u00e3o de Bitcoin. Um NerdMiner \u00e9 um dispositivo de hardware de ponta desenvolvido pela BitMaker, projetado especificamente para os entusiastas da minera\u00e7\u00e3o de loteria Bitcoin. \u00c9 uma pe\u00e7a de tecnologia compacta, mas poderosa, que lhe permite aproveitar o potencial da minera\u00e7\u00e3o de blocos de Bitcoin sozinho. Essencialmente, entra numa lotaria de 10 em 10 minutos: se tiver sorte, recebe as recompensas do bloco na totalidade (6,5 BTC, atualmente ~$150,000) mais as taxas de transa\u00e7\u00e3o.<\/p>","protected":false},"excerpt":{"rendered":"<p>NerdMiner s19 tiny Con ventilador de refrigeraci\u00f3n, 156 K\/S &nbsp; NerdMiner tiny : mina menos, gana m\u00e1s. La oportunidad de un bitcoin est\u00e1 a solo un clic de distancia. \u00bfTe atreves a probar la suerte? M\u00e1quina de loter\u00eda BTC, los premios se sortean cada diez minutos, 144 veces al d\u00eda, m\u00e1s de 50,000 veces al [&hellip;]<\/p>\n","protected":false},"featured_media":4902,"comment_status":"open","ping_status":"closed","template":"","meta":[],"product_brand":[],"product_cat":[19],"product_tag":[244,138,137],"class_list":{"0":"post-4891","1":"product","2":"type-product","3":"status-publish","4":"has-post-thumbnail","6":"product_cat-mineros","7":"product_tag-gme","8":"product_tag-mineros-para-avanzados","9":"product_tag-mineros-para-principiantes","10":"product_shipping_class-especial","12":"first","13":"instock","14":"taxable","15":"shipping-taxable","16":"purchasable","17":"product-type-simple"},"_links":{"self":[{"href":"https:\/\/pruebas.michollo.to\/pt\/wp-json\/wp\/v2\/product\/4891","targetHints":{"allow":["GET"]}}],"collection":[{"href":"https:\/\/pruebas.michollo.to\/pt\/wp-json\/wp\/v2\/product"}],"about":[{"href":"https:\/\/pruebas.michollo.to\/pt\/wp-json\/wp\/v2\/types\/product"}],"replies":[{"embeddable":true,"href":"https:\/\/pruebas.michollo.to\/pt\/wp-json\/wp\/v2\/comments?post=4891"}],"wp:featuredmedia":[{"embeddable":true,"href":"https:\/\/pruebas.michollo.to\/pt\/wp-json\/wp\/v2\/media\/4902"}],"wp:attachment":[{"href":"https:\/\/pruebas.michollo.to\/pt\/wp-json\/wp\/v2\/media?parent=4891"}],"wp:term":[{"taxonomy":"product_brand","embeddable":true,"href":"https:\/\/pruebas.michollo.to\/pt\/wp-json\/wp\/v2\/product_brand?post=4891"},{"taxonomy":"product_cat","embeddable":true,"href":"https:\/\/pruebas.michollo.to\/pt\/wp-json\/wp\/v2\/product_cat?post=4891"},{"taxonomy":"product_tag","embeddable":true,"href":"https:\/\/pruebas.michollo.to\/pt\/wp-json\/wp\/v2\/product_tag?post=4891"}],"curies":[{"name":"wp","href":"https:\/\/api.w.org\/{rel}","templated":true}]}}