{"id":5198,"date":"2024-07-03T12:04:42","date_gmt":"2024-07-03T14:04:42","guid":{"rendered":"https:\/\/www.minandovoy.com\/?post_type=product&#038;p=5198"},"modified":"2026-02-23T13:54:17","modified_gmt":"2026-02-23T12:54:17","slug":"antminer-dr7-127-th-julio","status":"publish","type":"product","link":"https:\/\/pruebas.michollo.to\/pt\/produto\/antminer-dr7-127-th-july\/","title":{"rendered":"Antminer DR7 127 Th"},"content":{"rendered":"<p>O Formigueiro <strong>DR7<\/strong> \u00e9 fabricado pela Bitmain e utiliza o algoritmo <strong>Blake256R14<\/strong>atingindo um hashrate m\u00e1ximo de <strong>127\u00aa<\/strong>\/s com um consumo de energia de apenas <strong>2730W<\/strong>.<\/p>\n<h4>Especifica\u00e7\u00f5es<\/h4>\n<ul>\n<li><strong>Fabricante<\/strong>: Bitmain<\/li>\n<li><strong>Modelo<\/strong>Antminer DR7<\/li>\n<li><strong>Tamb\u00e9m conhecido como<\/strong>Minerador SCP Antminer DR7<\/li>\n<li><strong>Lan\u00e7amento<\/strong>: julho de 2024<\/li>\n<li><strong>Tamanho sem embalagem<\/strong>: 430 x 195 x 290 mm<\/li>\n<li><strong>Tamanho com embalagem<\/strong>: 570 x 316 x 430 mm<\/li>\n<li><strong>Peso l\u00edquido<\/strong>: 16,100 g<\/li>\n<li><strong>Peso bruto<\/strong>: 17,700 g<\/li>\n<li><strong>N\u00edvel sonoro<\/strong>: 75 dB<\/li>\n<li><strong>F\u00e3s<\/strong>: 4<\/li>\n<li><strong>Pot\u00eancia<\/strong>: 2730W<\/li>\n<li><strong>Tens\u00e3o de entrada<\/strong>: 220-240V<\/li>\n<li><strong>Temperatura de armazenamento<\/strong>: -20\u00b0C a 70\u00b0C<\/li>\n<li><strong>Interface<\/strong>: Ethernet<\/li>\n<li><strong>Temperatura de funcionamento<\/strong>: 0\u00b0C a 40\u00b0C<\/li>\n<li><strong>Humidade de funcionamento<\/strong>: 10% a 90%<\/li>\n<\/ul>\n<h4>Algoritmo<\/h4>\n<ul>\n<li><strong>Blake256R14<\/strong><\/li>\n<\/ul>\n<h4>Hashrate<\/h4>\n<ul>\n<li><strong>127Th\/s<\/strong><\/li>\n<\/ul>\n<h4>Consumo<\/h4>\n<ul>\n<li><strong>2730W<\/strong><\/li>\n<\/ul>","protected":false},"excerpt":{"rendered":"<p>El Antminer DR7 es fabricado por Bitmain y utiliza el algoritmo Blake256R14, alcanzando un hashrate m\u00e1ximo de 127Th\/s con un consumo de energ\u00eda de solo 2730W. Especificaciones Fabricante: Bitmain Modelo: Antminer DR7 Tambi\u00e9n conocido como: Antminer DR7 SCP Miner Lanzamiento: Julio 2024 Tama\u00f1o sin embalaje: 430 x 195 x 290 mm Tama\u00f1o con embalaje: 570 [&hellip;]<\/p>\n","protected":false},"featured_media":4304,"comment_status":"open","ping_status":"closed","template":"","meta":[],"product_brand":[],"product_cat":[19],"product_tag":[52,62],"class_list":{"0":"post-5198","1":"product","2":"type-product","3":"status-publish","4":"has-post-thumbnail","6":"product_cat-mineros","7":"product_tag-asic","8":"product_tag-mineria-de-blake-14r","10":"first","11":"outofstock","12":"purchasable","13":"product-type-simple"},"_links":{"self":[{"href":"https:\/\/pruebas.michollo.to\/pt\/wp-json\/wp\/v2\/product\/5198","targetHints":{"allow":["GET"]}}],"collection":[{"href":"https:\/\/pruebas.michollo.to\/pt\/wp-json\/wp\/v2\/product"}],"about":[{"href":"https:\/\/pruebas.michollo.to\/pt\/wp-json\/wp\/v2\/types\/product"}],"replies":[{"embeddable":true,"href":"https:\/\/pruebas.michollo.to\/pt\/wp-json\/wp\/v2\/comments?post=5198"}],"wp:featuredmedia":[{"embeddable":true,"href":"https:\/\/pruebas.michollo.to\/pt\/wp-json\/wp\/v2\/media\/4304"}],"wp:attachment":[{"href":"https:\/\/pruebas.michollo.to\/pt\/wp-json\/wp\/v2\/media?parent=5198"}],"wp:term":[{"taxonomy":"product_brand","embeddable":true,"href":"https:\/\/pruebas.michollo.to\/pt\/wp-json\/wp\/v2\/product_brand?post=5198"},{"taxonomy":"product_cat","embeddable":true,"href":"https:\/\/pruebas.michollo.to\/pt\/wp-json\/wp\/v2\/product_cat?post=5198"},{"taxonomy":"product_tag","embeddable":true,"href":"https:\/\/pruebas.michollo.to\/pt\/wp-json\/wp\/v2\/product_tag?post=5198"}],"curies":[{"name":"wp","href":"https:\/\/api.w.org\/{rel}","templated":true}]}}