{"id":5201,"date":"2024-07-03T13:05:55","date_gmt":"2024-07-03T15:05:55","guid":{"rendered":"https:\/\/www.minandovoy.com\/?post_type=product&#038;p=5201"},"modified":"2025-08-06T16:51:24","modified_gmt":"2025-08-06T14:51:24","slug":"antminer-e9-pro-3-680gh","status":"publish","type":"product","link":"https:\/\/pruebas.michollo.to\/pt\/produto\/antminer-e9-pro-3-680gh\/","title":{"rendered":"Antminer E9 PRO 3.68Gh"},"content":{"rendered":"<p>O <b>Formigueiro<\/b> E9 3,68Gh de <b>Bitmain<\/b>que se especializa na extra\u00e7\u00e3o de Ethereum Classic, tem um desempenho superior a qualquer outro <a href=\"https:\/\/www.minandovoy.com\/categoria\/rigs-de-gpu\/\">GPU<\/a>.\u00a0<b>\u00a0<\/b>Este ASIC dedicado \u00e0 extra\u00e7\u00e3o de <a href=\"https:\/\/www.minandovoy.com\/categoria\/mineros\/?algoritmos=ethash\">Eti\u00f3pia<\/a>Tem uma pot\u00eancia de extra\u00e7\u00e3o de 3680MHs e um consumo de energia de 2200w\/h.<\/p>\n<div class=\"jnews_inline_related_post_wrapper right\">\n<div class=\"jnews_inline_related_post\">\n<div class=\"jeg_postblock_21 jeg_postblock jeg_module_hook jeg_pagination_disable jeg_col_2o3 jnews_module_337080_0_6385e584c0f23\" data-unique=\"jnews_module_337080_0_6385e584c0f23\">\n<div class=\"jeg_block_heading jeg_block_heading_5 jeg_subcat_right\"><div class=\"asicminer-widget-container\" style=\"width: 100%; min-height: 300px;\">\n            <iframe id=\"asicminer-widget-7182\" \n                    src=\"https:\/\/pruebas.michollo.to\/wp-content\/themes\/minandovoy\/proxy-widget.php?miner=bitmain\/antminer-e9-pro-3-68gh&#038;type=profit&#038;theme=dark\" \n                    width=\"100%\" \n                    height=\"300\" \n                    frameborder=\"0\"\n                    loading=\"lazy\"\n                    style=\"border: none; overflow: hidden;\"\n                    title=\"ASIC Miner Widget\">\n            <\/iframe>\n        <\/div><\/div>\n<\/div>\n<\/div>\n<\/div>\n<h3><b>O que \u00e9 a Bitmain?<\/b><\/h3>\n<p><em>Bitmain<\/em> \u00e9 uma empresa sediada em Pequim, na China. \u00c9 considerada uma das empresas mais importantes no sector das criptomoedas por produzir hardware de minera\u00e7\u00e3o de alta qualidade com enormes capacidades de minera\u00e7\u00e3o e pelos seus avan\u00e7os tecnol\u00f3gicos. \u00c9 o maior designer de equipamento do mundo <em>ASIC<\/em>\u00a0para a extra\u00e7\u00e3o mineira\u00a0<em>Bitcoin<\/em>.<\/p>\n<p>A Bitmain \u00e9 sobretudo conhecida pelo seu hardware Bitcoin, embora esteja interessada em projectos que tragam solidez ao seu neg\u00f3cio, como o Ethereum\/Ethereum Classic.<\/p>\n<h3><strong><a href=\"https:\/\/coinmarketcap.com\/es\/currencies\/ethereum-classic\/\">Ethereum cl\u00e1ssico<\/a> vs Ethereum:<\/strong><\/h3>\n<p>Esta criptomoeda foi lan\u00e7ada em julho de 2016 e a sua principal fun\u00e7\u00e3o \u00e9 servir de rede para<br \/>\ncontratos inteligentes, com a capacidade de armazenar e suportar Dapps.<br \/>\nDesde o lan\u00e7amento desta criptomoeda, tem tentado diferenciar-se do seu irm\u00e3o mais velho, uma vez que<br \/>\nque se prop\u00f4s a preservar a integridade da cadeia de blocos ETH existente.<\/p>\n<p>&nbsp;<\/p>\n<p>Clique aqui <a href=\"https:\/\/www.youtube.com\/watch?v=BtF49i6Glnc\">aqui<\/a> para saber a diferen\u00e7a entre um ASIC e um RIG.<\/p>","protected":false},"excerpt":{"rendered":"<p>El Antminer E9 3.68Gh de Bitmain, especializado en minar Ethereum Classic, tiene un rendimiento mayor que cualquier GPU.\u00a0\u00a0Este ASIC dedicado a la miner\u00eda de Ethash, tiene una potencia de minado de 3680MHs y un consumo de 2200w\/h. \u00bfQu\u00e9 es Bitmain? Bitmain es una compa\u00f1\u00eda con sede en Beijing, China. Se considera una de las compa\u00f1\u00edas [&hellip;]<\/p>\n","protected":false},"featured_media":1047,"comment_status":"open","ping_status":"closed","template":"","meta":[],"product_brand":[],"product_cat":[19],"product_tag":[52,29,244,138],"class_list":{"0":"post-5201","1":"product","2":"type-product","3":"status-publish","4":"has-post-thumbnail","6":"product_cat-mineros","7":"product_tag-asic","8":"product_tag-ethereum","9":"product_tag-gme","10":"product_tag-mineros-para-avanzados","12":"first","13":"instock","14":"featured","15":"taxable","16":"shipping-taxable","17":"purchasable","18":"product-type-simple"},"_links":{"self":[{"href":"https:\/\/pruebas.michollo.to\/pt\/wp-json\/wp\/v2\/product\/5201","targetHints":{"allow":["GET"]}}],"collection":[{"href":"https:\/\/pruebas.michollo.to\/pt\/wp-json\/wp\/v2\/product"}],"about":[{"href":"https:\/\/pruebas.michollo.to\/pt\/wp-json\/wp\/v2\/types\/product"}],"replies":[{"embeddable":true,"href":"https:\/\/pruebas.michollo.to\/pt\/wp-json\/wp\/v2\/comments?post=5201"}],"wp:featuredmedia":[{"embeddable":true,"href":"https:\/\/pruebas.michollo.to\/pt\/wp-json\/wp\/v2\/media\/1047"}],"wp:attachment":[{"href":"https:\/\/pruebas.michollo.to\/pt\/wp-json\/wp\/v2\/media?parent=5201"}],"wp:term":[{"taxonomy":"product_brand","embeddable":true,"href":"https:\/\/pruebas.michollo.to\/pt\/wp-json\/wp\/v2\/product_brand?post=5201"},{"taxonomy":"product_cat","embeddable":true,"href":"https:\/\/pruebas.michollo.to\/pt\/wp-json\/wp\/v2\/product_cat?post=5201"},{"taxonomy":"product_tag","embeddable":true,"href":"https:\/\/pruebas.michollo.to\/pt\/wp-json\/wp\/v2\/product_tag?post=5201"}],"curies":[{"name":"wp","href":"https:\/\/api.w.org\/{rel}","templated":true}]}}