{"id":5303,"date":"2024-07-11T07:36:41","date_gmt":"2024-07-11T09:36:41","guid":{"rendered":"https:\/\/www.minandovoy.com\/?post_type=product&#038;p=5303"},"modified":"2026-02-23T13:17:41","modified_gmt":"2026-02-23T12:17:41","slug":"nerdaxe-ultra-microminero-asic-de-bitcoin","status":"publish","type":"product","link":"https:\/\/pruebas.michollo.to\/pt\/produto\/nerdaxe-ultra-bitcoin-asic-microminero\/","title":{"rendered":"NerdAxe Ultra 550 GH\/s - Microminer ASIC para Bitcoin"},"content":{"rendered":"<h3>Leve a sua explora\u00e7\u00e3o mineira para o pr\u00f3ximo n\u00edvel: a derradeira evolu\u00e7\u00e3o para entusiastas e profissionais<\/h3>\n<p>Prepare-se para transformar a sua experi\u00eancia de minera\u00e7\u00e3o! Este dispositivo ASIC de \u00faltima gera\u00e7\u00e3o, equipado com o inovador chip BM1366 desenvolvido pela Bitmaker, redefine o padr\u00e3o de desempenho e efici\u00eancia na minera\u00e7\u00e3o de Bitcoin. \u00c9 a solu\u00e7\u00e3o ideal para quem procura otimizar o seu sistema e atingir novos n\u00edveis de rentabilidade.<\/p>\n<h4><strong>Pot\u00eancia e efici\u00eancia inigual\u00e1veis<\/strong><\/h4>\n<p>Se j\u00e1 tem equipamento de explora\u00e7\u00e3o mineira, este kit de atualiza\u00e7\u00e3o aumenta a sua velocidade de processamento de 75 KH\/s para uns impressionantes 75 KH\/s. <strong>550 GH\/s<\/strong>multiplicando a sua capacidade de extra\u00e7\u00e3o mineira em quase 9 milh\u00f5es de vezes. Tamb\u00e9m est\u00e1 dispon\u00edvel como uma solu\u00e7\u00e3o completa, incluindo uma nova placa e um ecr\u00e3, para que possa configurar um sistema de elevado desempenho imediatamente.<\/p>\n<p>Esta m\u00e1quina \u00e9 perfeita para mineiros independentes que querem competir pela recompensa de bloco de Bitcoin de 3.125 BTC. Gra\u00e7as ao seu design eficiente e compacto, \u00e9 o aliado ideal para maximizar o seu potencial de minera\u00e7\u00e3o de criptomoedas.<\/p>\n<h4><strong>Carater\u00edsticas principais<\/strong><\/h4>\n<ul>\n<li><strong>Consumo de energia optimizado<\/strong>Com um consumo de energia de apenas 12 watts, esta m\u00e1quina oferece um desempenho de at\u00e9 550 GH\/s. O seu design eficiente \u00e9 perfeito para os mineiros dom\u00e9sticos que procuram resultados sem gastar demasiado em energia.<\/li>\n<li><strong>Personaliza\u00e7\u00e3o avan\u00e7ada<\/strong>AXE OS: Funciona com o AXE OS, um sistema operativo de c\u00f3digo aberto que lhe d\u00e1 controlo total sobre as suas opera\u00e7\u00f5es. Ajuste as defini\u00e7\u00f5es, optimize o desempenho e partilhe conhecimentos com a comunidade de utilizadores em Bitaxe.org e no seu servidor Discord.<\/li>\n<\/ul>\n<h4><strong>Conte\u00fado da embalagem<\/strong><\/h4>\n<ul>\n<li>Equipamento totalmente montado<\/li>\n<li>Fonte de alimenta\u00e7\u00e3o 5V\/5A (compat\u00edvel com 110-230V)<\/li>\n<li>Nota: Pode ser necess\u00e1rio um cabo de alimenta\u00e7\u00e3o adaptado \u00e0 sua regi\u00e3o.<\/li>\n<\/ul>\n<h4><strong>Um passo em frente na explora\u00e7\u00e3o mineira eficiente<\/strong><\/h4>\n<p>Compacta, silenciosa e altamente eficiente, esta m\u00e1quina foi concebida para quem pretende um desempenho excecional sem complica\u00e7\u00f5es. \u00c9 o futuro da micro-minera\u00e7\u00e3o de criptomoedas, combinando facilidade de utiliza\u00e7\u00e3o com tecnologia avan\u00e7ada.<\/p>\n<p><strong>Obtenha o seu e leve a sua explora\u00e7\u00e3o mineira a novos patamares hoje mesmo!<\/strong><\/p>","protected":false},"excerpt":{"rendered":"<p>Lleva tu miner\u00eda al siguiente nivel: la evoluci\u00f3n definitiva para entusiastas y profesionales \u00a1Prep\u00e1rate para transformar tu experiencia de miner\u00eda! Este dispositivo ASIC de \u00faltima generaci\u00f3n, equipado con el innovador chip BM1366 desarrollado por Bitmaker, redefine el est\u00e1ndar de rendimiento y eficiencia en la miner\u00eda de Bitcoin. Es la soluci\u00f3n ideal para quienes buscan optimizar [&hellip;]<\/p>\n","protected":false},"featured_media":5304,"comment_status":"open","ping_status":"closed","template":"","meta":[],"product_brand":[],"product_cat":[15,19],"product_tag":[52,244,137],"class_list":{"0":"post-5303","1":"product","2":"type-product","3":"status-publish","4":"has-post-thumbnail","6":"product_cat-sin-categorizar","7":"product_cat-mineros","8":"product_tag-asic","9":"product_tag-gme","10":"product_tag-mineros-para-principiantes","12":"first","13":"instock","14":"taxable","15":"shipping-taxable","16":"purchasable","17":"product-type-simple"},"_links":{"self":[{"href":"https:\/\/pruebas.michollo.to\/pt\/wp-json\/wp\/v2\/product\/5303","targetHints":{"allow":["GET"]}}],"collection":[{"href":"https:\/\/pruebas.michollo.to\/pt\/wp-json\/wp\/v2\/product"}],"about":[{"href":"https:\/\/pruebas.michollo.to\/pt\/wp-json\/wp\/v2\/types\/product"}],"replies":[{"embeddable":true,"href":"https:\/\/pruebas.michollo.to\/pt\/wp-json\/wp\/v2\/comments?post=5303"}],"wp:featuredmedia":[{"embeddable":true,"href":"https:\/\/pruebas.michollo.to\/pt\/wp-json\/wp\/v2\/media\/5304"}],"wp:attachment":[{"href":"https:\/\/pruebas.michollo.to\/pt\/wp-json\/wp\/v2\/media?parent=5303"}],"wp:term":[{"taxonomy":"product_brand","embeddable":true,"href":"https:\/\/pruebas.michollo.to\/pt\/wp-json\/wp\/v2\/product_brand?post=5303"},{"taxonomy":"product_cat","embeddable":true,"href":"https:\/\/pruebas.michollo.to\/pt\/wp-json\/wp\/v2\/product_cat?post=5303"},{"taxonomy":"product_tag","embeddable":true,"href":"https:\/\/pruebas.michollo.to\/pt\/wp-json\/wp\/v2\/product_tag?post=5303"}],"curies":[{"name":"wp","href":"https:\/\/api.w.org\/{rel}","templated":true}]}}