{"id":5361,"date":"2024-07-17T10:15:39","date_gmt":"2024-07-17T08:15:39","guid":{"rendered":"https:\/\/www.minandovoy.com\/?post_type=product&#038;p=5361"},"modified":"2025-05-09T14:47:00","modified_gmt":"2025-05-09T12:47:00","slug":"goldshell-ka-box-pro-alph-miner2-720","status":"publish","type":"product","link":"https:\/\/pruebas.michollo.to\/pt\/produto\/goldshell-ka-box-pro-alph-miner2-720\/","title":{"rendered":"Mineiro de Alephium AL BOX II 720GH\/S 360W ALPH Mining"},"content":{"rendered":"<p>O<strong> Caixa AL II de Goldshell<\/strong> representa uma atualiza\u00e7\u00e3o do seu antecessor, o <strong>CAIXA DE PAVIMENTOS Goldshell AL<\/strong>que tem o dobro do hashrate e, consequentemente, duplica os lucros. Concebido para a extra\u00e7\u00e3o de moedas<strong> ALPH<\/strong>o minerador ASIC Goldshell AL Box <strong>720G 360W<\/strong> destaca-se pela sua efici\u00eancia nas opera\u00e7\u00f5es mineiras dom\u00e9sticas. A sua combina\u00e7\u00e3o de desempenho potente e efici\u00eancia energ\u00e9tica torna-o uma excelente escolha para quem procura melhorar a rentabilidade e reduzir os custos operacionais.<\/p>\n<p>Especifica\u00e7\u00f5es<br \/>\nFabricante: Goldshell<br \/>\nModelo: AL-BOX II<br \/>\nTamb\u00e9m conhecido como: Goldshell AL-BOX ALPH (Alephium) Miner 720Gh<br \/>\nData de lan\u00e7amento: agosto de 2024<br \/>\nTamanho: 198 x 150 x 95 mm<br \/>\nPeso: 2300 g<br \/>\nN\u00edvel de ru\u00eddo: 35 db<br \/>\nF\u00e3s: 2<br \/>\nTaxa de hash: 720 GH<br \/>\nConsumo de energia: 360 W<br \/>\nLiga\u00e7\u00e3o: Ethernet<br \/>\nTemperatura de funcionamento: 5 - 35 \u00b0C<br \/>\nHumidade: 5 - 65%<\/p>","protected":false},"excerpt":{"rendered":"<p>El Goldshell AL BOX II representa una actualizaci\u00f3n de su predecesor, el Goldshell AL BOX, que cuenta con el doble de hashrate y, en consecuencia, duplica las ganancias. Dise\u00f1ado para la miner\u00eda de monedas ALPH, el minero ASIC Goldshell AL Box 720G 360W destaca por su eficiencia para las operaciones mineras dom\u00e9sticas. Su combinaci\u00f3n de [&hellip;]<\/p>\n","protected":false},"featured_media":3936,"comment_status":"open","ping_status":"closed","template":"","meta":[],"product_brand":[],"product_cat":[19],"product_tag":[53,138,137],"class_list":{"0":"post-5361","1":"product","2":"type-product","3":"status-publish","4":"has-post-thumbnail","6":"product_cat-mineros","7":"product_tag-goldshell-miner","8":"product_tag-mineros-para-avanzados","9":"product_tag-mineros-para-principiantes","11":"first","12":"outofstock","13":"taxable","14":"shipping-taxable","15":"purchasable","16":"product-type-simple"},"_links":{"self":[{"href":"https:\/\/pruebas.michollo.to\/pt\/wp-json\/wp\/v2\/product\/5361","targetHints":{"allow":["GET"]}}],"collection":[{"href":"https:\/\/pruebas.michollo.to\/pt\/wp-json\/wp\/v2\/product"}],"about":[{"href":"https:\/\/pruebas.michollo.to\/pt\/wp-json\/wp\/v2\/types\/product"}],"replies":[{"embeddable":true,"href":"https:\/\/pruebas.michollo.to\/pt\/wp-json\/wp\/v2\/comments?post=5361"}],"wp:featuredmedia":[{"embeddable":true,"href":"https:\/\/pruebas.michollo.to\/pt\/wp-json\/wp\/v2\/media\/3936"}],"wp:attachment":[{"href":"https:\/\/pruebas.michollo.to\/pt\/wp-json\/wp\/v2\/media?parent=5361"}],"wp:term":[{"taxonomy":"product_brand","embeddable":true,"href":"https:\/\/pruebas.michollo.to\/pt\/wp-json\/wp\/v2\/product_brand?post=5361"},{"taxonomy":"product_cat","embeddable":true,"href":"https:\/\/pruebas.michollo.to\/pt\/wp-json\/wp\/v2\/product_cat?post=5361"},{"taxonomy":"product_tag","embeddable":true,"href":"https:\/\/pruebas.michollo.to\/pt\/wp-json\/wp\/v2\/product_tag?post=5361"}],"curies":[{"name":"wp","href":"https:\/\/api.w.org\/{rel}","templated":true}]}}