{"id":5378,"date":"2024-07-19T16:48:05","date_gmt":"2024-07-19T14:48:05","guid":{"rendered":"https:\/\/www.minandovoy.com\/?post_type=product&#038;p=5378"},"modified":"2026-02-23T13:53:44","modified_gmt":"2026-02-23T12:53:44","slug":"antminer-al1-15-6th-blake3","status":"publish","type":"product","link":"https:\/\/pruebas.michollo.to\/pt\/produto\/antminer-al1-15-6o-blake3\/","title":{"rendered":"Antminer AL1 (15.6Th) &#8211; M\u00e1ximo rendimiento para ALPH"},"content":{"rendered":"<p>O <strong>Bitmain Antminer AL1 (15.6Th)<\/strong> \u00e9 um mineiro ASIC topo de gama, concebido especificamente para o algoritmo <strong>Blake3<\/strong>. Com um hashrate m\u00e1ximo de <strong>15,6Th\/s<\/strong> e um consumo de energia de <strong>3510W<\/strong>Esta m\u00e1quina est\u00e1 posicionada como uma das mais eficientes e rent\u00e1veis do mercado. Ideal para quem procura maximizar o seu rendimento com a extra\u00e7\u00e3o de criptomoedas.<\/p>\n<h4>Especifica\u00e7\u00f5es<\/h4>\n<ul>\n<li><strong>Fabricante:<\/strong> Bitmain<\/li>\n<li><strong>Modelo:<\/strong> Antminer AL1 (15,6Th)<\/li>\n<li><strong>Tamb\u00e9m conhecido como:<\/strong> Mineiro AL1 ALPH Antminer<\/li>\n<li><strong>Lan\u00e7amento:<\/strong> julho de 2024<\/li>\n<li><strong>Tamanho:<\/strong> 195 x 290 x 370 mm<\/li>\n<li><strong>Peso:<\/strong> 13,200 g<\/li>\n<li><strong>N\u00edvel de ru\u00eddo:<\/strong> 75 db<\/li>\n<li><strong>Refrigera\u00e7\u00e3o:<\/strong> Ar<\/li>\n<li><strong>F\u00e3s:<\/strong> 4<\/li>\n<li><strong>Consumo de energia:<\/strong> 3510W<\/li>\n<li><strong>Interface:<\/strong> Ethernet<\/li>\n<li><strong>Temperatura de funcionamento:<\/strong> 5 - 45 \u00b0C<\/li>\n<li><strong>Humidade:<\/strong> 5 &#8211; 95%<\/li>\n<\/ul>\n<h4>Moedas extra\u00edveis<\/h4>\n<p><strong>ALPH (Alephium)<\/strong><\/p>\n<p><strong>DCR (Decred)<\/strong><\/p>\n<p>Optimize as suas opera\u00e7\u00f5es mineiras com o Antminer AL1 e tire o m\u00e1ximo partido da sua pot\u00eancia e efici\u00eancia!<\/p>","protected":false},"excerpt":{"rendered":"<p>El Antminer AL1 (15.6Th) de Bitmain es un minero ASIC de alta gama, dise\u00f1ado espec\u00edficamente para el algoritmo Blake3. Con un hashrate m\u00e1ximo de 15.6Th\/s y un consumo de energ\u00eda de 3510W, esta m\u00e1quina se posiciona como una de las m\u00e1s eficientes y rentables del mercado. Ideal para quienes buscan maximizar sus ingresos en la [&hellip;]<\/p>\n","protected":false},"featured_media":4304,"comment_status":"open","ping_status":"closed","template":"","meta":[],"product_brand":[],"product_cat":[19],"product_tag":[244,138],"class_list":{"0":"post-5378","1":"product","2":"type-product","3":"status-publish","4":"has-post-thumbnail","6":"product_cat-mineros","7":"product_tag-gme","8":"product_tag-mineros-para-avanzados","10":"first","11":"outofstock","12":"taxable","13":"shipping-taxable","14":"purchasable","15":"product-type-simple"},"_links":{"self":[{"href":"https:\/\/pruebas.michollo.to\/pt\/wp-json\/wp\/v2\/product\/5378","targetHints":{"allow":["GET"]}}],"collection":[{"href":"https:\/\/pruebas.michollo.to\/pt\/wp-json\/wp\/v2\/product"}],"about":[{"href":"https:\/\/pruebas.michollo.to\/pt\/wp-json\/wp\/v2\/types\/product"}],"replies":[{"embeddable":true,"href":"https:\/\/pruebas.michollo.to\/pt\/wp-json\/wp\/v2\/comments?post=5378"}],"wp:featuredmedia":[{"embeddable":true,"href":"https:\/\/pruebas.michollo.to\/pt\/wp-json\/wp\/v2\/media\/4304"}],"wp:attachment":[{"href":"https:\/\/pruebas.michollo.to\/pt\/wp-json\/wp\/v2\/media?parent=5378"}],"wp:term":[{"taxonomy":"product_brand","embeddable":true,"href":"https:\/\/pruebas.michollo.to\/pt\/wp-json\/wp\/v2\/product_brand?post=5378"},{"taxonomy":"product_cat","embeddable":true,"href":"https:\/\/pruebas.michollo.to\/pt\/wp-json\/wp\/v2\/product_cat?post=5378"},{"taxonomy":"product_tag","embeddable":true,"href":"https:\/\/pruebas.michollo.to\/pt\/wp-json\/wp\/v2\/product_tag?post=5378"}],"curies":[{"name":"wp","href":"https:\/\/api.w.org\/{rel}","templated":true}]}}