{"id":5938,"date":"2024-08-26T12:01:21","date_gmt":"2024-08-26T10:01:21","guid":{"rendered":"https:\/\/www.minandovoy.com\/?post_type=product&#038;p=5938"},"modified":"2026-02-23T13:17:39","modified_gmt":"2026-02-23T12:17:39","slug":"antminer-s19-xp-134th","status":"publish","type":"product","link":"https:\/\/pruebas.michollo.to\/pt\/produto\/antminer-s19-xp-134a\/","title":{"rendered":"ANTMINER S19 XP 134\u00aa"},"content":{"rendered":"<h3>ANTMINER S19 PRO<\/h3>\n<h3><b>O que \u00e9 a Bitmain?<\/b><\/h3>\n<p><em>Bitmain<\/em>\u00a0\u00e9 uma empresa sediada em Pequim, na China. \u00c9 considerada uma das empresas mais importantes no sector das criptomoedas por produzir hardware de minera\u00e7\u00e3o de alta qualidade com enormes capacidades de minera\u00e7\u00e3o e pelos seus avan\u00e7os tecnol\u00f3gicos. \u00c9 o maior designer mundial de equipamento de minera\u00e7\u00e3o de criptomoedas.\u00a0<em>ASIC<\/em>\u00a0para a extra\u00e7\u00e3o mineira\u00a0<em>Bitcoin<\/em>.<\/p>\n<p>A Bitmain \u00e9 conhecida principalmente pelo hardware Bitcoin...<\/p>\n<p>&nbsp;<\/p>\n<h3><strong>UM POUCO SOBRE A BITCOIN<\/strong><\/h3>\n<p>\u00c9 a primeira criptomoeda desenvolvida e, por conseguinte, a que abriu caminho a todas as outras que surgiram posteriormente, utilizando a sua tecnologia denominada cadeia de blocos.<\/p>\n<p>H\u00e1 uma quantidade de Bitcoins que s\u00e3o emitidos todos os anos e esta quantidade \u00e9 determinada pelo seu algoritmo, a cada 4 anos a sua produ\u00e7\u00e3o \u00e9 reduzida em dois, de modo a que apenas um total de 21 milh\u00f5es de Bitcoins sejam emitidos.<\/p>\n<p>Esta \u00e9 a grande diferen\u00e7a em rela\u00e7\u00e3o \u00e0s moedas convencionais, uma vez que os bancos alteram o valor. Isto significa que a criptomoeda, neste caso o Bitcoin, pode oferecer mais estabilidade enquanto as moedas convencionais se desvalorizam.<\/p>\n<p>Atualmente, as criptomoedas s\u00e3o utilizadas como m\u00e9todo de pagamento em muitas plataformas, sendo a moeda de troca, na maioria dos casos, a Bitcoin, uma vez que s\u00e3o seguras e privadas.<\/p>\n<p>&nbsp;<\/p>\n<h3><strong>PRINCIPAIS VANTAGENS DE <a href=\"https:\/\/coinmarketcap.com\/es\/currencies\/bitcoin\/\">BITCOIN<\/a><\/strong><\/h3>\n<ol>\n<li>Rapidez: Envie dinheiro para si pr\u00f3prio, independentemente do montante e do destino, numa quest\u00e3o de minutos.<\/li>\n<li>Barato: Ao fazer uma transfer\u00eancia atrav\u00e9s do seu banco pode custar-lhe muito dinheiro, atrav\u00e9s da Bitcoin o custo \u00e9 gratuito ou apenas alguns c\u00eantimos.<\/li>\n<li>Global: Pode enviar para qualquer parte do mundo, n\u00e3o tem fronteiras.<\/li>\n<li>Descentralizado: nenhum governo\/banco pode control\u00e1-lo, nem na sua cria\u00e7\u00e3o nem na sua distribui\u00e7\u00e3o.<\/li>\n<li>Propriedade: O dinheiro pertence-lhe 100%, n\u00e3o pode ser acedido por ningu\u00e9m, \u00e9 o seu pr\u00f3prio banco.<\/li>\n<li>Transparente:  Todas as transac\u00e7\u00f5es s\u00e3o p\u00fablicas, mas sempre sob pseud\u00f3nimos.<\/li>\n<li>Emiss\u00e3o limitada: Ningu\u00e9m pode gerar milhares de Bitcoins s\u00f3 porque lhe apetece, eles aparecem gra\u00e7as \u00e0 extra\u00e7\u00e3o mineira.<\/li>\n<li>Privado: A Bitcoin tenta preservar a privacidade, a um n\u00edvel muito elevado, embora n\u00e3o seja completamente an\u00f3nima e trabalhe para o ser.<\/li>\n<\/ol>\n<p>&nbsp;<\/p>\n<div><\/div>","protected":false},"excerpt":{"rendered":"<p>ANTMINER S19 PRO \u00bfQu\u00e9 es Bitmain? Bitmain\u00a0es una compa\u00f1\u00eda con sede en Beijing, China. Es considerada una de las compa\u00f1\u00edas m\u00e1s importantes en la industria de criptomonedas al generar hardware de miner\u00eda\u00a0de alta calidad, con enormes capacidades mineras y por sus avances tecnol\u00f3gicos. Es la dise\u00f1adora\u00a0m\u00e1s grande del mundo\u00a0de equipos\u00a0ASIC\u00a0para la miner\u00eda\u00a0Bitcoin. Bitmain, es mayormente [&hellip;]<\/p>\n","protected":false},"featured_media":464,"comment_status":"open","ping_status":"closed","template":"","meta":[],"product_brand":[],"product_cat":[19],"product_tag":[244,138,137],"class_list":{"0":"post-5938","1":"product","2":"type-product","3":"status-publish","4":"has-post-thumbnail","6":"product_cat-mineros","7":"product_tag-gme","8":"product_tag-mineros-para-avanzados","9":"product_tag-mineros-para-principiantes","11":"first","12":"instock","13":"featured","14":"taxable","15":"shipping-taxable","16":"purchasable","17":"product-type-simple"},"_links":{"self":[{"href":"https:\/\/pruebas.michollo.to\/pt\/wp-json\/wp\/v2\/product\/5938","targetHints":{"allow":["GET"]}}],"collection":[{"href":"https:\/\/pruebas.michollo.to\/pt\/wp-json\/wp\/v2\/product"}],"about":[{"href":"https:\/\/pruebas.michollo.to\/pt\/wp-json\/wp\/v2\/types\/product"}],"replies":[{"embeddable":true,"href":"https:\/\/pruebas.michollo.to\/pt\/wp-json\/wp\/v2\/comments?post=5938"}],"wp:featuredmedia":[{"embeddable":true,"href":"https:\/\/pruebas.michollo.to\/pt\/wp-json\/wp\/v2\/media\/464"}],"wp:attachment":[{"href":"https:\/\/pruebas.michollo.to\/pt\/wp-json\/wp\/v2\/media?parent=5938"}],"wp:term":[{"taxonomy":"product_brand","embeddable":true,"href":"https:\/\/pruebas.michollo.to\/pt\/wp-json\/wp\/v2\/product_brand?post=5938"},{"taxonomy":"product_cat","embeddable":true,"href":"https:\/\/pruebas.michollo.to\/pt\/wp-json\/wp\/v2\/product_cat?post=5938"},{"taxonomy":"product_tag","embeddable":true,"href":"https:\/\/pruebas.michollo.to\/pt\/wp-json\/wp\/v2\/product_tag?post=5938"}],"curies":[{"name":"wp","href":"https:\/\/api.w.org\/{rel}","templated":true}]}}