{"id":6048,"date":"2024-09-06T12:39:31","date_gmt":"2024-09-06T10:39:31","guid":{"rendered":"https:\/\/www.minandovoy.com\/?post_type=product&#038;p=6048"},"modified":"2025-05-09T14:46:59","modified_gmt":"2025-05-09T12:46:59","slug":"goldshell-al-box-ii-pro-pre-order","status":"publish","type":"product","link":"https:\/\/pruebas.michollo.to\/pt\/produto\/goldshell-al-box-ii-pro-pre-encomenda\/","title":{"rendered":"Goldshell AL BOX II PRO"},"content":{"rendered":"<p>O<strong> Caixa AL II de Goldshell<\/strong> <strong>PRO<\/strong> representa uma atualiza\u00e7\u00e3o do seu antecessor, o <strong>CAIXA DE PAVIMENTOS Goldshell AL<\/strong>que tem o dobro do hashrate e, consequentemente, duplica os lucros. Concebido para a extra\u00e7\u00e3o de moedas<strong> ALPH<\/strong>o minerador ASIC Goldshell AL Box <strong>950 Gb\/s 460W<\/strong> destaca-se pela sua efici\u00eancia nas opera\u00e7\u00f5es mineiras dom\u00e9sticas. A sua combina\u00e7\u00e3o de desempenho potente e efici\u00eancia energ\u00e9tica torna-o uma excelente escolha para quem procura melhorar a rentabilidade e reduzir os custos operacionais.<\/p>\n<p>Especifica\u00e7\u00f5es<br \/>\nFabricante: Goldshell<br \/>\nModelo: AL-BOX II Pro<br \/>\nTamb\u00e9m conhecido como: Goldshell AL-BOX II PRO - ALPH (Alephium) Miner<br \/>\nData de lan\u00e7amento: setembro de 2024<br \/>\nTamanho: 300 x 200 x 142 mm<br \/>\nPeso: 3100 g<br \/>\nN\u00edvel de ru\u00eddo: 55 db<br \/>\nF\u00e3s: 2<br \/>\nTaxa de hash: 950 GH<br \/>\nConsumo de energia: 460 W<br \/>\nLiga\u00e7\u00e3o: Ethernet<br \/>\nTemperatura de funcionamento: 5 - 35 \u00b0C<\/p>","protected":false},"excerpt":{"rendered":"<p>El Goldshell AL BOX II PRO representa una actualizaci\u00f3n de su predecesor, el Goldshell AL BOX, que cuenta con el doble de hashrate y, en consecuencia, duplica las ganancias. Dise\u00f1ado para la miner\u00eda de monedas ALPH, el minero ASIC Goldshell AL Box 950 Gb\/s 460W destaca por su eficiencia para las operaciones mineras dom\u00e9sticas. Su [&hellip;]<\/p>\n","protected":false},"featured_media":3936,"comment_status":"open","ping_status":"closed","template":"","meta":[],"product_brand":[],"product_cat":[19],"product_tag":[244,53,138,137],"class_list":{"0":"post-6048","1":"product","2":"type-product","3":"status-publish","4":"has-post-thumbnail","6":"product_cat-mineros","7":"product_tag-gme","8":"product_tag-goldshell-miner","9":"product_tag-mineros-para-avanzados","10":"product_tag-mineros-para-principiantes","12":"first","13":"outofstock","14":"taxable","15":"shipping-taxable","16":"purchasable","17":"product-type-simple"},"_links":{"self":[{"href":"https:\/\/pruebas.michollo.to\/pt\/wp-json\/wp\/v2\/product\/6048","targetHints":{"allow":["GET"]}}],"collection":[{"href":"https:\/\/pruebas.michollo.to\/pt\/wp-json\/wp\/v2\/product"}],"about":[{"href":"https:\/\/pruebas.michollo.to\/pt\/wp-json\/wp\/v2\/types\/product"}],"replies":[{"embeddable":true,"href":"https:\/\/pruebas.michollo.to\/pt\/wp-json\/wp\/v2\/comments?post=6048"}],"wp:featuredmedia":[{"embeddable":true,"href":"https:\/\/pruebas.michollo.to\/pt\/wp-json\/wp\/v2\/media\/3936"}],"wp:attachment":[{"href":"https:\/\/pruebas.michollo.to\/pt\/wp-json\/wp\/v2\/media?parent=6048"}],"wp:term":[{"taxonomy":"product_brand","embeddable":true,"href":"https:\/\/pruebas.michollo.to\/pt\/wp-json\/wp\/v2\/product_brand?post=6048"},{"taxonomy":"product_cat","embeddable":true,"href":"https:\/\/pruebas.michollo.to\/pt\/wp-json\/wp\/v2\/product_cat?post=6048"},{"taxonomy":"product_tag","embeddable":true,"href":"https:\/\/pruebas.michollo.to\/pt\/wp-json\/wp\/v2\/product_tag?post=6048"}],"curies":[{"name":"wp","href":"https:\/\/api.w.org\/{rel}","templated":true}]}}