{"id":6063,"date":"2024-09-09T12:04:53","date_gmt":"2024-09-09T10:04:53","guid":{"rendered":"https:\/\/www.minandovoy.com\/?post_type=product&#038;p=6063"},"modified":"2025-08-06T17:34:32","modified_gmt":"2025-08-06T15:34:32","slug":"dragonball-miner-a11","status":"publish","type":"product","link":"https:\/\/pruebas.michollo.to\/pt\/produto\/dragonball-miner-a11\/","title":{"rendered":"Minerador de bolas de drag\u00e3o A11"},"content":{"rendered":"<p>O modelo <strong>A11<\/strong> \u00e9 uma pot\u00eancia mineira formid\u00e1vel, trabalhando com os algoritmos SHA512256d e Blake 3 para minera\u00e7\u00e3o <strong>Radiante<\/strong> o <strong>Alephium<\/strong>. A sua taxa de hash \u00e9 <strong>3,2 TH\/s,<\/strong> garantindo efici\u00eancia e desempenho no dom\u00ednio da extra\u00e7\u00e3o de criptomoedas. O seu design robusto garante estabilidade e fiabilidade, tornando-o a escolha preferida dos mineiros que procuram um rendimento \u00f3timo. Equipado com um sistema avan\u00e7ado de gest\u00e3o de energia, o A11 consome <strong>2300<\/strong> watts de pot\u00eancia a 40\u00b0C. Este modelo estabelece um novo padr\u00e3o na explora\u00e7\u00e3o mineira consciente do consumo de energia, atingindo um equil\u00edbrio entre elevado desempenho e funcionamento sustent\u00e1vel.<\/p>\n<div class=\"asicminer-widget-container\" style=\"width: 100%; min-height: 300px;\">\n            <iframe id=\"asicminer-widget-4183\" \n                    src=\"https:\/\/pruebas.michollo.to\/wp-content\/themes\/minandovoy\/proxy-widget.php?miner=dragonball-miner\/a11&#038;type=profit&#038;theme=dark\" \n                    width=\"100%\" \n                    height=\"300\" \n                    frameborder=\"0\"\n                    loading=\"lazy\"\n                    style=\"border: none; overflow: hidden;\"\n                    title=\"ASIC Miner Widget\">\n            <\/iframe>\n        <\/div>\n<p>Ponha suas m\u00e3os no a11 e leve sua minera\u00e7\u00e3o para o pr\u00f3ximo n\u00edvel! \ud83d\udcb0\ud83d\udcbb<\/p>","protected":false},"excerpt":{"rendered":"<p>El modelo A11 se erige como una formidable potencia minera, que trabaja los algoritmos SHA512256d y Blake 3 para minar Radiant o Alephium. Su tasa de hash es de 3.2 TH\/s, asegurando eficiencia y rendimiento en el \u00e1mbito de la miner\u00eda de criptomonedas. Su dise\u00f1o robusto garantiza estabilidad y confiabilidad, convirti\u00e9ndolo en la opci\u00f3n preferida [&hellip;]<\/p>\n","protected":false},"featured_media":4856,"comment_status":"open","ping_status":"closed","template":"","meta":[],"product_brand":[],"product_cat":[19],"product_tag":[52,244,138,139],"class_list":{"0":"post-6063","1":"product","2":"type-product","3":"status-publish","4":"has-post-thumbnail","6":"product_cat-mineros","7":"product_tag-asic","8":"product_tag-gme","9":"product_tag-mineros-para-avanzados","10":"product_tag-mineros-para-expertos","12":"first","13":"outofstock","14":"taxable","15":"shipping-taxable","16":"purchasable","17":"product-type-simple"},"_links":{"self":[{"href":"https:\/\/pruebas.michollo.to\/pt\/wp-json\/wp\/v2\/product\/6063","targetHints":{"allow":["GET"]}}],"collection":[{"href":"https:\/\/pruebas.michollo.to\/pt\/wp-json\/wp\/v2\/product"}],"about":[{"href":"https:\/\/pruebas.michollo.to\/pt\/wp-json\/wp\/v2\/types\/product"}],"replies":[{"embeddable":true,"href":"https:\/\/pruebas.michollo.to\/pt\/wp-json\/wp\/v2\/comments?post=6063"}],"wp:featuredmedia":[{"embeddable":true,"href":"https:\/\/pruebas.michollo.to\/pt\/wp-json\/wp\/v2\/media\/4856"}],"wp:attachment":[{"href":"https:\/\/pruebas.michollo.to\/pt\/wp-json\/wp\/v2\/media?parent=6063"}],"wp:term":[{"taxonomy":"product_brand","embeddable":true,"href":"https:\/\/pruebas.michollo.to\/pt\/wp-json\/wp\/v2\/product_brand?post=6063"},{"taxonomy":"product_cat","embeddable":true,"href":"https:\/\/pruebas.michollo.to\/pt\/wp-json\/wp\/v2\/product_cat?post=6063"},{"taxonomy":"product_tag","embeddable":true,"href":"https:\/\/pruebas.michollo.to\/pt\/wp-json\/wp\/v2\/product_tag?post=6063"}],"curies":[{"name":"wp","href":"https:\/\/api.w.org\/{rel}","templated":true}]}}