{"id":616,"date":"2022-10-25T10:30:20","date_gmt":"2022-10-25T14:30:20","guid":{"rendered":"https:\/\/pruebas.michollo.to\/?post_type=product&#038;p=616"},"modified":"2025-05-09T14:47:22","modified_gmt":"2025-05-09T12:47:22","slug":"ventilador-veddha","status":"publish","type":"product","link":"https:\/\/pruebas.michollo.to\/pt\/produto\/fa-de-veddha\/","title":{"rendered":"Veddha \u00e9 f\u00e3 de minera\u00e7\u00e3o de IBCs"},"content":{"rendered":"<p>Ventoinha com grande caudal de ar e sem ru\u00eddo, ideal para locais onde est\u00e1 calor e este n\u00e3o se dissipa corretamente.<\/p>\n<ul>\n<li>Caracter\u00edsticas:\n<ul>\n<li>Tamanho: 12x12x2,5 cm<\/li>\n<li>Tens\u00e3o: 12V<\/li>\n<li>Velocidade: 2800RPM<\/li>\n<li>Volume de ar: 76,5CFM (p\u00e9s c\u00fabicos por minuto)<\/li>\n<li>Ru\u00eddo: 19db(A)<\/li>\n<li>Pot\u00eancia: mais ou menos a pot\u00eancia nominal do 15%<\/li>\n<li>Esperan\u00e7a de vida: 600000 horas<\/li>\n<\/ul>\n<\/li>\n<\/ul>","protected":false},"excerpt":{"rendered":"<p>Ventilador de alto flujo de aire y sin ning\u00fan tipo de ruido, ideal para sitios donde hace calor y este no consigue disiparse de manera adecuada. Caracter\u00edsticas: Tama\u00f1o: 12x12x2,5 cm Voltaje: 12V Velocidad: 2800RPM Volumen del aire: 76.5CFM (pies c\u00fabicos por minuto) Ruido: 19db(A) Potencia: m\u00e1s o menos 15% de potencia nominal Esperanza de vida: [&hellip;]<\/p>\n","protected":false},"featured_media":617,"comment_status":"open","ping_status":"closed","template":"","meta":[],"product_brand":[],"product_cat":[20],"product_tag":[],"class_list":{"0":"post-616","1":"product","2":"type-product","3":"status-publish","4":"has-post-thumbnail","6":"product_cat-componentes","8":"first","9":"instock","10":"sale","11":"taxable","12":"shipping-taxable","13":"purchasable","14":"product-type-simple"},"_links":{"self":[{"href":"https:\/\/pruebas.michollo.to\/pt\/wp-json\/wp\/v2\/product\/616","targetHints":{"allow":["GET"]}}],"collection":[{"href":"https:\/\/pruebas.michollo.to\/pt\/wp-json\/wp\/v2\/product"}],"about":[{"href":"https:\/\/pruebas.michollo.to\/pt\/wp-json\/wp\/v2\/types\/product"}],"replies":[{"embeddable":true,"href":"https:\/\/pruebas.michollo.to\/pt\/wp-json\/wp\/v2\/comments?post=616"}],"wp:featuredmedia":[{"embeddable":true,"href":"https:\/\/pruebas.michollo.to\/pt\/wp-json\/wp\/v2\/media\/617"}],"wp:attachment":[{"href":"https:\/\/pruebas.michollo.to\/pt\/wp-json\/wp\/v2\/media?parent=616"}],"wp:term":[{"taxonomy":"product_brand","embeddable":true,"href":"https:\/\/pruebas.michollo.to\/pt\/wp-json\/wp\/v2\/product_brand?post=616"},{"taxonomy":"product_cat","embeddable":true,"href":"https:\/\/pruebas.michollo.to\/pt\/wp-json\/wp\/v2\/product_cat?post=616"},{"taxonomy":"product_tag","embeddable":true,"href":"https:\/\/pruebas.michollo.to\/pt\/wp-json\/wp\/v2\/product_tag?post=616"}],"curies":[{"name":"wp","href":"https:\/\/api.w.org\/{rel}","templated":true}]}}