{"id":618,"date":"2022-10-25T10:32:12","date_gmt":"2022-10-25T14:32:12","guid":{"rendered":"https:\/\/pruebas.michollo.to\/?post_type=product&#038;p=618"},"modified":"2025-05-09T14:47:22","modified_gmt":"2025-05-09T12:47:22","slug":"cable-alimentacion-para-cpu-inferior-1-500w","status":"publish","type":"product","link":"https:\/\/pruebas.michollo.to\/pt\/produto\/cabo-de-alimentacao-para-cpu-inferior-1-500w\/","title":{"rendered":"Cabo de alimenta\u00e7\u00e3o para CPU inferior 1.500W"},"content":{"rendered":"<p>Cabo de alimenta\u00e7\u00e3o compat\u00edvel com as fontes de alimenta\u00e7\u00e3o ASIC e RIG.<\/p>\n<p><strong>Especifica\u00e7\u00f5es<\/strong><\/p>\n<ul>\n<li>Conector A: Conector de alimenta\u00e7\u00e3o macho<\/li>\n<li>Conector B: IEC-320-C13<\/li>\n<li>Design do cabo: redondo<\/li>\n<li>Material do conetor: PVC<\/li>\n<li>Material do condutor: Cobre<\/li>\n<li>Comprimento do cabo: 2,00 m<\/li>\n<li>Cor: preto<\/li>\n<li>Tamanho da bainha do cabo: 6,5 mm<\/li>\n<li>Di\u00e2metro do condutor: 3x 0,75 mm<\/li>\n<\/ul>","protected":false},"excerpt":{"rendered":"<p>Cabo de alimenta\u00e7\u00e3o compat\u00edvel com fontes de alimenta\u00e7\u00e3o ASIC e fontes de alimenta\u00e7\u00e3o RIG. Especifica\u00e7\u00f5es Conector A: Conector de alimenta\u00e7\u00e3o macho Conector B: IEC-320-C13 Design do cabo: Redondo Material do conetor: PVC Material do condutor: Cobre Comprimento do cabo: 2,00 m Cor: Preto Tamanho da bainha do cabo: 6,5 mm Di\u00e2metro do condutor: 3x 0,75 mm<\/p>","protected":false},"featured_media":619,"comment_status":"open","ping_status":"closed","template":"","meta":[],"product_brand":[],"product_cat":[20],"product_tag":[],"class_list":{"0":"post-618","1":"product","2":"type-product","3":"status-publish","4":"has-post-thumbnail","6":"product_cat-componentes","8":"first","9":"instock","10":"taxable","11":"shipping-taxable","12":"purchasable","13":"product-type-simple"},"_links":{"self":[{"href":"https:\/\/pruebas.michollo.to\/pt\/wp-json\/wp\/v2\/product\/618","targetHints":{"allow":["GET"]}}],"collection":[{"href":"https:\/\/pruebas.michollo.to\/pt\/wp-json\/wp\/v2\/product"}],"about":[{"href":"https:\/\/pruebas.michollo.to\/pt\/wp-json\/wp\/v2\/types\/product"}],"replies":[{"embeddable":true,"href":"https:\/\/pruebas.michollo.to\/pt\/wp-json\/wp\/v2\/comments?post=618"}],"wp:featuredmedia":[{"embeddable":true,"href":"https:\/\/pruebas.michollo.to\/pt\/wp-json\/wp\/v2\/media\/619"}],"wp:attachment":[{"href":"https:\/\/pruebas.michollo.to\/pt\/wp-json\/wp\/v2\/media?parent=618"}],"wp:term":[{"taxonomy":"product_brand","embeddable":true,"href":"https:\/\/pruebas.michollo.to\/pt\/wp-json\/wp\/v2\/product_brand?post=618"},{"taxonomy":"product_cat","embeddable":true,"href":"https:\/\/pruebas.michollo.to\/pt\/wp-json\/wp\/v2\/product_cat?post=618"},{"taxonomy":"product_tag","embeddable":true,"href":"https:\/\/pruebas.michollo.to\/pt\/wp-json\/wp\/v2\/product_tag?post=618"}],"curies":[{"name":"wp","href":"https:\/\/api.w.org\/{rel}","templated":true}]}}