{"id":627,"date":"2022-10-25T10:28:49","date_gmt":"2022-10-25T14:28:49","guid":{"rendered":"https:\/\/pruebas.michollo.to\/?post_type=product&#038;p=627"},"modified":"2025-05-09T14:47:23","modified_gmt":"2025-05-09T12:47:23","slug":"dummy","status":"publish","type":"product","link":"https:\/\/pruebas.michollo.to\/pt\/produto\/ficticio\/","title":{"rendered":"Boneco HDMI para minera\u00e7\u00e3o RIG"},"content":{"rendered":"<p>Ficha fict\u00edcia HDMI at\u00e9 4K at\u00e9 3840 * 2160<\/p>\n<ul>\n<li>Excelente para sistemas Windows, onde \u00e9 necess\u00e1ria a presen\u00e7a de um monitor. Este adaptador faz com que o Windows pense que tem um monitor ligado.<\/li>\n<li>Perfeito para combinar com o TeamViewer ou outro, para controlo remoto de um PC sem monitor.<\/li>\n<\/ul>","protected":false},"excerpt":{"rendered":"<p>Dummy Plug HDMI at\u00e9 4K at\u00e9 3840 * 2160 Excelente para sistemas Windows, onde \u00e9 necess\u00e1ria a presen\u00e7a de um monitor. Este adaptador faz com que o Windows acredite que tem um monitor ligado. Perfeito para combinar com o TeamViewer ou outro, para controlo remoto de um PC sem monitor.<\/p>","protected":false},"featured_media":628,"comment_status":"open","ping_status":"closed","template":"","meta":[],"product_brand":[],"product_cat":[20],"product_tag":[],"class_list":{"0":"post-627","1":"product","2":"type-product","3":"status-publish","4":"has-post-thumbnail","6":"product_cat-componentes","8":"first","9":"instock","10":"taxable","11":"shipping-taxable","12":"purchasable","13":"product-type-simple"},"_links":{"self":[{"href":"https:\/\/pruebas.michollo.to\/pt\/wp-json\/wp\/v2\/product\/627","targetHints":{"allow":["GET"]}}],"collection":[{"href":"https:\/\/pruebas.michollo.to\/pt\/wp-json\/wp\/v2\/product"}],"about":[{"href":"https:\/\/pruebas.michollo.to\/pt\/wp-json\/wp\/v2\/types\/product"}],"replies":[{"embeddable":true,"href":"https:\/\/pruebas.michollo.to\/pt\/wp-json\/wp\/v2\/comments?post=627"}],"wp:featuredmedia":[{"embeddable":true,"href":"https:\/\/pruebas.michollo.to\/pt\/wp-json\/wp\/v2\/media\/628"}],"wp:attachment":[{"href":"https:\/\/pruebas.michollo.to\/pt\/wp-json\/wp\/v2\/media?parent=627"}],"wp:term":[{"taxonomy":"product_brand","embeddable":true,"href":"https:\/\/pruebas.michollo.to\/pt\/wp-json\/wp\/v2\/product_brand?post=627"},{"taxonomy":"product_cat","embeddable":true,"href":"https:\/\/pruebas.michollo.to\/pt\/wp-json\/wp\/v2\/product_cat?post=627"},{"taxonomy":"product_tag","embeddable":true,"href":"https:\/\/pruebas.michollo.to\/pt\/wp-json\/wp\/v2\/product_tag?post=627"}],"curies":[{"name":"wp","href":"https:\/\/api.w.org\/{rel}","templated":true}]}}